{"id":8880,"date":"2025-03-28T13:42:33","date_gmt":"2025-03-28T17:42:33","guid":{"rendered":"https:\/\/stjuliasilercity.org\/?page_id=8880"},"modified":"2025-05-01T12:50:04","modified_gmt":"2025-05-01T16:50:04","slug":"facilities-and-growth","status":"publish","type":"page","link":"https:\/\/stjuliasilercity.org\/es\/facilities-and-growth\/","title":{"rendered":"Facilities and Growth"},"content":{"rendered":"<div class=\"wpb-content-wrapper\"><div class=\"vc_row wpb_row vc_row-fluid mkdf-section mkdf-content-aligment-left\" style=\"\"><div class=\"clearfix mkdf-full-section-inner\"><div class=\"wpb_column vc_column_container vc_col-sm-12\"><div class=\"vc_column-inner\"><div class=\"wpb_wrapper\"><div data-original-height=\"40\" class=\"vc_empty_space\" style=\" style=&quot;height: 40px&quot;\" >\n\t<span class=\"vc_empty_space_inner\"><\/span>\n<\/div>\n\n\t<div class=\"wpb_text_column wpb_content_element\" >\n\t\t<div class=\"wpb_wrapper\">\n\t\t\t<h1 style=\"text-align: center;\">St. Julia&#8217;s Building and Facilities<br \/>\nEdificio e instalaciones de Santa Julia<\/h1>\n<p class=\"text-align-left m-text-align-center size-16\" style=\"text-align: center;\"><strong>Making progress, expanding to serve our growing community!<\/strong><br \/>\n<strong>\u00a1Avanza en su expansi\u00f3n, para servir a nuestra creciente comunidad!<\/strong><\/p>\n\n\t\t<\/div>\n\t<\/div>\n<div data-original-height=\"40\" class=\"vc_empty_space\" style=\" style=&quot;height: 40px&quot;\" >\n\t<span class=\"vc_empty_space_inner\"><\/span>\n<\/div>\n<\/div><\/div><\/div><\/div><\/div><div class=\"vc_row wpb_row vc_row-fluid mkdf-section mkdf-content-aligment-left\" style=\"\"><div class=\"clearfix mkdf-full-section-inner\"><div class=\"wpb_column vc_column_container vc_col-sm-4\"><div class=\"vc_column-inner\"><div class=\"wpb_wrapper\"><div data-original-height=\"10\" class=\"vc_empty_space\" style=\" style=&quot;height: 10px&quot;\" >\n\t<span class=\"vc_empty_space_inner\"><\/span>\n<\/div>\n\n\t<div  class=\"wpb_single_image wpb_content_element vc_align_center wpb_content_element\">\n\t\t\n\t\t<figure class=\"wpb_wrapper vc_figure\">\n\t\t\t<div class=\"vc_single_image-wrapper   vc_box_border_grey\"><img loading=\"lazy\" decoding=\"async\" width=\"600\" height=\"452\" src=\"https:\/\/i0.wp.com\/stjuliasilercity.org\/wp-content\/uploads\/2025\/03\/IMG_20250325_091555715_HDR-scaled-e1758301668262.jpg?fit=600%2C452&amp;ssl=1\" class=\"vc_single_image-img attachment-large\" alt=\"\" title=\"IMG_20250325_091555715_HDR\" \/><\/div>\n\t\t<\/figure>\n\t<\/div>\n<div data-original-height=\"10\" class=\"vc_empty_space\" style=\" style=&quot;height: 10px&quot;\" >\n\t<span class=\"vc_empty_space_inner\"><\/span>\n<\/div>\n<\/div><\/div><\/div><div class=\"wpb_column vc_column_container vc_col-sm-4\"><div class=\"vc_column-inner\"><div class=\"wpb_wrapper\">\n\t<div class=\"wpb_text_column wpb_content_element wpb_animate_when_almost_visible wpb_slideInLeft slideInLeft\" >\n\t\t<div class=\"wpb_wrapper\">\n\t\t\t<div id=\"1971147195\" class=\"u_1971147195 dmRespRow\" data-anim-desktop=\"fadeInRight\">\n<div id=\"1229874173\" class=\"dmRespColsWrapper\">\n<div id=\"1645021275\" class=\"u_1645021275 dmRespCol small-12 large-2 medium-2\">\n<div id=\"1061080451\" class=\"u_1061080451 dmNewParagraph\" data-element-type=\"paragraph\" data-version=\"5\">\n<h1 class=\"m-size-36 text-align-left m-text-align-center size-55\"><a href=\"https:\/\/stjuliasilercity.org\/es\/master-plan\/\"><strong>01\u00a0<\/strong><strong><span style=\"font-size: 16px;\">PLAN MAESTRO<\/span><\/strong><\/a><\/h1>\n<\/div>\n<\/div>\n<div id=\"1006575254\" class=\"u_1006575254 dmRespCol small-12 large-4 medium-4\">\n<div id=\"1422641318\" class=\"u_1422641318 dmNewParagraph\" data-version=\"5\">\n<p>What\u2019s our vision for the future of the St. Julia campus?<br \/>\n\u00bfCu\u00e1l es nuestra visi\u00f3n para el futuro del campus de St. Julia?<\/p>\n<\/div>\n<\/div>\n<\/div>\n<\/div>\n\n\t\t<\/div>\n\t<\/div>\n\n\t<div class=\"wpb_text_column wpb_content_element wpb_animate_when_almost_visible wpb_zoomInRight zoomInRight\" >\n\t\t<div class=\"wpb_wrapper\">\n\t\t\t<div id=\"1971147195\" class=\"u_1971147195 dmRespRow\" data-anim-desktop=\"fadeInRight\">\n<div id=\"1229874173\" class=\"dmRespColsWrapper\">\n<div id=\"1645021275\" class=\"u_1645021275 dmRespCol small-12 large-2 medium-2\">\n<div id=\"1061080451\" class=\"u_1061080451 dmNewParagraph\" data-element-type=\"paragraph\" data-version=\"5\">\n<h1 class=\"m-size-36 text-align-left m-text-align-center size-55\"><a href=\"https:\/\/stjuliasilercity.org\/es\/capital-campaign\/\"><strong>02\u00a0 <span style=\"font-size: 16px;\">CAPITAL CAMPAIGN<\/span><\/strong><\/a><\/h1>\n<\/div>\n<\/div>\n<div id=\"1006575254\" class=\"u_1006575254 dmRespCol small-12 large-4 medium-4\">\n<div id=\"1422641318\" class=\"u_1422641318 dmNewParagraph\" data-version=\"5\">\n<p>Raising funds to realize our plans. Check back here to see how you can give or pledge.<br \/>\nRecaudando fondos para hacer realidad nuestros planes. Vuelve aqu\u00ed para ver c\u00f3mo puedes donar o contribuir.<\/p>\n<\/div>\n<\/div>\n<\/div>\n<\/div>\n\n\t\t<\/div>\n\t<\/div>\n<\/div><\/div><\/div><div class=\"wpb_column vc_column_container vc_col-sm-4\"><div class=\"vc_column-inner\"><div class=\"wpb_wrapper\">\n\t<div class=\"wpb_text_column wpb_content_element wpb_animate_when_almost_visible wpb_slideInLeft slideInLeft\" >\n\t\t<div class=\"wpb_wrapper\">\n\t\t\t<div id=\"1971147195\" class=\"u_1971147195 dmRespRow\" data-anim-desktop=\"fadeInRight\">\n<div id=\"1229874173\" class=\"dmRespColsWrapper\">\n<div id=\"1645021275\" class=\"u_1645021275 dmRespCol small-12 large-2 medium-2\">\n<div id=\"1061080451\" class=\"u_1061080451 dmNewParagraph\" data-element-type=\"paragraph\" data-version=\"5\">\n<h1 class=\"m-size-36 text-align-left m-text-align-center size-55\"><strong>03<\/strong> <strong><span style=\"font-size: 16px;\">PRAY WITH US<\/span><\/strong><\/h1>\n<div id=\"1006575254\" class=\"u_1006575254 dmRespCol small-12 large-4 medium-4\">\n<div id=\"1422641318\" class=\"u_1422641318 dmNewParagraph\" data-version=\"5\">\n<p class=\"text-align-left m-text-align-center\">Download PRAYER<br \/>\nUnless the Lord build the house, they labor in vain who build. Psalm 127:1<\/p>\n<\/div>\n<\/div>\n<\/div>\n<\/div>\n<\/div>\n<\/div>\n\n\t\t<\/div>\n\t<\/div>\n\n\t<div class=\"wpb_text_column wpb_content_element wpb_animate_when_almost_visible wpb_slideInRight slideInRight\" >\n\t\t<div class=\"wpb_wrapper\">\n\t\t\t<div id=\"1971147195\" class=\"u_1971147195 dmRespRow\" data-anim-desktop=\"fadeInRight\">\n<div id=\"1229874173\" class=\"dmRespColsWrapper\">\n<div id=\"1645021275\" class=\"u_1645021275 dmRespCol small-12 large-2 medium-2\">\n<div id=\"1061080451\" class=\"u_1061080451 dmNewParagraph\" data-element-type=\"paragraph\" data-version=\"5\">\n<h1 class=\"m-size-36 text-align-left m-text-align-center size-55\"><a href=\"https:\/\/stjuliasilercity.org\/es\/how-you-can-help\/\"><strong>04 <span style=\"font-size: 16px;\">HOW YOU CAN HELP<\/span><\/strong><\/a><\/h1>\n<\/div>\n<\/div>\n<div id=\"1006575254\" class=\"u_1006575254 dmRespCol small-12 large-4 medium-4\">\n<div id=\"1422641318\" class=\"u_1422641318 dmNewParagraph\" data-version=\"5\">\n<p class=\"text-align-left m-text-align-center\">Contact our New Facilities ministry team<span class=\"font-size-15\"> to help in various ways.\u00a0<\/span><\/p>\n<\/div>\n<\/div>\n<\/div>\n<\/div>\n\n\t\t<\/div>\n\t<\/div>\n<\/div><\/div><\/div><\/div><\/div><div class=\"vc_row wpb_row vc_row-fluid mkdf-section mkdf-content-aligment-left\" style=\"\"><div class=\"clearfix mkdf-full-section-inner\"><div class=\"wpb_column vc_column_container vc_col-sm-12\"><div class=\"vc_column-inner\"><div class=\"wpb_wrapper\"><div data-original-height=\"120\" class=\"vc_empty_space\" style=\" style=&quot;height: 120px&quot;\" >\n\t<span class=\"vc_empty_space_inner\"><\/span>\n<\/div>\n<\/div><\/div><\/div><\/div><\/div><div class=\"vc_row wpb_row vc_row-fluid mkdf-section mkdf-content-aligment-left\" style=\"\"><div class=\"clearfix mkdf-full-section-inner\"><div class=\"wpb_column vc_column_container vc_col-sm-3\"><div class=\"vc_column-inner\"><div class=\"wpb_wrapper\"><div data-original-height=\"50\" class=\"vc_empty_space\" style=\" style=&quot;height: 50px&quot;\" >\n\t<span class=\"vc_empty_space_inner\"><\/span>\n<\/div>\n\n\t<div  class=\"wpb_single_image wpb_content_element vc_align_center wpb_content_element\">\n\t\t\n\t\t<figure class=\"wpb_wrapper vc_figure\">\n\t\t\t<div class=\"vc_single_image-wrapper   vc_box_border_grey\"><img decoding=\"async\" class=\"vc_single_image-img\" src=\"https:\/\/i0.wp.com\/stjuliasilercity.org\/wp-content\/uploads\/2025\/04\/487323385_638376978798072_1447408885905400926_n-e1756827656383-300x300.jpg\" width=\"300\" height=\"300\" alt=\"487323385_638376978798072_1447408885905400926_n\" title=\"487323385_638376978798072_1447408885905400926_n\" loading=\"lazy\" \/><\/div>\n\t\t<\/figure>\n\t<\/div>\n<div data-original-height=\"32\" class=\"vc_empty_space\" style=\" style=&quot;height: 32px&quot;\" >\n\t<span class=\"vc_empty_space_inner\"><\/span>\n<\/div>\n\n\t<div class=\"wpb_text_column wpb_content_element\" >\n\t\t<div class=\"wpb_wrapper\">\n\t\t\t<h3 style=\"text-align: center;\">Who We Are \/ Quienes Somos<\/h3>\n<p style=\"text-align: center;\">Our parish family celebrates the many different cultures and life experiences of our people. Click here to learn more about us and our goals for the future.<\/p>\n<p style=\"text-align: center;\">Nuestra familia parroquial celebra las diversas culturas y experiencias de vida de nuestra gente. Haga clic aqu\u00ed para conocer m\u00e1s sobre nosotros y nuestras metas para el futuro.<\/p>\n\n\t\t<\/div>\n\t<\/div>\n\n\t<div class=\"wpb_text_column wpb_content_element\" >\n\t\t<div class=\"wpb_wrapper\">\n\t\t\t<p style=\"text-align: center;\"><a href=\"https:\/\/stjuliasilercity.org\/es\/self-study\/\" target=\"_self\" style=\"color: Blue;border-color: Blue\" class=\"mkdf-btn mkdf-btn-medium mkdf-btn-outline mkdf-btn-custom-hover-bg mkdf-btn-custom-border-hover mkdf-btn-custom-hover-color mkdf-btn-hover-solid\" data-hover-bg-color=\"Blue\" data-hover-color=\"White\" data-hover-border-color=\"White\" >\n\t\n\t\t<span class=\"mkdf-btn-text\">Click Here \/ Haga Clic<\/span>\n<\/a><\/p>\n\n\t\t<\/div>\n\t<\/div>\n<div data-original-height=\"32\" class=\"vc_empty_space\" style=\" style=&quot;height: 32px&quot;\" >\n\t<span class=\"vc_empty_space_inner\"><\/span>\n<\/div>\n<\/div><\/div><\/div><div class=\"wpb_column vc_column_container vc_col-sm-3\"><div class=\"vc_column-inner\"><div class=\"wpb_wrapper\"><div data-original-height=\"50\" class=\"vc_empty_space\" style=\" style=&quot;height: 50px&quot;\" >\n\t<span class=\"vc_empty_space_inner\"><\/span>\n<\/div>\n\n\t<div  class=\"wpb_single_image wpb_content_element vc_align_center wpb_content_element\">\n\t\t\n\t\t<figure class=\"wpb_wrapper vc_figure\">\n\t\t\t<div class=\"vc_single_image-wrapper   vc_box_border_grey\"><img decoding=\"async\" class=\"vc_single_image-img\" src=\"https:\/\/i0.wp.com\/stjuliasilercity.org\/wp-content\/uploads\/2024\/08\/Friar-Julio-Kids-e1722968638929-300x300.jpeg\" width=\"300\" height=\"300\" alt=\"Friar Julio Kids\" title=\"Friar Julio Kids\" loading=\"lazy\" \/><\/div>\n\t\t<\/figure>\n\t<\/div>\n<div data-original-height=\"32\" class=\"vc_empty_space\" style=\" style=&quot;height: 32px&quot;\" >\n\t<span class=\"vc_empty_space_inner\"><\/span>\n<\/div>\n\n\t<div class=\"wpb_text_column wpb_content_element\" >\n\t\t<div class=\"wpb_wrapper\">\n\t\t\t<h3 style=\"text-align: center;\">Parish Self Study \/ Autoestudio Parroquial<\/h3>\n<p style=\"text-align: center;\">RECOGNIZING OUR NEEDS<br \/>\nLearn about how we looked to the future to define our needs and goals.<\/p>\n<p style=\"text-align: center;\">RECONOCIENDO NUESTRAS NECESIDADES<br \/>\nDescubre c\u00f3mo miramos al futuro para definir nuestras necesidades y objetivos.<\/p>\n\n\t\t<\/div>\n\t<\/div>\n\n\t<div class=\"wpb_text_column wpb_content_element\" >\n\t\t<div class=\"wpb_wrapper\">\n\t\t\t<p style=\"text-align: center;\"><a href=\"https:\/\/stjuliasilercity.org\/es\/understanding-the-self-study\/\" target=\"_self\" style=\"color: Blue;border-color: Blue\" class=\"mkdf-btn mkdf-btn-medium mkdf-btn-outline mkdf-btn-custom-hover-bg mkdf-btn-custom-border-hover mkdf-btn-custom-hover-color mkdf-btn-hover-solid\" data-hover-bg-color=\"Blue\" data-hover-color=\"White\" data-hover-border-color=\"White\" >\n\t\n\t\t<span class=\"mkdf-btn-text\">Click Here \/ Haga Clic<\/span>\n<\/a><\/p>\n\n\t\t<\/div>\n\t<\/div>\n<div data-original-height=\"32\" class=\"vc_empty_space\" style=\" style=&quot;height: 32px&quot;\" >\n\t<span class=\"vc_empty_space_inner\"><\/span>\n<\/div>\n<\/div><\/div><\/div><div class=\"wpb_column vc_column_container vc_col-sm-3\"><div class=\"vc_column-inner\"><div class=\"wpb_wrapper\"><div data-original-height=\"50\" class=\"vc_empty_space\" style=\" style=&quot;height: 50px&quot;\" >\n\t<span class=\"vc_empty_space_inner\"><\/span>\n<\/div>\n\n\t<div  class=\"wpb_single_image wpb_content_element vc_align_center wpb_content_element\">\n\t\t\n\t\t<figure class=\"wpb_wrapper vc_figure\">\n\t\t\t<div class=\"vc_single_image-wrapper   vc_box_border_grey\"><img decoding=\"async\" class=\"vc_single_image-img\" src=\"https:\/\/i0.wp.com\/stjuliasilercity.org\/wp-content\/uploads\/2021\/08\/Saint-Julia_full_cropped-300x300.jpg\" width=\"300\" height=\"300\" alt=\"Saint Julia_full_cropped\" title=\"Saint Julia_full_cropped\" loading=\"lazy\" \/><\/div>\n\t\t<\/figure>\n\t<\/div>\n<div data-original-height=\"32\" class=\"vc_empty_space\" style=\" style=&quot;height: 32px&quot;\" >\n\t<span class=\"vc_empty_space_inner\"><\/span>\n<\/div>\n\n\t<div class=\"wpb_text_column wpb_content_element\" >\n\t\t<div class=\"wpb_wrapper\">\n\t\t\t<h3 style=\"text-align: center;\">Master Plan \/ Plan Maestro<\/h3>\n<p style=\"text-align: center;\">With growth rates as they are currently in our area, here is our plan to help accommodate our parish groups, families and parish future.<\/p>\n<p style=\"text-align: center;\">Con las tasas de crecimiento actuales en nuestra \u00e1rea, aqu\u00ed est\u00e1 nuestro plan para ayudar a acomodar a nuestros grupos parroquiales, familias y el futuro de la parroquia.<\/p>\n\n\t\t<\/div>\n\t<\/div>\n\n\t<div class=\"wpb_text_column wpb_content_element\" >\n\t\t<div class=\"wpb_wrapper\">\n\t\t\t<p style=\"text-align: center;\"><a href=\"https:\/\/stjuliasilercity.org\/es\/master-plan\/\" target=\"_self\" style=\"color: Blue;border-color: Blue\" class=\"mkdf-btn mkdf-btn-medium mkdf-btn-outline mkdf-btn-custom-hover-bg mkdf-btn-custom-border-hover mkdf-btn-custom-hover-color mkdf-btn-hover-solid\" data-hover-bg-color=\"Blue\" data-hover-color=\"White\" data-hover-border-color=\"White\" >\n\t\n\t\t<span class=\"mkdf-btn-text\">Click Here \/ Haga Clic<\/span>\n<\/a><\/p>\n\n\t\t<\/div>\n\t<\/div>\n<div data-original-height=\"32\" class=\"vc_empty_space\" style=\" style=&quot;height: 32px&quot;\" >\n\t<span class=\"vc_empty_space_inner\"><\/span>\n<\/div>\n<\/div><\/div><\/div><div class=\"wpb_column vc_column_container vc_col-sm-3\"><div class=\"vc_column-inner\"><div class=\"wpb_wrapper\"><div data-original-height=\"50\" class=\"vc_empty_space\" style=\" style=&quot;height: 50px&quot;\" >\n\t<span class=\"vc_empty_space_inner\"><\/span>\n<\/div>\n\n\t<div  class=\"wpb_single_image wpb_content_element vc_align_center wpb_content_element\">\n\t\t\n\t\t<figure class=\"wpb_wrapper vc_figure\">\n\t\t\t<div class=\"vc_single_image-wrapper   vc_box_border_grey\"><img decoding=\"async\" class=\"vc_single_image-img\" src=\"https:\/\/i0.wp.com\/stjuliasilercity.org\/wp-content\/uploads\/2025\/04\/Under-Construction-e1756827506209-300x300.png\" width=\"300\" height=\"300\" alt=\"Under Construction\" title=\"Under Construction\" loading=\"lazy\" \/><\/div>\n\t\t<\/figure>\n\t<\/div>\n<div data-original-height=\"32\" class=\"vc_empty_space\" style=\" style=&quot;height: 32px&quot;\" >\n\t<span class=\"vc_empty_space_inner\"><\/span>\n<\/div>\n\n\t<div class=\"wpb_text_column wpb_content_element\" >\n\t\t<div class=\"wpb_wrapper\">\n\t\t\t<h3 style=\"text-align: center;\">Updates \/ Actualizaciones<\/h3>\n<p style=\"text-align: center;\">Join us here for project updates as we move forward to turn our parish master plan into reality.<\/p>\n<p style=\"text-align: center;\">\u00danase a nosotros aqu\u00ed para recibir actualizaciones del proyecto a medida que avanzamos para convertir nuestro plan maestro parroquial en realidad.<\/p>\n\n\t\t<\/div>\n\t<\/div>\n\n\t<div class=\"wpb_text_column wpb_content_element\" >\n\t\t<div class=\"wpb_wrapper\">\n\t\t\t<p style=\"text-align: center;\"><a href=\"https:\/\/stjuliasilercity.org\/es\/construction\/\" target=\"_self\" style=\"color: Blue;border-color: Blue\" class=\"mkdf-btn mkdf-btn-medium mkdf-btn-outline mkdf-btn-custom-hover-bg mkdf-btn-custom-border-hover mkdf-btn-custom-hover-color mkdf-btn-hover-solid\" data-hover-bg-color=\"Blue\" data-hover-color=\"White\" data-hover-border-color=\"White\" >\n\t\n\t\t<span class=\"mkdf-btn-text\">Click Here \/ Haga Clic<\/span>\n<\/a><\/p>\n\n\t\t<\/div>\n\t<\/div>\n<div data-original-height=\"32\" class=\"vc_empty_space\" style=\" style=&quot;height: 32px&quot;\" >\n\t<span class=\"vc_empty_space_inner\"><\/span>\n<\/div>\n<\/div><\/div><\/div><\/div><\/div><div class=\"vc_row wpb_row vc_row-fluid mkdf-section mkdf-content-aligment-left\" style=\"\"><div class=\"clearfix mkdf-full-section-inner\"><div class=\"wpb_column vc_column_container vc_col-sm-12\"><div class=\"vc_column-inner\"><div class=\"wpb_wrapper\"><div data-original-height=\"100\" class=\"vc_empty_space\" style=\" style=&quot;height: 100px&quot;\" >\n\t<span class=\"vc_empty_space_inner\"><\/span>\n<\/div>\n<\/div><\/div><\/div><\/div><\/div>\n<\/div>","protected":false},"excerpt":{"rendered":"St. Julia's Building and Facilities Edificio e instalaciones de Santa Julia Making progress, expanding to serve our growing community! \u00a1Avanza en su expansi\u00f3n, para servir a nuestra creciente comunidad! 01\u00a0MASTER PLAN What\u2019s...","protected":false},"author":6,"featured_media":0,"parent":0,"menu_order":0,"comment_status":"closed","ping_status":"closed","template":"","meta":{"advanced_seo_description":"","jetpack_seo_html_title":"","jetpack_seo_noindex":false,"footnotes":""},"class_list":["post-8880","page","type-page","status-publish","hentry"],"jetpack_sharing_enabled":true,"_links":{"self":[{"href":"https:\/\/stjuliasilercity.org\/es\/wp-json\/wp\/v2\/pages\/8880","targetHints":{"allow":["GET"]}}],"collection":[{"href":"https:\/\/stjuliasilercity.org\/es\/wp-json\/wp\/v2\/pages"}],"about":[{"href":"https:\/\/stjuliasilercity.org\/es\/wp-json\/wp\/v2\/types\/page"}],"author":[{"embeddable":true,"href":"https:\/\/stjuliasilercity.org\/es\/wp-json\/wp\/v2\/users\/6"}],"replies":[{"embeddable":true,"href":"https:\/\/stjuliasilercity.org\/es\/wp-json\/wp\/v2\/comments?post=8880"}],"version-history":[{"count":40,"href":"https:\/\/stjuliasilercity.org\/es\/wp-json\/wp\/v2\/pages\/8880\/revisions"}],"predecessor-version":[{"id":9366,"href":"https:\/\/stjuliasilercity.org\/es\/wp-json\/wp\/v2\/pages\/8880\/revisions\/9366"}],"wp:attachment":[{"href":"https:\/\/stjuliasilercity.org\/es\/wp-json\/wp\/v2\/media?parent=8880"}],"curies":[{"name":"wp","href":"https:\/\/api.w.org\/{rel}","templated":true}]}}