{"id":8394,"date":"2025-02-05T11:14:00","date_gmt":"2025-02-05T16:14:00","guid":{"rendered":"https:\/\/stjuliasilercity.org\/?page_id=8394"},"modified":"2026-03-26T11:00:52","modified_gmt":"2026-03-26T15:00:52","slug":"special-services","status":"publish","type":"page","link":"https:\/\/stjuliasilercity.org\/es\/special-services\/","title":{"rendered":"Special Services"},"content":{"rendered":"<div class=\"wpb-content-wrapper\"><div class=\"vc_row wpb_row vc_row-fluid mkdf-section mkdf-content-aligment-left\" style=\"\"><div class=\"clearfix mkdf-full-section-inner\"><div class=\"wpb_column vc_column_container vc_col-sm-4\"><div class=\"vc_column-inner\"><div class=\"wpb_wrapper\">\n\t<div class=\"wpb_text_column wpb_content_element\" >\n\t\t<div class=\"wpb_wrapper\">\n\t\t\t<h3 style=\"text-align: center;\">First Friday Services \/ Servicios del primer viernes<\/h3>\n<p style=\"text-align: center;\"><span style=\"color: #ff0000;\"><strong>CANCELLED FOR APRIL \/<br \/>\nCANCELADO PARA ABRIL<\/strong><\/span><\/p>\n\n\t\t<\/div>\n\t<\/div>\n<div data-original-height=\"32\" class=\"vc_empty_space\" style=\" style=&quot;height: 32px&quot;\" >\n\t<span class=\"vc_empty_space_inner\"><\/span>\n<\/div>\n\n\t<div  class=\"wpb_single_image wpb_content_element vc_align_center wpb_content_element\">\n\t\t\n\t\t<figure class=\"wpb_wrapper vc_figure\">\n\t\t\t<div class=\"vc_single_image-wrapper   vc_box_border_grey\"><img loading=\"lazy\" decoding=\"async\" width=\"300\" height=\"300\" src=\"https:\/\/i0.wp.com\/stjuliasilercity.org\/wp-content\/uploads\/2024\/08\/adoration-e1756908294916.png?fit=300%2C300&amp;ssl=1\" class=\"vc_single_image-img attachment-medium\" alt=\"Photo of monstrance, healing hand blessing a person bowing down adoration\" title=\"adoration\" \/><\/div>\n\t\t<\/figure>\n\t<\/div>\n\n\t<div class=\"wpb_text_column wpb_content_element\" >\n\t\t<div class=\"wpb_wrapper\">\n\t\t\t<p style=\"text-align: center;\"><strong>Healing Service and Eucharistic Adoration<\/strong><\/p>\n<ul>\n<li style=\"text-align: left;\">First Friday Mass will be held every First Friday of the month at 8:30am (bilingual)<\/li>\n<li style=\"text-align: left;\">Eucharistic Adoration until 10 a.m.<\/li>\n<li style=\"text-align: left;\">Healing Service in Spanish- at 7:00- 9:00PM (in Spanish)<\/li>\n<\/ul>\n<p style=\"text-align: center;\"><strong>Servicio de Sanaci\u00f3n y Adoraci\u00f3n Eucar\u00edstica<\/strong><\/p>\n<ul>\n<li style=\"text-align: left;\">La misa del primer viernes se llevar\u00e1 a cabo cada primer viernes del mes a las 8:30 am (biling\u00fce)<\/li>\n<li style=\"text-align: left;\">Adoraci\u00f3n eucar\u00edstica hasta las 10 a. m.<\/li>\n<li style=\"text-align: left;\">Servicio de sanaci\u00f3n en espa\u00f1ol: de 7:00 a 9:00 p. m. (en espa\u00f1ol)<\/li>\n<\/ul>\n\n\t\t<\/div>\n\t<\/div>\n<\/div><\/div><\/div><div class=\"wpb_column vc_column_container vc_col-sm-4\"><div class=\"vc_column-inner\"><div class=\"wpb_wrapper\">\n\t<div class=\"wpb_text_column wpb_content_element\" >\n\t\t<div class=\"wpb_wrapper\">\n\t\t\t<h3 style=\"text-align: center;\">Second Friday Services \/ Servicios del segundo viernes<\/h3>\n<p style=\"text-align: center;\"><strong><span style=\"color: #ff0000;\">CANCELLED FOR MARCH AND APRIL \/<br \/>\nCANCELADO PARA MARZO Y ABRIL<\/span><\/strong><\/p>\n\n\t\t<\/div>\n\t<\/div>\n<div data-original-height=\"32\" class=\"vc_empty_space\" style=\" style=&quot;height: 32px&quot;\" >\n\t<span class=\"vc_empty_space_inner\"><\/span>\n<\/div>\n\n\t<div  class=\"wpb_single_image wpb_content_element vc_align_center wpb_content_element\">\n\t\t\n\t\t<figure class=\"wpb_wrapper vc_figure\">\n\t\t\t<div class=\"vc_single_image-wrapper   vc_box_border_grey\"><img loading=\"lazy\" decoding=\"async\" width=\"300\" height=\"300\" src=\"https:\/\/i0.wp.com\/stjuliasilercity.org\/wp-content\/uploads\/2024\/08\/Holy-Orders-e1756907932430.png?fit=300%2C300&amp;ssl=1\" class=\"vc_single_image-img attachment-medium\" alt=\"photo of hands in prayer on bible and cross in background sunray in window\" title=\"Holy Orders\" \/><\/div>\n\t\t<\/figure>\n\t<\/div>\n\n\t<div class=\"wpb_text_column wpb_content_element\" >\n\t\t<div class=\"wpb_wrapper\">\n\t\t\t<p style=\"text-align: center;\"><strong>Silent Contemplative Prayer\u00a0<\/strong><\/p>\n<p style=\"text-align: center;\">Contemplative Prayer in silence: begins at 7:00PM<\/p>\n<p style=\"text-align: center;\">For more information on Franciscan Spirituality or Franciscan Contemplative prayer\u00a0<a href=\"https:\/\/stjuliasilercity.org\/es\/about-conventual-franciscan-friars\/\">CLICK HERE!\u00a0<\/a><\/p>\n<p style=\"text-align: center;\"><strong>Oraci\u00f3n Contemplativa Silenciosa<\/strong><\/p>\n<p style=\"text-align: center;\">Oraci\u00f3n contemplativa en silencio: comienza a las 7:00<\/p>\n<p style=\"text-align: center;\">Para m\u00e1s informaci\u00f3n sobre la Espiritualidad Franciscana o la oraci\u00f3n contemplativa franciscana\u00a0<a href=\"https:\/\/stjuliasilercity.org\/es\/about-conventual-franciscan-friars\/\">\u00a1HAGA CLIC AQU\u00cd!<\/a><\/p>\n\n\t\t<\/div>\n\t<\/div>\n<\/div><\/div><\/div><div class=\"wpb_column vc_column_container vc_col-sm-4\"><div class=\"vc_column-inner\"><div class=\"wpb_wrapper\">\n\t<div class=\"wpb_text_column wpb_content_element\" >\n\t\t<div class=\"wpb_wrapper\">\n\t\t\t<h3 style=\"text-align: center;\">Third Friday Services \/ Servicios del tercer viernes<\/h3>\n<p style=\"text-align: center;\"><strong><span style=\"color: #ff0000;\">CANCELLED FOR MARCH \/<br \/>\nCANCELADO PARA MARZO<\/span><\/strong><\/p>\n\n\t\t<\/div>\n\t<\/div>\n<div data-original-height=\"32\" class=\"vc_empty_space\" style=\" style=&quot;height: 32px&quot;\" >\n\t<span class=\"vc_empty_space_inner\"><\/span>\n<\/div>\n\n\t<div  class=\"wpb_single_image wpb_content_element vc_align_center wpb_content_element\">\n\t\t\n\t\t<figure class=\"wpb_wrapper vc_figure\">\n\t\t\t<div class=\"vc_single_image-wrapper   vc_box_border_grey\"><img loading=\"lazy\" decoding=\"async\" width=\"300\" height=\"300\" src=\"https:\/\/i0.wp.com\/stjuliasilercity.org\/wp-content\/uploads\/2025\/02\/adoration-square-e1756910699170.png?fit=300%2C300&amp;ssl=1\" class=\"vc_single_image-img attachment-medium\" alt=\"\" title=\"adoration square\" \/><\/div>\n\t\t<\/figure>\n\t<\/div>\n\n\t<div class=\"wpb_text_column wpb_content_element\" >\n\t\t<div class=\"wpb_wrapper\">\n\t\t\t<p style=\"text-align: center;\"><strong>Youth Nights for youth and young adults in the community<\/strong><\/p>\n<p style=\"text-align: center;\">Every third Friday 7:00PM-9:00PM<\/p>\n<p style=\"text-align: center;\">Upbeat music, adoration with our Lord, invigorating speakers.\u00a0 Followed by a social hour with food, music and much more.<\/p>\n<p style=\"text-align: center;\">Keep your eye on the\u00a0<a href=\"https:\/\/stjuliasilercity.org\/es\/youth-children-page\/\">Digital Cafe<\/a> for more details.<\/p>\n<p style=\"text-align: center;\"><strong>\u00a0Noche de la Juventud para j\u00f3venes y adultos j\u00f3venes de la comunidad:<\/strong><\/p>\n<p style=\"text-align: center;\">Cada tercer viernes de 7:00 a 9:00<\/p>\n<p style=\"text-align: center;\">M\u00fasica animada, adoraci\u00f3n con nuestro Se\u00f1or, oradores estimulantes.\u00a0Seguido de una hora social con comida, m\u00fasica y mucho m\u00e1s.<\/p>\n<p style=\"text-align: center;\">Visita el <a href=\"https:\/\/stjuliasilercity.org\/es\/youth-children-page\/\">Caf\u00e9 Digital<\/a>\u00a0para m\u00e1s detalles.<\/p>\n\n\t\t<\/div>\n\t<\/div>\n<\/div><\/div><\/div><\/div><\/div>\n<\/div>","protected":false},"excerpt":{"rendered":"First Friday Services \/ Servicios del primer viernes CANCELLED FOR APRIL \/ CANCELADO PARA ABRIL Healing Service and Eucharistic Adoration First Friday Mass will be held every First Friday of the month...","protected":false},"author":6,"featured_media":0,"parent":0,"menu_order":0,"comment_status":"closed","ping_status":"closed","template":"","meta":{"advanced_seo_description":"","jetpack_seo_html_title":"","jetpack_seo_noindex":false,"footnotes":""},"class_list":["post-8394","page","type-page","status-publish","hentry"],"jetpack_sharing_enabled":true,"_links":{"self":[{"href":"https:\/\/stjuliasilercity.org\/es\/wp-json\/wp\/v2\/pages\/8394","targetHints":{"allow":["GET"]}}],"collection":[{"href":"https:\/\/stjuliasilercity.org\/es\/wp-json\/wp\/v2\/pages"}],"about":[{"href":"https:\/\/stjuliasilercity.org\/es\/wp-json\/wp\/v2\/types\/page"}],"author":[{"embeddable":true,"href":"https:\/\/stjuliasilercity.org\/es\/wp-json\/wp\/v2\/users\/6"}],"replies":[{"embeddable":true,"href":"https:\/\/stjuliasilercity.org\/es\/wp-json\/wp\/v2\/comments?post=8394"}],"version-history":[{"count":13,"href":"https:\/\/stjuliasilercity.org\/es\/wp-json\/wp\/v2\/pages\/8394\/revisions"}],"predecessor-version":[{"id":12319,"href":"https:\/\/stjuliasilercity.org\/es\/wp-json\/wp\/v2\/pages\/8394\/revisions\/12319"}],"wp:attachment":[{"href":"https:\/\/stjuliasilercity.org\/es\/wp-json\/wp\/v2\/media?parent=8394"}],"curies":[{"name":"wp","href":"https:\/\/api.w.org\/{rel}","templated":true}]}}