{"id":7817,"date":"2024-11-20T12:50:27","date_gmt":"2024-11-20T17:50:27","guid":{"rendered":"https:\/\/stjuliasilercity.org\/?page_id=7817"},"modified":"2025-11-25T16:39:05","modified_gmt":"2025-11-25T21:39:05","slug":"las-posadas","status":"publish","type":"page","link":"https:\/\/stjuliasilercity.org\/es\/celebrations\/las-posadas\/","title":{"rendered":"Las Posadas"},"content":{"rendered":"<div class=\"wpb-content-wrapper\"><div class=\"vc_row wpb_row vc_row-fluid mkdf-section mkdf-content-aligment-left\" style=\"\"><div class=\"clearfix mkdf-full-section-inner\"><div class=\"wpb_column vc_column_container vc_col-sm-12\"><div class=\"vc_column-inner\"><div class=\"wpb_wrapper\">\n\t<div class=\"wpb_text_column wpb_content_element\" >\n\t\t<div class=\"wpb_wrapper\">\n\t\t\t<p><img data-recalc-dims=\"1\" loading=\"lazy\" decoding=\"async\" class=\"size-medium wp-image-7818 aligncenter\" src=\"https:\/\/i0.wp.com\/stjuliasilercity.org\/wp-content\/uploads\/2024\/11\/Untitled-design-19.png?resize=300%2C300&#038;ssl=1\" alt=\"\" width=\"300\" height=\"300\" \/><\/p>\n<h1 style=\"text-align: center;\">Las Posadas<\/h1>\n\n\t\t<\/div>\n\t<\/div>\n<div data-original-height=\"45\" class=\"vc_empty_space\" style=\" style=&quot;height: 45px&quot;\" >\n\t<span class=\"vc_empty_space_inner\"><\/span>\n<\/div>\n<\/div><\/div><\/div><\/div><\/div><div class=\"vc_row wpb_row vc_row-fluid mkdf-section mkdf-content-aligment-left\" style=\"\"><div class=\"clearfix mkdf-full-section-inner\"><div class=\"wpb_column vc_column_container vc_col-sm-6\"><div class=\"vc_column-inner\"><div class=\"wpb_wrapper\">\n\t<div class=\"wpb_text_column wpb_content_element\" >\n\t\t<div class=\"wpb_wrapper\">\n\t\t\t<p class=\"entry-title\" style=\"text-align: center;\"><strong>Las Posadas is a Mexican Christmas celebration that commemorates the journey of Mary and Joseph from Nazareth to Bethlehem.<\/strong><\/p>\n<p style=\"text-align: left;\">The word posada means inn or lodging, and traditionally posadas are\u00a0a celebration of the Christmas story. They take place on nine nights from December 16 to 24 and commemorate the Virgin Mary and St. Joseph&#8217;s search for a place to stay where Jesus could be born. Posadas in Mexico feature hot food and drinks, sweets, music, and pi\u00f1atas.<\/p>\n<p>Posadas was taught to the natives in Mexico by Spanish settlers, to understand the meaning of Christmas. Traditionally, during the nine days leading up to Christmas Day, a Mass would be celebrated honoring Mary and Joseph. Following the Mass would be a party where they would celebrate\u00a0 by being blindfolded and hitting a pi\u00f1ata with a stick, a representation of faith defeating temptation with the help of virtue. The fruits and sweets that poured out of the pi\u00f1ata represented the joys of union with God.\u00a0In time, posadas started to be held in surrounding neighborhoods as well as in the homes of families, becoming a more familiar and tightly-knit occasion, as well as preparation for Christmas.<\/p>\n<p>At the beginning of a posada, people are divided in two groups, the ones \u201coutside\u201d representing Mary and Joseph, and the ones \u201cinside\u201d representing innkeepers. Then everyone sings the posada litany together, re-enacting Mary and Joseph\u2019s search, going back and forth until they are finally \u201cadmitted\u201d to an inn. After this tradition, the party proper starts.<\/p>\n<p>Each year, our parish celebrates Las Posadas where the children come together in our parish to follow in these rich traditions. Join us this year as we continue to bring in the Christmas Season with beautiful, familial celebrations!<\/p>\n<p>&nbsp;<\/p>\n<h4 style=\"text-align: center;\">Schedule for 2025<br \/>\nTuesday December 16, 2025 &#8211; Tuesday December 23, 2025<\/h4>\n<h5 style=\"text-align: left;\">Monday through Friday\u00a0 \u00a0 \u00a0 \u00a0 16th-19th\u00a0 \u00a06:00pm<br \/>\nSaturday after the Mass\u00a0 \u00a0 \u00a0 \u00a0 20th\u00a0 \u00a0 \u00a0 \u00a0 \u00a0 \u00a0 \u00a05:00pm<br \/>\nSunday after the\u00a0Mass\u00a0 \u00a0 \u00a0 \u00a0 \u00a0 \u00a021<sup>st<\/sup>\u00a0 \u00a0 \u00a0 \u00a0 \u00a0 \u00a0 \u00a0 \u00a012:00pm<br \/>\nMonday through Tuesday\u00a0 \u00a0 22nd-23rd\u00a0 6:00pm<\/h5>\n<h4><\/h4>\n<h4>Daily Schedule of prayers and songs:<\/h4>\n<p><strong>-Opening Prayers<\/strong><\/p>\n<p><strong>-Sacred Scriptures:<\/strong><br \/>\nDay 1: Luke 1:26-37<br \/>\nDay 2: Philippians 2: 1-12<br \/>\nDay 3: Matthew 1: 18-25<br \/>\nDay 4: Luke 1: 39-48<br \/>\nDay 5: Luke 3: 2b-6<br \/>\nDay 6: Galatians 4: 4-7<br \/>\nDay 7: Luke 2: 1-7<br \/>\nDay 8: John 1: 14-16<br \/>\nDay 9: Ephesians 1: 11-14<\/p>\n<p><strong>-Hymns and Prayers:<\/strong><br \/>\nSilent Night<br \/>\nUn Pueblo que camina<br \/>\nUna bella pastorcita<\/p>\n<p><a href=\"https:\/\/stjuliasilercity.org\/wp-content\/uploads\/2024\/11\/Litany-of-the-Blessed-Virgin-Mary.pdf\" target=\"_blank\" rel=\"noopener\"><strong>-Litany in Honor of the Blessed Virgin Mary:<\/strong><\/a><br \/>\nLord, have mercy.<br \/>\nChrist, have mercy.<br \/>\nLord, have mercy.<br \/>\nChrist, hear us<br \/>\nChrist, graciously hear us.<br \/>\nGod the Father of Heaven, have mercy on us.<br \/>\nGod the Son, Redeemer of the World, have mercy on us.<br \/>\nGod the Holy Spirit, have mercy on us.<br \/>\nHoly Trinity, one God, have mercy on us.<br \/>\nHoly Mary, pray for us.<br \/>\nHoly Mother of God, pray for us.<br \/>\nHoly Virgin of virgins, pray for us.<br \/>\nMother of Christ, pray for us.<br \/>\nMother of the Church, pray for us.<br \/>\nMother of divine grace, pray for us.<br \/>\nMother most pure, pray for us.<br \/>\nMother most chaste, pray for us.<br \/>\nMother inviolate, pray for us.<br \/>\nMother undefiled, pray for us.<br \/>\nMother most amiable, pray for us.<br \/>\nMother most admirable, pray for us.<br \/>\nMother of good counsel, pray for us.<br \/>\nMother of our Creator, pray for us.<br \/>\nMother of our Redeemer, pray for us.<br \/>\nVirgin most prudent, pray for us.<br \/>\nVirgin most venerable, pray for us.<br \/>\nVirgin most renowned, pray for us.<br \/>\nVirgin most powerful, pray for us.<br \/>\nVirgin most merciful, pray for us.<br \/>\nVirgin most faithful, pray for us.<br \/>\nMirror of justice, pray for us.<br \/>\nSeat of Wisdom, pray for us.<br \/>\nCause of our joy, pray for us.<br \/>\nSpiritual vessel, pray for us.<br \/>\nVessel of honor, pray for us.<br \/>\nSingular vessel of devotion, pray for us.<br \/>\nMystical rose, pray for us.<br \/>\nTower of David, pray for us.<br \/>\nTower of ivory, pray for us.<br \/>\nHouse of gold, pray for us.<br \/>\nArk of the covenant, pray for us.<br \/>\nGate of Heaven, pray for us.<br \/>\nMorning star, pray for us.<br \/>\nHealth of the sick, pray for us.<br \/>\nRefuge of sinners, pray for us.<br \/>\nComforter of the afflicted, pray for us.<br \/>\nHelp of Christians, pray for us.<br \/>\nQueen of angels, pray for us.<br \/>\nQueen of patriarchs, pray for us.<br \/>\nQueen of prophets, pray for us.<br \/>\nQueen of apostles, pray for us.<br \/>\nQueen of martyrs, pray for us.<br \/>\nQueen of confessors, pray for us.<br \/>\nQueen of virgins, pray for us.<br \/>\nQueen of all saints, pray for us.<br \/>\nQueen conceived without original sin, pray for us.<br \/>\nQueen assumed into Heaven, pray for us.<br \/>\nQueen of the most holy Rosary, pray for us.<br \/>\nQueen of peace, pray for us.<br \/>\nLamb of God, who takes away the sins of the world, spare us, O Lord.<br \/>\nLamb of God, who takes away the sins of the world, graciously hear us, O Lord.<br \/>\nLamb of God, who takes away the sins of the world, have mercy on us, O Lord.<\/p>\n<p>Let us pray: Grant your servants continual health of mind and body, O Lor God. Let the intercession of the blessed ever-Virgin Mary gain for us freedom from our present sorrow. Give us the joy of everlasting happiness. Through Christ our Lord. Amen.<\/p>\n<p><strong>-The Posadas Songs <a href=\"https:\/\/stjuliasilercity.org\/wp-content\/uploads\/2024\/11\/Las-Posadas-Song.pdf\" target=\"_blank\" rel=\"noopener\">(CLICK HERE TO VIEW AND DOWNLOAD THE WORDS)<\/a><\/strong><\/p>\n<p><a href=\"https:\/\/www.youtube.com\/watch?v=La_pl-3HTHU\" target=\"_blank\" rel=\"noopener\">La Cancion de Las Posadas<\/a><\/p>\n<p><a href=\"https:\/\/www.youtube.com\/watch?v=ojO_DPTWFWw\" target=\"_blank\" rel=\"noopener\">Entren Santos Peregrinos<\/a><\/p>\n<p>&nbsp;<\/p>\n<p><strong>-Closing:<\/strong><br \/>\nAs the innkeeper gave Joseph and Mary shelter on the night Jesus Christ was born, with joy this night let us welcome into our hearts the holy pilgrims and their Divine Child.<\/p>\n\n\t\t<\/div>\n\t<\/div>\n<\/div><\/div><\/div><div class=\"wpb_column vc_column_container vc_col-sm-6\"><div class=\"vc_column-inner\"><div class=\"wpb_wrapper\">\n\t<div class=\"wpb_text_column wpb_content_element\" >\n\t\t<div class=\"wpb_wrapper\">\n\t\t\t<p style=\"text-align: center;\"><strong>Las Posadas es una celebraci\u00f3n navide\u00f1a mexicana que conmemora el viaje de Mar\u00eda y Jos\u00e9 desde Nazaret hasta Bel\u00e9n.<\/strong><\/p>\n<p>La palabra posada significa posada o alojamiento, y tradicionalmente las posadas son una celebraci\u00f3n de la historia de Navidad. Tienen lugar durante nueve noches del 16 al 24 de diciembre y conmemoran la b\u00fasqueda de la Virgen Mar\u00eda y San Jos\u00e9 de un lugar donde quedarse donde pudiera nacer Jes\u00fas. Las posadas en M\u00e9xico incluyen comida y bebidas calientes, dulces, m\u00fasica y pi\u00f1atas.<\/p>\n<p>Los colonos espa\u00f1oles ense\u00f1aron las posadas a los nativos de M\u00e9xico para que comprendieran el significado de la Navidad. Tradicionalmente, durante los nueve d\u00edas previos al d\u00eda de Navidad, se celebraba una misa en honor a Mar\u00eda y Jos\u00e9. Despu\u00e9s de la misa, se celebraba una fiesta en la que se les vendaban los ojos y se golpeaba una pi\u00f1ata con un palo, una representaci\u00f3n de la fe que vence la tentaci\u00f3n con la ayuda de la virtud. Las frutas y los dulces que sal\u00edan de la pi\u00f1ata representaban las alegr\u00edas de la uni\u00f3n con Dios. Con el tiempo, las posadas comenzaron a celebrarse en los barrios aleda\u00f1os, as\u00ed como en las casas de las familias, convirti\u00e9ndose en una ocasi\u00f3n m\u00e1s familiar y unida, as\u00ed como en una preparaci\u00f3n para la Navidad.<\/p>\n<p>Al comienzo de una posada, la gente se divide en dos grupos, los que est\u00e1n \u201cafuera\u201d representando a Mar\u00eda y Jos\u00e9, y los que est\u00e1n \u201cadentro\u201d representando a los posaderos. Luego, todos cantan juntos la letan\u00eda de la posada, recreando la b\u00fasqueda de Mar\u00eda y Jos\u00e9, yendo y viniendo hasta que finalmente son \u201cadmitidos\u201d en una posada. Despu\u00e9s de esta tradici\u00f3n, comienza la fiesta propiamente dicha.<\/p>\n<p>Cada a\u00f1o, nuestra parroquia celebra Las Posadas, donde los ni\u00f1os se re\u00fanen en nuestra parroquia para seguir estas ricas tradiciones. \u00a1\u00danase a nosotros este a\u00f1o mientras continuamos celebrando la temporada navide\u00f1a con hermosas celebraciones familiares!<\/p>\n<h4 style=\"text-align: center;\">Horarios para 2025<br \/>\nMartes 16 de diciembre de 2025 &#8211; Martes 23 de diciembre de 2025<\/h4>\n<h5 style=\"text-align: left;\">Martes a Viernes\u00a0 \u00a0 \u00a0 \u00a0 \u00a0 \u00a0 \u00a0 \u00a0 \u00a0 \u00a0 \u00a0 \u00a0 \u00a0 16th-19th \u00a0\u00a06:00pm<br \/>\nSabado despu\u00e9s de Misa de\u00a0 \u00a0 \u00a020th\u00a0 \u00a0 \u00a0 \u00a0 \u00a0 \u00a0 \u00a05:00pm<br \/>\nDomingo despu\u00e9s de Misa de 21st\u00a0 \u00a0 \u00a0 \u00a0 \u00a0 \u00a0 \u00a0 12:00pm<br \/>\nLunes a Martes\u00a0 \u00a0 \u00a0 \u00a0 \u00a0 \u00a0 \u00a0 \u00a0 \u00a0 \u00a0 \u00a0 \u00a0 \u00a0 \u00a0 22nd-23rd\u00a0 6:00pm<\/h5>\n<h4 style=\"text-align: left;\">Horario diario de oraciones y cantos:<\/h4>\n<p><strong>-Oraciones de apertura<\/strong><\/p>\n<p><strong>-Sagradas Escrituras:<\/strong><br \/>\nD\u00eda 1: Lucas 1:26-37<br \/>\nD\u00eda 2: Filipenses 2:1-12<br \/>\nD\u00eda 3: Mateo 1:18-25<br \/>\nD\u00eda 4: Lucas 1:39-48<br \/>\nD\u00eda 5: Lucas 3:2b-6<br \/>\nD\u00eda 6: G\u00e1latas 4:4-7<br \/>\nD\u00eda 7: Lucas 2:1-7<br \/>\nD\u00eda 8: Juan 1:14-16<br \/>\nD\u00eda 9: Efesios 1:11-14<\/p>\n<p><strong>-Himnos y oraciones:<\/strong><br \/>\nNoche de paz<br \/>\nUn pueblo que camina<br \/>\nUna bella pastorcita<\/p>\n<p><a href=\"https:\/\/stjuliasilercity.org\/wp-content\/uploads\/2024\/11\/Litany-of-the-Blessed-Virgin-Mary.pdf\"><strong>-Letan\u00eda en honor a la Sant\u00edsima Virgen Mar\u00eda:<\/strong><\/a><br \/>\nSe\u00f1or, ten piedad.<br \/>\nCristo, ten piedad.<br \/>\nSe\u00f1or, ten piedad.<br \/>\nCristo, \u00f3yenos<br \/>\nCristo, \u00f3yenos benignamente.<br \/>\nDios Padre celestial, ten piedad de nosotros.<br \/>\nDios Hijo, Redentor del mundo, ten piedad de nosotros.<br \/>\nDios Esp\u00edritu Santo, ten piedad de nosotros.<br \/>\nSant\u00edsima Trinidad, un solo Dios, ten piedad de nosotros.<br \/>\nSanta Mar\u00eda, ruega por nosotros.<br \/>\nSanta Madre de Dios, ruega por nosotros.<br \/>\nSanta Virgen de las v\u00edrgenes, ruega por nosotros.<br \/>\nMadre de Cristo, ruega por nosotros.<br \/>\nMadre de la Iglesia, ruega por nosotros.<br \/>\nMadre de la divina gracia, ruega por nosotros.<br \/>\nMadre pur\u00edsima, ruega por nosotros.<br \/>\nMadre cast\u00edsima, ruega por nosotros.<br \/>\nMadre inmaculada, ruega por nosotros.<br \/>\nMadre amable, ruega por nosotros.<br \/>\nMadre admirable, ruega por nosotros.<br \/>\nMadre del buen consejo, ruega por nosotros.<br \/>\nMadre del Creador, ruega por nosotros.<br \/>\nMadre del Redentor, ruega por nosotros.<br \/>\nVirgen prudent\u00edsima, ruega por nosotros.<br \/>\nVirgen venerable, ruega por nosotros.<br \/>\nVirgen insigne, ruega por nosotros.<br \/>\nVirgen poderosa, ruega por nosotros.<br \/>\nVirgen misericordiosa, ruega por nosotros.<br \/>\nVirgen fiel, ruega por nosotros.<br \/>\nEspejo de justicia, ruega por nosotros.<br \/>\nTrono de la Sabidur\u00eda, ruega por nosotros.<br \/>\nCausa de nuestra alegr\u00eda, ruega por nosotros.<br \/>\nVaso espiritual, ruega por nosotros.<br \/>\nVaso de honor, ruega por nosotros.<br \/>\nVaso singular de devoci\u00f3n, ruega por nosotros.<br \/>\nRosa m\u00edstica, ruega por nosotros.<br \/>\nTorre de David, ruega por nosotros.<br \/>\nTorre de marfil, ruega por nosotros.<br \/>\nCasa de oro, ruega por nosotros.<br \/>\nArca de la alianza, ruega por nosotros.<br \/>\nPuerta del Cielo, ruega por nosotros.<br \/>\nEstrella de la ma\u00f1ana, ruega por nosotros.<br \/>\nSalud de los enfermos, ruega por nosotros.<br \/>\nRefugio de los pecadores, ruega por nosotros.<br \/>\nConsolador de los afligidos, ruega por nosotros.<br \/>\nAuxilio de los cristianos, ruega por nosotros.<br \/>\nReina de los \u00e1ngeles, ruega por nosotros.<br \/>\nReina de los patriarcas, ruega por nosotros.<br \/>\nReina de los profetas, ruega por nosotros. Reina de los ap\u00f3stoles, ruega por nosotros.<br \/>\nReina de los m\u00e1rtires, ruega por nosotros.<br \/>\nReina de los confesores, ruega por nosotros.<br \/>\nReina de las v\u00edrgenes, ruega por nosotros.<br \/>\nReina de todos los santos, ruega por nosotros.<br \/>\nReina concebida sin pecado original, ruega por nosotros.<br \/>\nReina asunta al cielo, ruega por nosotros.<br \/>\nReina del Sant\u00edsimo Rosario, ruega por nosotros.<br \/>\nReina de la paz, ruega por nosotros.<br \/>\nCordero de Dios, que quitas el pecado del mundo, perd\u00f3nanos, Se\u00f1or.<br \/>\nCordero de Dios, que quitas el pecado del mundo, esc\u00fachanos, Se\u00f1or.<br \/>\nCordero de Dios, que quitas el pecado del mundo, ten piedad de nosotros.<\/p>\n<p>Oremos: Bajo tu amparo nos acogemos Santa Madre de Dios, no desprecies las oraciones que te hacemos en nuestras necesidades, antes bien, l\u00edbranos de todos los peligros, Oh Virgen gloriosa y bendita.<br \/>\nRuega por nosotros Santa Madre de Dios, para que seamos dignos de alcanzar las promesas de Nuestro Se\u00f1or Jesucristo. Amen.<\/p>\n<p><strong>-Las Canciones de las Posadas<a href=\"https:\/\/stjuliasilercity.org\/wp-content\/uploads\/2024\/11\/Las-Posadas-Song.pdf\" target=\"_blank\" rel=\"noopener\"> (HAGA CLIC AQU\u00cd PARA VER Y DESCARGAR LA LETRA)<\/a><\/strong><br \/>\n<a href=\"https:\/\/www.youtube.com\/watch?v=La_pl-3HTHU\" target=\"_blank\" rel=\"noopener\">La Cancion de Las Posadas<\/a><\/p>\n<p><a href=\"https:\/\/www.youtube.com\/watch?v=ojO_DPTWFWw\" target=\"_blank\" rel=\"noopener\">Entren Santos Peregrinos<\/a><\/p>\n<p><strong>-Cierre:<\/strong><br \/>\nAs\u00ed como el posadero dio cobijo a Jos\u00e9 y Mar\u00eda la noche en que naci\u00f3 Jesucristo, con alegr\u00eda esta noche recibamos en nuestros corazones a los santos peregrinos y a su Divino Ni\u00f1o.<\/p>\n\n\t\t<\/div>\n\t<\/div>\n<\/div><\/div><\/div><\/div><\/div><div class=\"vc_row wpb_row vc_row-fluid mkdf-section mkdf-content-aligment-left\" style=\"\"><div class=\"clearfix mkdf-full-section-inner\"><div class=\"wpb_column vc_column_container vc_col-sm-12\"><div class=\"vc_column-inner\"><div class=\"wpb_wrapper\"><div data-original-height=\"45\" class=\"vc_empty_space\" style=\" style=&quot;height: 45px&quot;\" >\n\t<span class=\"vc_empty_space_inner\"><\/span>\n<\/div>\n\n\t<div class=\"wpb_text_column wpb_content_element\" >\n\t\t<div class=\"wpb_wrapper\">\n\t\t\t<p style=\"text-align: center;\"><strong>Donations \/ Donaciones<\/strong><\/p>\n<p style=\"text-align: center;\">We are looking for donations for the Posadas.<br \/>\nSome of the items we need are:<br \/>\nHot Chocolate (already made), tamales, pizza, chips, plates, juices, water, bags of candy and pi\u00f1atas.<br \/>\nFor more information, please see Victoria Palacios.<\/p>\n<p style=\"text-align: center;\">Estamos buscando donaciones para las Posadas. Algunos de los alimentos que necesitamos son:<br \/>\nChocolate caliente, tamales, pizza, papas fritas, platos, jugos, agua, bolsas de dulces y pi\u00f1atas.<br \/>\nPara m\u00e1s informaci\u00f3n consulten con Victoria Palacios.<\/p>\n\n\t\t<\/div>\n\t<\/div>\n<\/div><\/div><\/div><\/div><\/div>\n<\/div>","protected":false},"excerpt":{"rendered":"Las Posadas Las Posadas is a Mexican Christmas celebration that commemorates the journey of Mary and Joseph from Nazareth to Bethlehem. The word posada means inn or lodging, and traditionally posadas are\u00a0a...","protected":false},"author":6,"featured_media":0,"parent":4423,"menu_order":0,"comment_status":"closed","ping_status":"closed","template":"","meta":{"advanced_seo_description":"","jetpack_seo_html_title":"","jetpack_seo_noindex":false,"footnotes":""},"class_list":["post-7817","page","type-page","status-publish","hentry"],"jetpack_sharing_enabled":true,"_links":{"self":[{"href":"https:\/\/stjuliasilercity.org\/es\/wp-json\/wp\/v2\/pages\/7817","targetHints":{"allow":["GET"]}}],"collection":[{"href":"https:\/\/stjuliasilercity.org\/es\/wp-json\/wp\/v2\/pages"}],"about":[{"href":"https:\/\/stjuliasilercity.org\/es\/wp-json\/wp\/v2\/types\/page"}],"author":[{"embeddable":true,"href":"https:\/\/stjuliasilercity.org\/es\/wp-json\/wp\/v2\/users\/6"}],"replies":[{"embeddable":true,"href":"https:\/\/stjuliasilercity.org\/es\/wp-json\/wp\/v2\/comments?post=7817"}],"version-history":[{"count":12,"href":"https:\/\/stjuliasilercity.org\/es\/wp-json\/wp\/v2\/pages\/7817\/revisions"}],"predecessor-version":[{"id":11555,"href":"https:\/\/stjuliasilercity.org\/es\/wp-json\/wp\/v2\/pages\/7817\/revisions\/11555"}],"up":[{"embeddable":true,"href":"https:\/\/stjuliasilercity.org\/es\/wp-json\/wp\/v2\/pages\/4423"}],"wp:attachment":[{"href":"https:\/\/stjuliasilercity.org\/es\/wp-json\/wp\/v2\/media?parent=7817"}],"curies":[{"name":"wp","href":"https:\/\/api.w.org\/{rel}","templated":true}]}}