{"id":7284,"date":"2024-09-18T12:41:18","date_gmt":"2024-09-18T16:41:18","guid":{"rendered":"https:\/\/stjuliasilercity.org\/?page_id=7284"},"modified":"2024-10-15T11:48:59","modified_gmt":"2024-10-15T15:48:59","slug":"youth-blog-page","status":"publish","type":"page","link":"https:\/\/stjuliasilercity.org\/es\/youth-blog-page\/","title":{"rendered":"Youth Blog Page"},"content":{"rendered":"<div class=\"wpb-content-wrapper\"><div class=\"vc_row wpb_row vc_row-fluid mkdf-section mkdf-content-aligment-left\" style=\"\"><div class=\"clearfix mkdf-full-section-inner\"><div class=\"wpb_column vc_column_container vc_col-sm-12\"><div class=\"vc_column-inner\"><div class=\"wpb_wrapper\">\n\t<div class=\"wpb_text_column wpb_content_element vc_custom_1726765864739\" >\n\t\t<div class=\"wpb_wrapper\">\n\t\t\t<p><em>&#8220;Let no one have contempt for your youth, but set an example for those who believe, in speech, conduct, love, faith, and purity&#8221;<\/em><br \/>\n<em>&#8220;No permita que nadie desestime su juventud, sino que sea un ejemplo para los creyentes en palabra y conducta, en amor, en fe, en pureza&#8221;<\/em><br \/>\n<em>1 Tim 4:12<\/em><\/p>\n\n\t\t<\/div>\n\t<\/div>\n<div data-original-height=\"10\" class=\"vc_empty_space\" style=\" style=&quot;height: 10px&quot;\" >\n\t<span class=\"vc_empty_space_inner\"><\/span>\n<\/div>\n<\/div><\/div><\/div><\/div><\/div><div class=\"vc_row wpb_row vc_row-fluid mkdf-section mkdf-content-aligment-left\" style=\"\"><div class=\"clearfix mkdf-full-section-inner\"><div class=\"wpb_animate_when_almost_visible wpb_appear appear wpb_column vc_column_container vc_col-sm-12 vc_col-has-fill\"><div class=\"vc_column-inner vc_custom_1726767042457\"><div class=\"wpb_wrapper\">\n\t<div class=\"wpb_text_column wpb_content_element vc_custom_1726767026027\" >\n\t\t<div class=\"wpb_wrapper\">\n\t\t\t<h2 style=\"text-align: center;\">Welcome to our Youth Blog Page! \/\u00a1Bienvenidos a la P\u00e1gina Junen\u00edl!<\/h2>\n<p><em>I invite our youth and children to post messages that are important to you, that you feel expresses your faith, and that will help others too.<\/em><br \/>\n<em>For example:\u00a0 <\/em><em>-Post a photo of your Quincea\u00f1era, and briefly explain what it meant to you.\u00a0 <\/em><em>-Post an inspirational photo, a poem you wrote or like or a helpful message that you would like to send to the parish community.<\/em><br \/>\n<em>All I ask is that whatever you post, please be respectful, fun in a good way and things that help everyone celebrate who we are here at St. Julia.<\/em><br \/>\n<em>God bless you, Friar Julio<\/em><\/p>\n<p><em>Invito a muestros j\u00f3venes y ni\u00f1os a publicar mensajes que son importante para Ustedes, que expresan su fe, y que pueden ayudar a otros.<\/em><br \/>\n<em>Por ejemplo: <\/em><em>-Pueden publicar la foto de su Quiencea\u00f1era y brevemente excribir lo que significa para t\u00ed.\u00a0 <\/em><em>-Puedes publicar una foto que te inspira, un poema que escribiste o que te gusta, o un mesaje que deseas mandarle a la comunidad parroquial.<\/em><br \/>\n<em>Lo que les pido es que publiquen solamento lo que es respetuoso, diventido con buen sentido, y que le ayude a todos celebrar quienes somos nosotros aqu\u00ed en Santa Julia.<\/em><\/p>\n<p><em>Dios los bendiga, Fray Julio<\/em><\/p>\n\n\t\t<\/div>\n\t<\/div>\n<\/div><\/div><\/div><\/div><\/div><div class=\"vc_row wpb_row vc_row-fluid mkdf-section mkdf-content-aligment-left\" style=\"\"><div class=\"clearfix mkdf-full-section-inner\"><div class=\"wpb_column vc_column_container vc_col-sm-12\"><div class=\"vc_column-inner\"><div class=\"wpb_wrapper\"><div data-original-height=\"100\" class=\"vc_empty_space\" style=\" style=&quot;height: 100px&quot;\" >\n\t<span class=\"vc_empty_space_inner\"><\/span>\n<\/div>\n<div class=\"mkdf-blog-list-holder  mkdf-image-in-box\">\n\t<ul class=\"mkdf-blog-list\">\n\t<li class=\"mkdf-blog-list-item clearfix post-8584 post type-post status-publish format-standard has-post-thumbnail hentry category-lent category-youth-blog category-youth-stories\">\n\t<div class=\"mkdf-blog-list-item-inner\">\n\t\t<div class=\"mkdf-item-image clearfix\">\n\t\t\t<a href=\"https:\/\/stjuliasilercity.org\/es\/why-we-give-things-up-for-lent\/\">\n\t\t\t\t\t\t\t\t\t<img loading=\"lazy\" decoding=\"async\" width=\"550\" height=\"550\" src=\"https:\/\/i0.wp.com\/stjuliasilercity.org\/wp-content\/uploads\/2025\/02\/Untitled-design-9-e1756910983391.png?resize=500%2C500&amp;ssl=1\" class=\"attachment-wellspring_mikado_square size-wellspring_mikado_square wp-post-image\" alt=\"\" \/>\t\t\t\t\t\t\t<\/a>\n\t\t<\/div>\n\t\t<div class=\"mkdf-item-text-holder\">\n\t\t\t<h6 class=\"mkdf-item-title\">\n\t\t\t\t<a href=\"https:\/\/stjuliasilercity.org\/es\/why-we-give-things-up-for-lent\/\" >\n\t\t\t\t\tWhy we give things up for Lent\t\t\t\t<\/a>\n\t\t\t<\/h6>\n\n\t\t\t\t\t\t\t<p class=\"mkdf-excerpt\">Wait&#8230; \/\u00a0 Espera&#8230; I&#8217;m doing what for 40 days? Why? \/ \u00bfQu\u00e9 voy a hacer ...<\/p>\n\t\t\t\t\t\t<div class=\"mkdf-item-date\">\n\t\t\t\t<span>06.2.2026<\/span>\n\t\t\t<\/div>\n\t\t<\/div>\n\t<\/div>\t\n<\/li>\n<li class=\"mkdf-blog-list-item clearfix post-11280 post type-post status-publish format-standard has-post-thumbnail hentry category-stories-and-lessons category-youth-blog\">\n\t<div class=\"mkdf-blog-list-item-inner\">\n\t\t<div class=\"mkdf-item-image clearfix\">\n\t\t\t<a href=\"https:\/\/stjuliasilercity.org\/es\/who-is-my-amalek\/\">\n\t\t\t\t\t\t\t\t\t<img loading=\"lazy\" decoding=\"async\" width=\"550\" height=\"550\" src=\"https:\/\/i0.wp.com\/stjuliasilercity.org\/wp-content\/uploads\/2025\/10\/Who-is-your-Amalek.jpg?resize=550%2C550&amp;ssl=1\" class=\"attachment-wellspring_mikado_square size-wellspring_mikado_square wp-post-image\" alt=\"\" srcset=\"https:\/\/i0.wp.com\/stjuliasilercity.org\/wp-content\/uploads\/2025\/10\/Who-is-your-Amalek.jpg?w=1000&amp;ssl=1 1000w, https:\/\/i0.wp.com\/stjuliasilercity.org\/wp-content\/uploads\/2025\/10\/Who-is-your-Amalek.jpg?resize=300%2C300&amp;ssl=1 300w, https:\/\/i0.wp.com\/stjuliasilercity.org\/wp-content\/uploads\/2025\/10\/Who-is-your-Amalek.jpg?resize=600%2C600&amp;ssl=1 600w, https:\/\/i0.wp.com\/stjuliasilercity.org\/wp-content\/uploads\/2025\/10\/Who-is-your-Amalek.jpg?resize=150%2C150&amp;ssl=1 150w, https:\/\/i0.wp.com\/stjuliasilercity.org\/wp-content\/uploads\/2025\/10\/Who-is-your-Amalek.jpg?resize=768%2C768&amp;ssl=1 768w, https:\/\/i0.wp.com\/stjuliasilercity.org\/wp-content\/uploads\/2025\/10\/Who-is-your-Amalek.jpg?resize=12%2C12&amp;ssl=1 12w, https:\/\/i0.wp.com\/stjuliasilercity.org\/wp-content\/uploads\/2025\/10\/Who-is-your-Amalek.jpg?resize=550%2C550&amp;ssl=1 550w\" sizes=\"auto, (max-width: 550px) 100vw, 550px\" \/>\t\t\t\t\t\t\t<\/a>\n\t\t<\/div>\n\t\t<div class=\"mkdf-item-text-holder\">\n\t\t\t<h6 class=\"mkdf-item-title\">\n\t\t\t\t<a href=\"https:\/\/stjuliasilercity.org\/es\/who-is-my-amalek\/\" >\n\t\t\t\t\tWho is my Amalek? \/ \u00bfQui\u00e9n es mi Amalec?\t\t\t\t<\/a>\n\t\t\t<\/h6>\n\n\t\t\t\t\t\t\t<p class=\"mkdf-excerpt\">Who is my Amalek? \/ \u00bfQui\u00e9n es mi Amalec? Vea la versi\u00f3n en espa\u00f1ol a continuaci\u00f3n. Th...<\/p>\n\t\t\t\t\t\t<div class=\"mkdf-item-date\">\n\t\t\t\t<span>18.10.2025<\/span>\n\t\t\t<\/div>\n\t\t<\/div>\n\t<\/div>\t\n<\/li>\n<li class=\"mkdf-blog-list-item clearfix post-8866 post type-post status-publish format-standard has-post-thumbnail hentry category-youth-blog category-youth-stories\">\n\t<div class=\"mkdf-blog-list-item-inner\">\n\t\t<div class=\"mkdf-item-image clearfix\">\n\t\t\t<a href=\"https:\/\/stjuliasilercity.org\/es\/the-prodigal-son\/\">\n\t\t\t\t\t\t\t\t\t<img loading=\"lazy\" decoding=\"async\" width=\"550\" height=\"550\" src=\"https:\/\/i0.wp.com\/stjuliasilercity.org\/wp-content\/uploads\/2025\/03\/Prodigal-Son-1-e1756827797764.png?resize=500%2C500&amp;ssl=1\" class=\"attachment-wellspring_mikado_square size-wellspring_mikado_square wp-post-image\" alt=\"\" \/>\t\t\t\t\t\t\t<\/a>\n\t\t<\/div>\n\t\t<div class=\"mkdf-item-text-holder\">\n\t\t\t<h6 class=\"mkdf-item-title\">\n\t\t\t\t<a href=\"https:\/\/stjuliasilercity.org\/es\/the-prodigal-son\/\" >\n\t\t\t\t\tA Tale With Two Stories \/ Una historia con dos historias\t\t\t\t<\/a>\n\t\t\t<\/h6>\n\n\t\t\t\t\t\t\t<p class=\"mkdf-excerpt\">A Tale With Two Stories \/ Una historia con dos historias &#8220;Prodigal&#8221; can mean &amp;...<\/p>\n\t\t\t\t\t\t<div class=\"mkdf-item-date\">\n\t\t\t\t<span>27.3.2025<\/span>\n\t\t\t<\/div>\n\t\t<\/div>\n\t<\/div>\t\n<\/li>\n<li class=\"mkdf-blog-list-item clearfix post-8578 post type-post status-publish format-standard has-post-thumbnail hentry category-stories-and-lessons category-youth-blog category-youth-stories\">\n\t<div class=\"mkdf-blog-list-item-inner\">\n\t\t<div class=\"mkdf-item-image clearfix\">\n\t\t\t<a href=\"https:\/\/stjuliasilercity.org\/es\/8th-sunday-in-ordinary-time-love-your-enemies-amar-a-tus-enemigos\/\">\n\t\t\t\t\t\t\t\t\t<img loading=\"lazy\" decoding=\"async\" width=\"550\" height=\"550\" src=\"https:\/\/i0.wp.com\/stjuliasilercity.org\/wp-content\/uploads\/2025\/02\/8th-Sunday-in-Ordinary-Time-Blind-leading-blind-e1756910913233.png?resize=500%2C500&amp;ssl=1\" class=\"attachment-wellspring_mikado_square size-wellspring_mikado_square wp-post-image\" alt=\"\" \/>\t\t\t\t\t\t\t<\/a>\n\t\t<\/div>\n\t\t<div class=\"mkdf-item-text-holder\">\n\t\t\t<h6 class=\"mkdf-item-title\">\n\t\t\t\t<a href=\"https:\/\/stjuliasilercity.org\/es\/8th-sunday-in-ordinary-time-love-your-enemies-amar-a-tus-enemigos\/\" >\n\t\t\t\t\t8th Sunday in Ordinary Time: Love Your Enemies?! \/ \u00bfAmar a tus enemigos?!\t\t\t\t<\/a>\n\t\t\t<\/h6>\n\n\t\t\t\t\t\t\t<p class=\"mkdf-excerpt\">The Blind Leading the Blind?! \/ \u00a1\u00bfEl ciego guiando a otro ciego?! &nbsp; What is importa...<\/p>\n\t\t\t\t\t\t<div class=\"mkdf-item-date\">\n\t\t\t\t<span>27.2.2025<\/span>\n\t\t\t<\/div>\n\t\t<\/div>\n\t<\/div>\t\n<\/li>\n<li class=\"mkdf-blog-list-item clearfix post-7530 post type-post status-publish format-standard has-post-thumbnail hentry category-youth-blog\">\n\t<div class=\"mkdf-blog-list-item-inner\">\n\t\t<div class=\"mkdf-item-image clearfix\">\n\t\t\t<a href=\"https:\/\/stjuliasilercity.org\/es\/prayer-and-forgiveness-for-our-youth\/\">\n\t\t\t\t\t\t\t\t\t<img loading=\"lazy\" decoding=\"async\" width=\"550\" height=\"550\" src=\"https:\/\/i0.wp.com\/stjuliasilercity.org\/wp-content\/uploads\/2024\/10\/Forgiveness-e1756908678985.png?resize=500%2C500&amp;ssl=1\" class=\"attachment-wellspring_mikado_square size-wellspring_mikado_square wp-post-image\" alt=\"Photo of forgiving hands holding, Bible verse Mathew :6: 13-14\" \/>\t\t\t\t\t\t\t<\/a>\n\t\t<\/div>\n\t\t<div class=\"mkdf-item-text-holder\">\n\t\t\t<h6 class=\"mkdf-item-title\">\n\t\t\t\t<a href=\"https:\/\/stjuliasilercity.org\/es\/prayer-and-forgiveness-for-our-youth\/\" >\n\t\t\t\t\tPrayer and forgiveness for our Youth\t\t\t\t<\/a>\n\t\t\t<\/h6>\n\n\t\t\t\t\t\t\t<p class=\"mkdf-excerpt\">St. Therese of Liseux and St. Pio of Pietrelcina, pray and intercede for us youth in Siler...<\/p>\n\t\t\t\t\t\t<div class=\"mkdf-item-date\">\n\t\t\t\t<span>15.10.2024<\/span>\n\t\t\t<\/div>\n\t\t<\/div>\n\t<\/div>\t\n<\/li>\n<li class=\"mkdf-blog-list-item clearfix post-7416 post type-post status-publish format-standard has-post-thumbnail hentry category-youth-blog\">\n\t<div class=\"mkdf-blog-list-item-inner\">\n\t\t<div class=\"mkdf-item-image clearfix\">\n\t\t\t<a href=\"https:\/\/stjuliasilercity.org\/es\/thankful-for-my-birthday-agradecida-por-mi-cumpleanos\/\">\n\t\t\t\t\t\t\t\t\t<img loading=\"lazy\" decoding=\"async\" width=\"550\" height=\"550\" src=\"https:\/\/i0.wp.com\/stjuliasilercity.org\/wp-content\/uploads\/2024\/10\/Evelyn-Esquivel-1.png?resize=550%2C550&amp;ssl=1\" class=\"attachment-wellspring_mikado_square size-wellspring_mikado_square wp-post-image\" alt=\"\" srcset=\"https:\/\/i0.wp.com\/stjuliasilercity.org\/wp-content\/uploads\/2024\/10\/Evelyn-Esquivel-1.png?resize=150%2C150&amp;ssl=1 150w, https:\/\/i0.wp.com\/stjuliasilercity.org\/wp-content\/uploads\/2024\/10\/Evelyn-Esquivel-1.png?resize=550%2C550&amp;ssl=1 550w, https:\/\/i0.wp.com\/stjuliasilercity.org\/wp-content\/uploads\/2024\/10\/Evelyn-Esquivel-1.png?resize=300%2C300&amp;ssl=1 300w, https:\/\/i0.wp.com\/stjuliasilercity.org\/wp-content\/uploads\/2024\/10\/Evelyn-Esquivel-1.png?resize=100%2C100&amp;ssl=1 100w\" sizes=\"auto, (max-width: 550px) 100vw, 550px\" \/>\t\t\t\t\t\t\t<\/a>\n\t\t<\/div>\n\t\t<div class=\"mkdf-item-text-holder\">\n\t\t\t<h6 class=\"mkdf-item-title\">\n\t\t\t\t<a href=\"https:\/\/stjuliasilercity.org\/es\/thankful-for-my-birthday-agradecida-por-mi-cumpleanos\/\" >\n\t\t\t\t\tThankful for my birthday! \/Agradecida por mi cumplea\u00f1os!\t\t\t\t<\/a>\n\t\t\t<\/h6>\n\n\t\t\t\t\t\t\t<p class=\"mkdf-excerpt\">Hello friends! \/Hola amiguitos! This Sunday is my birthday and I invite you to the 10am ma...<\/p>\n\t\t\t\t\t\t<div class=\"mkdf-item-date\">\n\t\t\t\t<span>01.10.2024<\/span>\n\t\t\t<\/div>\n\t\t<\/div>\n\t<\/div>\t\n<\/li>\n<li class=\"mkdf-blog-list-item clearfix post-7413 post type-post status-publish format-standard has-post-thumbnail hentry category-youth-blog\">\n\t<div class=\"mkdf-blog-list-item-inner\">\n\t\t<div class=\"mkdf-item-image clearfix\">\n\t\t\t<a href=\"https:\/\/stjuliasilercity.org\/es\/i-love-god\/\">\n\t\t\t\t\t\t\t\t\t<img loading=\"lazy\" decoding=\"async\" width=\"550\" height=\"550\" src=\"https:\/\/i0.wp.com\/stjuliasilercity.org\/wp-content\/uploads\/2024\/10\/God-loves-me-e1756908634941.jpg?resize=550%2C500&amp;ssl=1\" class=\"attachment-wellspring_mikado_square size-wellspring_mikado_square wp-post-image\" alt=\"Img of hands making a heart shape with a an orange sunset behind it\" \/>\t\t\t\t\t\t\t<\/a>\n\t\t<\/div>\n\t\t<div class=\"mkdf-item-text-holder\">\n\t\t\t<h6 class=\"mkdf-item-title\">\n\t\t\t\t<a href=\"https:\/\/stjuliasilercity.org\/es\/i-love-god\/\" >\n\t\t\t\t\tI love God \/\u00a1Yo amo a Dios!\t\t\t\t<\/a>\n\t\t\t<\/h6>\n\n\t\t\t\t\t\t\t<p class=\"mkdf-excerpt\">I love God!\u00a0 \u00a0\/\u00a1Yo amo a Dios! Ana Gabriela Rangel Adame Deuteronomy 6 \/Deuteronomio 6...<\/p>\n\t\t\t\t\t\t<div class=\"mkdf-item-date\">\n\t\t\t\t<span>01.10.2024<\/span>\n\t\t\t<\/div>\n\t\t<\/div>\n\t<\/div>\t\n<\/li>\n<li class=\"mkdf-blog-list-item clearfix post-7358 post type-post status-publish format-standard has-post-thumbnail hentry category-youth-blog\">\n\t<div class=\"mkdf-blog-list-item-inner\">\n\t\t<div class=\"mkdf-item-image clearfix\">\n\t\t\t<a href=\"https:\/\/stjuliasilercity.org\/es\/growing-through\/\">\n\t\t\t\t\t\t\t\t\t<img loading=\"lazy\" decoding=\"async\" width=\"550\" height=\"550\" src=\"https:\/\/i0.wp.com\/stjuliasilercity.org\/wp-content\/uploads\/2024\/09\/trust-me-e1756908569669.png?resize=500%2C500&amp;ssl=1\" class=\"attachment-wellspring_mikado_square size-wellspring_mikado_square wp-post-image\" alt=\"picture of hands holding seedling gods hands blessing it\" \/>\t\t\t\t\t\t\t<\/a>\n\t\t<\/div>\n\t\t<div class=\"mkdf-item-text-holder\">\n\t\t\t<h6 class=\"mkdf-item-title\">\n\t\t\t\t<a href=\"https:\/\/stjuliasilercity.org\/es\/growing-through\/\" >\n\t\t\t\t\tGrowing Through&#8230; \/Creciendo a trav\u00e9s&#8230;\t\t\t\t<\/a>\n\t\t\t<\/h6>\n\n\t\t\t\t\t\t\t<p class=\"mkdf-excerpt\">Growing Through&#8230; \/Creciendo a trav\u00e9s&#8230; Trust in the Lord! HE will help you \u201c...<\/p>\n\t\t\t\t\t\t<div class=\"mkdf-item-date\">\n\t\t\t\t<span>20.9.2024<\/span>\n\t\t\t<\/div>\n\t\t<\/div>\n\t<\/div>\t\n<\/li>\n<li class=\"mkdf-blog-list-item clearfix post-7333 post type-post status-publish format-standard has-post-thumbnail hentry category-youth-blog\">\n\t<div class=\"mkdf-blog-list-item-inner\">\n\t\t<div class=\"mkdf-item-image clearfix\">\n\t\t\t<a href=\"https:\/\/stjuliasilercity.org\/es\/trust-in-god\/\">\n\t\t\t\t\t\t\t\t\t<img loading=\"lazy\" decoding=\"async\" width=\"550\" height=\"550\" src=\"https:\/\/i0.wp.com\/stjuliasilercity.org\/wp-content\/uploads\/2024\/09\/Gods-got-you.jpg?resize=550%2C550&amp;ssl=1\" class=\"attachment-wellspring_mikado_square size-wellspring_mikado_square wp-post-image\" alt=\"\" srcset=\"https:\/\/i0.wp.com\/stjuliasilercity.org\/wp-content\/uploads\/2024\/09\/Gods-got-you.jpg?w=672&amp;ssl=1 672w, https:\/\/i0.wp.com\/stjuliasilercity.org\/wp-content\/uploads\/2024\/09\/Gods-got-you.jpg?resize=300%2C300&amp;ssl=1 300w, https:\/\/i0.wp.com\/stjuliasilercity.org\/wp-content\/uploads\/2024\/09\/Gods-got-you.jpg?resize=600%2C600&amp;ssl=1 600w, https:\/\/i0.wp.com\/stjuliasilercity.org\/wp-content\/uploads\/2024\/09\/Gods-got-you.jpg?resize=150%2C150&amp;ssl=1 150w, https:\/\/i0.wp.com\/stjuliasilercity.org\/wp-content\/uploads\/2024\/09\/Gods-got-you.jpg?resize=12%2C12&amp;ssl=1 12w, https:\/\/i0.wp.com\/stjuliasilercity.org\/wp-content\/uploads\/2024\/09\/Gods-got-you.jpg?resize=550%2C550&amp;ssl=1 550w, https:\/\/i0.wp.com\/stjuliasilercity.org\/wp-content\/uploads\/2024\/09\/Gods-got-you.jpg?resize=100%2C100&amp;ssl=1 100w\" sizes=\"auto, (max-width: 550px) 100vw, 550px\" \/>\t\t\t\t\t\t\t<\/a>\n\t\t<\/div>\n\t\t<div class=\"mkdf-item-text-holder\">\n\t\t\t<h6 class=\"mkdf-item-title\">\n\t\t\t\t<a href=\"https:\/\/stjuliasilercity.org\/es\/trust-in-god\/\" >\n\t\t\t\t\tTrust In God \/Conf\u00eda en Dios\t\t\t\t<\/a>\n\t\t\t<\/h6>\n\n\t\t\t\t\t\t\t<p class=\"mkdf-excerpt\">Trust In God \/Conf\u00eda en Dios Everything that happens, happens for a reason. Trust that no...<\/p>\n\t\t\t\t\t\t<div class=\"mkdf-item-date\">\n\t\t\t\t<span>19.9.2024<\/span>\n\t\t\t<\/div>\n\t\t<\/div>\n\t<\/div>\t\n<\/li>\n<li class=\"mkdf-blog-list-item clearfix post-7308 post type-post status-publish format-standard has-post-thumbnail hentry category-youth-blog\">\n\t<div class=\"mkdf-blog-list-item-inner\">\n\t\t<div class=\"mkdf-item-image clearfix\">\n\t\t\t<a href=\"https:\/\/stjuliasilercity.org\/es\/who-was-timothy\/\">\n\t\t\t\t\t\t\t\t\t<img loading=\"lazy\" decoding=\"async\" width=\"550\" height=\"550\" src=\"https:\/\/i0.wp.com\/stjuliasilercity.org\/wp-content\/uploads\/2024\/09\/st-timothy-e1756908601762.png?resize=500%2C500&amp;ssl=1\" class=\"attachment-wellspring_mikado_square size-wellspring_mikado_square wp-post-image\" alt=\"\" \/>\t\t\t\t\t\t\t<\/a>\n\t\t<\/div>\n\t\t<div class=\"mkdf-item-text-holder\">\n\t\t\t<h6 class=\"mkdf-item-title\">\n\t\t\t\t<a href=\"https:\/\/stjuliasilercity.org\/es\/who-was-timothy\/\" >\n\t\t\t\t\tWho was Timothy?\t\t\t\t<\/a>\n\t\t\t<\/h6>\n\n\t\t\t\t\t\t\t<p class=\"mkdf-excerpt\">No one talks a lot about St. Timothy. But he was a very interesting, and someone who I fee...<\/p>\n\t\t\t\t\t\t<div class=\"mkdf-item-date\">\n\t\t\t\t<span>18.9.2024<\/span>\n\t\t\t<\/div>\n\t\t<\/div>\n\t<\/div>\t\n<\/li>\n\t<\/ul>\t\n<\/div>\n<div data-original-height=\"100\" class=\"vc_empty_space\" style=\" style=&quot;height: 100px&quot;\" >\n\t<span class=\"vc_empty_space_inner\"><\/span>\n<\/div>\n\n\t<div class=\"mkdf-container-inner\">\n\n\t<div class=\"mkdf-call-to-action normal\" style=\"padding: 20px;;background-color: #9AD6FF;;border-color: #FFFFFF;;border-style: solid;border-width: 2px\">\n\n\t\t\t\t\t<div class=\"mkdf-call-to-action-row-75-25 clearfix\">\n\t\t\n\t\t\t\t<div class=\"mkdf-text-wrapper mkdf-call-to-action-column1 mkdf-call-to-action-cell\">\n\n\t\t\t\t\n\t\t\t\t\t<div class=\"mkdf-call-to-action-text\" >\n\t\t\t\t\t\t<em>To submit information for your blog post, (all posts will be anonymous, unless submission requests their name to be added)&#8230;<\/em><\/p>\n<p><em>Para enviar informaci\u00f3n para su publicaci\u00f3n de blog, (todas las publicaciones ser\u00e1n an\u00f3nimas, a menos que el env\u00edo solicite que se agregue su nombre)&#8230;<\/em>\t\t\t\t\t<\/div>\n\n\t\t\t\t<\/div>\n\n\t\t\t\t\n\t\t\t\t\t<div class=\"mkdf-button-wrapper mkdf-call-to-action-column2 mkdf-call-to-action-cell\" style =\"text-align: left ;\">\n\n\t\t\t\t\t\t<a href=\"https:\/\/stjuliasilercity.org\/es\/youth-blog-submission-form\/\" target=\"_self\"  class=\"mkdf-btn mkdf-btn-medium mkdf-btn-solid mkdf-btn-hover-white-outline\"  >\t\t\t<span class=\"mkdf-btn-text\">CLICK HERE... HAGA CLIC<\/span><\/a>\n\t\t\t\t\t<\/div>\n\n\t\t\t\t\n\t\t\t<\/div>\n\n\t\t\n\t<\/div>\n\n\t<\/div>\n<\/div><\/div><\/div><\/div><\/div>\n<\/div>","protected":false},"excerpt":{"rendered":"No one talks a lot about St. Timothy. But he was a very interesting, and someone who I feel was a lot like me.\u00a0 I always feel like I don't have the...","protected":false},"author":6,"featured_media":0,"parent":0,"menu_order":0,"comment_status":"closed","ping_status":"closed","template":"","meta":{"advanced_seo_description":"","jetpack_seo_html_title":"","jetpack_seo_noindex":false,"footnotes":""},"class_list":["post-7284","page","type-page","status-publish","hentry"],"jetpack_sharing_enabled":true,"_links":{"self":[{"href":"https:\/\/stjuliasilercity.org\/es\/wp-json\/wp\/v2\/pages\/7284","targetHints":{"allow":["GET"]}}],"collection":[{"href":"https:\/\/stjuliasilercity.org\/es\/wp-json\/wp\/v2\/pages"}],"about":[{"href":"https:\/\/stjuliasilercity.org\/es\/wp-json\/wp\/v2\/types\/page"}],"author":[{"embeddable":true,"href":"https:\/\/stjuliasilercity.org\/es\/wp-json\/wp\/v2\/users\/6"}],"replies":[{"embeddable":true,"href":"https:\/\/stjuliasilercity.org\/es\/wp-json\/wp\/v2\/comments?post=7284"}],"version-history":[{"count":40,"href":"https:\/\/stjuliasilercity.org\/es\/wp-json\/wp\/v2\/pages\/7284\/revisions"}],"predecessor-version":[{"id":7533,"href":"https:\/\/stjuliasilercity.org\/es\/wp-json\/wp\/v2\/pages\/7284\/revisions\/7533"}],"wp:attachment":[{"href":"https:\/\/stjuliasilercity.org\/es\/wp-json\/wp\/v2\/media?parent=7284"}],"curies":[{"name":"wp","href":"https:\/\/api.w.org\/{rel}","templated":true}]}}