{"id":6806,"date":"2024-08-09T16:50:26","date_gmt":"2024-08-09T20:50:26","guid":{"rendered":"https:\/\/stjuliasilercity.org\/?page_id=6806"},"modified":"2025-07-23T10:58:04","modified_gmt":"2025-07-23T14:58:04","slug":"english-choirs","status":"publish","type":"page","link":"https:\/\/stjuliasilercity.org\/es\/ministries\/music-ministries\/english-choirs\/","title":{"rendered":"English Choirs"},"content":{"rendered":"<div class=\"wpb-content-wrapper\"><div class=\"vc_row wpb_row vc_row-fluid mkdf-section mkdf-content-aligment-left\" style=\"\"><div class=\"clearfix mkdf-full-section-inner\"><div class=\"wpb_column vc_column_container vc_col-sm-6\"><div class=\"vc_column-inner\"><div class=\"wpb_wrapper\"><div class=\"mkdf-section-title-holder\">\n\t<h2 class=\"mkdf-section-title\" >\n\tEnglish Choirs<\/h2>\n<\/div><\/div><\/div><\/div><\/div><\/div><div class=\"vc_row wpb_row vc_row-fluid mkdf-section mkdf-content-aligment-left\" style=\"\"><div class=\"clearfix mkdf-full-section-inner\"><div class=\"wpb_column vc_column_container vc_col-sm-6\"><div class=\"vc_column-inner\"><div class=\"wpb_wrapper\"><div class=\"mkdf-animations-holder\" >\n\t<div style=\"animation-duration: 700ms;-webkit-animation-duration: 700ms;-moz-animation-duration: 700ms\">\n\t\t\n\t<div class=\"wpb_text_column wpb_content_element\" >\n\t\t<div class=\"wpb_wrapper\">\n\t\t\t<p><img data-recalc-dims=\"1\" loading=\"lazy\" decoding=\"async\" class=\"size-medium wp-image-6804 aligncenter\" src=\"https:\/\/i0.wp.com\/stjuliasilercity.org\/wp-content\/uploads\/2024\/08\/english-choir.png?resize=300%2C300&#038;ssl=1\" alt=\"Photo of singer holding music\" width=\"300\" height=\"300\" \/><\/p>\n<p style=\"text-align: center;\">Information for the English 5:00PM Adult Choir<\/p>\n<p style=\"text-align: center;\">Rehearsals: Saturdays 4:00PM<br \/>\n-Serves every Saturday at the 5:00PM English Mass.<br \/>\n-Sings at special Sacramental Masses, and other events upon request.<\/p>\n<p style=\"text-align: center;\">For information on the\u00a0 English 5:00PM Choir, Contact Therese Walters<\/p>\n\n\t\t<\/div>\n\t<\/div>\n\t<\/div>\n\n<\/div><\/div><\/div><\/div><div class=\"wpb_column vc_column_container vc_col-sm-6\"><div class=\"vc_column-inner\"><div class=\"wpb_wrapper\"><div class=\"mkdf-animations-holder\" >\n\t<div style=\"animation-duration: 700ms;-webkit-animation-duration: 700ms;-moz-animation-duration: 700ms\">\n\t\t\n\t<div class=\"wpb_text_column wpb_content_element\" >\n\t\t<div class=\"wpb_wrapper\">\n\t\t\t<p><img data-recalc-dims=\"1\" loading=\"lazy\" decoding=\"async\" class=\"size-medium wp-image-6727 aligncenter\" src=\"https:\/\/i0.wp.com\/stjuliasilercity.org\/wp-content\/uploads\/2024\/08\/music-logo.png?resize=300%2C300&#038;ssl=1\" alt=\"\" width=\"300\" height=\"300\" \/><\/p>\n<p style=\"text-align: center;\">Information for the English 10:00AM Adult Choir<\/p>\n<p style=\"text-align: center;\">Rehearsals: Mondays 5:30PM<br \/>\n-Serves every Sunday at the 10:00AM English Mass.<br \/>\n-Sings at special Sacramental Masses, and other events upon request.<\/p>\n<p style=\"text-align: center;\">For information on the\u00a0 English 10:00AM Choir, Contact Tamara Hill<\/p>\n<h4 style=\"text-align: center;\"><a href=\"https:\/\/stjuliasilercity.org\/es\/?page_id=7027&amp;preview=true\"><strong>CLICK HERE FOR CURRENT MUSIC SCHEDULE<\/strong><\/a><\/h4>\n\n\t\t<\/div>\n\t<\/div>\n\t<\/div>\n\n<\/div><\/div><\/div><\/div><\/div><\/div><div class=\"vc_row wpb_row vc_row-fluid mkdf-section mkdf-content-aligment-left\" style=\"\"><div class=\"clearfix mkdf-full-section-inner\"><div class=\"wpb_column vc_column_container vc_col-sm-12\"><div class=\"vc_column-inner\"><div class=\"wpb_wrapper\">\n\t<div class=\"wpb_text_column wpb_content_element\" >\n\t\t<div class=\"wpb_wrapper\">\n\t\t\t<h4 style=\"text-align: center;\"><strong><a href=\"https:\/\/stjuliasilercity.org\/es\/ministries\/music-ministries\/#music-interest-form\">\n<h4 class=\"mkdf-custom-font-holder\" style=\"font-style: normal;text-decoration: none;text-align: center;color: Blue\">\n\tInterested in learning more? Contact us! Click here to go back to our main music page, to fill out the interest form.<\/h4><\/a><\/strong><\/h4>\n<h4 style=\"text-align: center;\"><strong><a href=\"https:\/\/stjuliasilercity.org\/es\/ministries\/music-ministries\/#music-interest-form\">\n<h4 class=\"mkdf-custom-font-holder\" style=\"font-style: normal;text-decoration: none;text-align: center;color: Blue\">\n\t\u00bfTe interesa saber m\u00e1s? \u00a1Cont\u00e1ctanos! Haz clic aqu\u00ed para volver a nuestra p\u00e1gina principal de m\u00fasica y completar el formulario de inter\u00e9s.<\/h4><\/a><\/strong><\/h4>\n\n\t\t<\/div>\n\t<\/div>\n<\/div><\/div><\/div><\/div><\/div>\n<\/div>","protected":false},"excerpt":{"rendered":"English Choirs Information for the English 5:00PM Adult Choir Rehearsals: Saturdays 4:00PM -Serves every Saturday at the 5:00PM English Mass. -Sings at special Sacramental Masses, and other events upon request. For information...","protected":false},"author":6,"featured_media":0,"parent":4908,"menu_order":0,"comment_status":"closed","ping_status":"closed","template":"","meta":{"advanced_seo_description":"","jetpack_seo_html_title":"","jetpack_seo_noindex":false,"footnotes":""},"class_list":["post-6806","page","type-page","status-publish","hentry"],"jetpack_sharing_enabled":true,"_links":{"self":[{"href":"https:\/\/stjuliasilercity.org\/es\/wp-json\/wp\/v2\/pages\/6806","targetHints":{"allow":["GET"]}}],"collection":[{"href":"https:\/\/stjuliasilercity.org\/es\/wp-json\/wp\/v2\/pages"}],"about":[{"href":"https:\/\/stjuliasilercity.org\/es\/wp-json\/wp\/v2\/types\/page"}],"author":[{"embeddable":true,"href":"https:\/\/stjuliasilercity.org\/es\/wp-json\/wp\/v2\/users\/6"}],"replies":[{"embeddable":true,"href":"https:\/\/stjuliasilercity.org\/es\/wp-json\/wp\/v2\/comments?post=6806"}],"version-history":[{"count":6,"href":"https:\/\/stjuliasilercity.org\/es\/wp-json\/wp\/v2\/pages\/6806\/revisions"}],"predecessor-version":[{"id":10342,"href":"https:\/\/stjuliasilercity.org\/es\/wp-json\/wp\/v2\/pages\/6806\/revisions\/10342"}],"up":[{"embeddable":true,"href":"https:\/\/stjuliasilercity.org\/es\/wp-json\/wp\/v2\/pages\/4908"}],"wp:attachment":[{"href":"https:\/\/stjuliasilercity.org\/es\/wp-json\/wp\/v2\/media?parent=6806"}],"curies":[{"name":"wp","href":"https:\/\/api.w.org\/{rel}","templated":true}]}}