{"id":6794,"date":"2024-08-09T16:16:47","date_gmt":"2024-08-09T20:16:47","guid":{"rendered":"https:\/\/stjuliasilercity.org\/?page_id=6794"},"modified":"2026-03-05T13:14:47","modified_gmt":"2026-03-05T18:14:47","slug":"youth-music-ministry-1","status":"publish","type":"page","link":"https:\/\/stjuliasilercity.org\/es\/ministries\/music-ministries\/youth-music-ministry-1\/","title":{"rendered":"Vox Music Ministry"},"content":{"rendered":"<div class=\"wpb-content-wrapper\"><div class=\"vc_row wpb_row vc_row-fluid mkdf-section mkdf-content-aligment-left\" style=\"\"><div class=\"clearfix mkdf-full-section-inner\"><div class=\"wpb_column vc_column_container vc_col-sm-12\"><div class=\"vc_column-inner\"><div class=\"wpb_wrapper\"><div class=\"mkdf-animations-holder \" >\n\t<div style=\"animation-duration: 700ms;-webkit-animation-duration: 700ms;-moz-animation-duration: 700ms\">\n\t\t<div class=\"mkdf-section-title-holder\">\n\t<h2 class=\"mkdf-section-title\" >\n\tVox Music Ministry<\/h2>\n<\/div>\n\t<div class=\"wpb_text_column wpb_content_element\" >\n\t\t<div class=\"wpb_wrapper\">\n\t\t\t<p><img data-recalc-dims=\"1\" loading=\"lazy\" decoding=\"async\" class=\"size-medium wp-image-6735 alignleft\" src=\"https:\/\/i0.wp.com\/stjuliasilercity.org\/wp-content\/uploads\/2024\/08\/youth-choir.png?resize=300%2C300&#038;ssl=1\" alt=\"\" width=\"300\" height=\"300\" \/><\/p>\n<p style=\"text-align: left;\">Vox Music is made up of\u00a0 individuals ages 13 and older, who would like to bring forth their musical talents and share them in worship.<br \/>\nAside from voice, musical instruments might include guitar, bass, piano, drums, and can even include band instruments such as trumpet, saxophone, flute etc\u2026<\/p>\n<p style=\"text-align: left;\">This contemporary music portion of the ministry allows those who are youth oriented to learn more about the Mass, how to lead others in worship and gives them the opportunity to serve God in a beautiful and meaningful way.<\/p>\n<ul style=\"text-align: left;\">\n<li style=\"text-align: left;\"><strong>Rehearsals: Every Monday @ 5:00PM August-May<\/strong><\/li>\n<li style=\"text-align: left;\"><strong>Serves at Mass: Every Third Sunday of each month (August-May), currently at the 10:00AM English Mass <\/strong><\/li>\n<li style=\"text-align: left;\"><strong>Serves at special Sacramental Masses, the Parish Festival and other events upon request.<\/strong><\/li>\n<\/ul>\n<p style=\"text-align: left;\">For information on Vox Ministries, Contact <a href=\"https:\/\/stjuliasilercity.org\/en\/ministries\/music-ministries\/music.web.coordinator@stjsc.org\">Tamara Hill<\/a>.<\/p>\n<h4 style=\"text-align: left;\"><strong><a href=\"https:\/\/stjuliasilercity.org\/en\/ministries\/music-ministries\/\">\n<h4 class=\"mkdf-custom-font-holder\" style=\"font-style: normal;text-decoration: none;text-align: center;color: Blue\">\n\tInterested in learning more? Contact us! Click here to go back to our main music page, to fill out the interest form.<\/h4><\/a><\/strong><\/h4>\n<p style=\"text-align: left;\">Vox Music est\u00e1 formado por personas de 13 a\u00f1os o m\u00e1s que desean desarrollar su talento musical y compartirlo en el culto.<br \/>\nAdem\u00e1s de la voz, se pueden usar instrumentos musicales como guitarra, bajo, piano, bater\u00eda e incluso instrumentos de banda como trompeta, saxof\u00f3n, flauta, etc.<\/p>\n<p style=\"text-align: left;\">Esta parte de m\u00fasica contempor\u00e1nea del ministerio permite a aquellos que est\u00e1n orientados a los j\u00f3venes aprender m\u00e1s sobre la Misa, c\u00f3mo guiar a otros en la adoraci\u00f3n y les brinda la oportunidad de servir a Dios de una manera hermosa y significativa.<\/p>\n<ul style=\"text-align: left;\">\n<li style=\"text-align: left;\"><strong>Ensayos: Todos los lunes a las 5:00pm de agosto a mayo.<\/strong><\/li>\n<li style=\"text-align: left;\"><strong>Servicio en la Misa: Cada tercer domingo de cada mes (agosto-mayo), actualmente en la Misa en ingl\u00e9s a las 10:00am <\/strong><\/li>\n<li style=\"text-align: left;\"><strong>Servicio en Misas Sacramentales especiales, el Festival Parroquial y otros eventos bajo petici\u00f3n.<\/strong><\/li>\n<\/ul>\n<p style=\"text-align: left;\">Para obtener informaci\u00f3n sobre Vox Ministries, contacte a <a href=\"https:\/\/stjuliasilercity.org\/en\/ministries\/music-ministries\/music.web.coordinator@stjsc.org\">Tamara Hill<\/a>.<\/p>\n<h4 style=\"text-align: left;\"><strong><a href=\"https:\/\/stjuliasilercity.org\/en\/ministries\/music-ministries\/\">\n<h4 class=\"mkdf-custom-font-holder\" style=\"font-style: normal;text-decoration: none;text-align: center;color: Blue\">\n\t\u00bfTe interesa saber m\u00e1s? \u00a1Cont\u00e1ctanos! Haz clic aqu\u00ed para volver a nuestra p\u00e1gina principal de m\u00fasica y completar el formulario de inter\u00e9s.<\/h4><\/a><\/strong><\/h4>\n\n\t\t<\/div>\n\t<\/div>\n\t<\/div>\n\n<\/div><div data-original-height=\"32\" class=\"vc_empty_space\" style=\" style=&quot;height: 32px&quot;\" >\n\t<span class=\"vc_empty_space_inner\"><\/span>\n<\/div>\n<\/div><\/div><\/div><\/div><\/div><div class=\"vc_row wpb_row vc_row-fluid mkdf-section mkdf-content-aligment-left\" style=\"\"><div class=\"clearfix mkdf-full-section-inner\"><div class=\"wpb_column vc_column_container vc_col-sm-12\"><div class=\"vc_column-inner\"><div class=\"wpb_wrapper\">\n\t<div class=\"wpb_text_column wpb_content_element\" >\n\t\t<div class=\"wpb_wrapper\">\n\t\t\t<p style=\"text-align: center;\">[table \u201c21\u201d not found \/]<br \/>\n<\/p>\n\n\t\t<\/div>\n\t<\/div>\n\n\t<div class=\"wpb_text_column wpb_content_element\" >\n\t\t<div class=\"wpb_wrapper\">\n\t\t\t<p style=\"text-align: center;\">\n<table id=\"tablepress-24\" class=\"tablepress tablepress-id-24\">\n<thead>\n<tr class=\"row-1\">\n\t<th class=\"column-1\"><b>April 19, 2026<\/b><\/th><th class=\"column-2\"><b>Third Sunday of Easter<\/b><\/th><td class=\"column-3\"><\/td><th class=\"column-4\"><b>Vox<\/b><\/th>\n<\/tr>\n<\/thead>\n<tbody class=\"row-striping row-hover\">\n<tr class=\"row-2\">\n\t<td class=\"column-1\">Entrance\/Gathering Song<\/td><td class=\"column-2\">Alleluia! Love Is Alive<\/td><td class=\"column-3\">187<\/td><td class=\"column-4\"><a href=\"https:\/\/www.youtube.com\/watch?v=ZQ9oAgFn7l8&amp;list=RDZQ9oAgFn7l8&amp;start_radio=1\">https:\/\/www.youtube.com\/watch?v=ZQ9oAgFn7l8&amp;list=RDZQ9oAgFn7l8&amp;start_radio=1<\/a><\/td>\n<\/tr>\n<tr class=\"row-3\">\n\t<td class=\"column-1\">Lord Have Mercy<\/td><td class=\"column-2\"><\/td><td class=\"column-3\"><\/td><td class=\"column-4\"><a href=\"https:\/\/www.youtube.com\/watch?v=nYHf9smhPeQ&amp;list=OLAK5uy_kQuUStdQWJnmXAvXIIF4QNXVjeqo9r1KQ&amp;index=4\">https:\/\/www.youtube.com\/watch?v=nYHf9smhPeQ&amp;list=OLAK5uy_kQuUStdQWJnmXAvXIIF4QNXVjeqo9r1KQ&amp;index=4<\/a><\/td>\n<\/tr>\n<tr class=\"row-4\">\n\t<td class=\"column-1\">Responsorial Psalm Setting<\/td><td class=\"column-2\">Lord, You Will Show Us the Path of Life- Huval<\/td><td class=\"column-3\">SP26-176<\/td><td class=\"column-4\"><a href=\"https:\/\/www.youtube.com\/watch?v=MlyQotZo2xE&amp;list=RDMlyQotZo2xE&amp;start_radio=1\">https:\/\/www.youtube.com\/watch?v=MlyQotZo2xE&amp;list=RDMlyQotZo2xE&amp;start_radio=1<\/a><\/td>\n<\/tr>\n<tr class=\"row-5\">\n\t<td class=\"column-1\">Gospel Acclamation<\/td><td class=\"column-2\">Glory to you word of God...<\/td><td class=\"column-3\"><\/td><td class=\"column-4\"><a href=\"https:\/\/www.youtube.com\/watch?v=wXSs8dprOao&amp;list=OLAK5uy_kQuUStdQWJnmXAvXIIF4QNXVjeqo9r1KQ&amp;index=10\">https:\/\/www.youtube.com\/watch?v=wXSs8dprOao&amp;list=OLAK5uy_kQuUStdQWJnmXAvXIIF4QNXVjeqo9r1KQ&amp;index=10<\/a><\/td>\n<\/tr>\n<tr class=\"row-6\">\n\t<td class=\"column-1\">Presentation of the Gifts<\/td><td class=\"column-2\">You Have Called Us<\/td><td class=\"column-3\">652<\/td><td class=\"column-4\"><a href=\"https:\/\/www.youtube.com\/watch?v=xhZ4DVVdSkQ&amp;list=RDxhZ4DVVdSkQ&amp;start_radio=1\">https:\/\/www.youtube.com\/watch?v=xhZ4DVVdSkQ&amp;list=RDxhZ4DVVdSkQ&amp;start_radio=1<\/a><\/td>\n<\/tr>\n<tr class=\"row-7\">\n\t<td class=\"column-1\">Holy<\/td><td class=\"column-2\"><\/td><td class=\"column-3\"><\/td><td class=\"column-4\"><a href=\"https:\/\/www.youtube.com\/watch?v=a7RAweDJUPA&amp;list=OLAK5uy_kQuUStdQWJnmXAvXIIF4QNXVjeqo9r1KQ&amp;index=18\">https:\/\/www.youtube.com\/watch?v=a7RAweDJUPA&amp;list=OLAK5uy_kQuUStdQWJnmXAvXIIF4QNXVjeqo9r1KQ&amp;index=18<\/a><\/td>\n<\/tr>\n<tr class=\"row-8\">\n\t<td class=\"column-1\">Memorial Acclamation<\/td><td class=\"column-2\"><\/td><td class=\"column-3\"><\/td><td class=\"column-4\"><a href=\"https:\/\/www.youtube.com\/watch?v=nsGftHkvoHk&amp;list=OLAK5uy_kQuUStdQWJnmXAvXIIF4QNXVjeqo9r1KQ&amp;index=21\">https:\/\/www.youtube.com\/watch?v=nsGftHkvoHk&amp;list=OLAK5uy_kQuUStdQWJnmXAvXIIF4QNXVjeqo9r1KQ&amp;index=21<\/a><\/td>\n<\/tr>\n<tr class=\"row-9\">\n\t<td class=\"column-1\">Amen<\/td><td class=\"column-2\"><\/td><td class=\"column-3\"><\/td><td class=\"column-4\"><a href=\"https:\/\/www.youtube.com\/watch?v=iSaIKVjsEjk&amp;list=OLAK5uy_kQuUStdQWJnmXAvXIIF4QNXVjeqo9r1KQ&amp;index=24\">https:\/\/www.youtube.com\/watch?v=iSaIKVjsEjk&amp;list=OLAK5uy_kQuUStdQWJnmXAvXIIF4QNXVjeqo9r1KQ&amp;index=24<\/a><\/td>\n<\/tr>\n<tr class=\"row-10\">\n\t<td class=\"column-1\">Lords Prayer<\/td><td class=\"column-2\"><\/td><td class=\"column-3\"><\/td><td class=\"column-4\"><\/td>\n<\/tr>\n<tr class=\"row-11\">\n\t<td class=\"column-1\">Lamb of God<\/td><td class=\"column-2\"><\/td><td class=\"column-3\"><\/td><td class=\"column-4\"><a href=\"https:\/\/www.youtube.com\/watch?v=_1_sN3o9f0c&amp;list=OLAK5uy_kQuUStdQWJnmXAvXIIF4QNXVjeqo9r1KQ&amp;index=25\">https:\/\/www.youtube.com\/watch?v=_1_sN3o9f0c&amp;list=OLAK5uy_kQuUStdQWJnmXAvXIIF4QNXVjeqo9r1KQ&amp;index=25<\/a><\/td>\n<\/tr>\n<tr class=\"row-12\">\n\t<td class=\"column-1\">Communion Processional<\/td><td class=\"column-2\">Taste and See - Angrisano<\/td><td class=\"column-3\">362<\/td><td class=\"column-4\"><a href=\"https:\/\/www.youtube.com\/watch?v=d5ONBaCMUbM\">https:\/\/www.youtube.com\/watch?v=d5ONBaCMUbM<\/a><\/td>\n<\/tr>\n<tr class=\"row-13\">\n\t<td class=\"column-1\">Meditation Hymn<\/td><td class=\"column-2\">The Feast Meant for Everyone<\/td><td class=\"column-3\">366<\/td><td class=\"column-4\"><a href=\"https:\/\/www.youtube.com\/watch?v=uTZyyVcCCLU&amp;list=RDuTZyyVcCCLU&amp;start_radio=1\">https:\/\/www.youtube.com\/watch?v=uTZyyVcCCLU&amp;list=RDuTZyyVcCCLU&amp;start_radio=1<\/a><\/td>\n<\/tr>\n<tr class=\"row-14\">\n\t<td class=\"column-1\"><\/td><td class=\"column-2\">Acoustic version<\/td><td class=\"column-3\"><\/td><td class=\"column-4\"><a href=\"https:\/\/www.youtube.com\/watch?v=y1t2Dav_fg0&amp;list=RDy1t2Dav_fg0&amp;start_radio=1\">https:\/\/www.youtube.com\/watch?v=y1t2Dav_fg0&amp;list=RDy1t2Dav_fg0&amp;start_radio=1<\/a><\/td>\n<\/tr>\n<tr class=\"row-15\">\n\t<td class=\"column-1\"><\/td><td class=\"column-2\">Accompaniment only<\/td><td class=\"column-3\"><\/td><td class=\"column-4\"><a href=\"https:\/\/www.youtube.com\/watch?v=SVCwORt67QA&amp;list=RDSVCwORt67QA&amp;start_radio=1\">https:\/\/www.youtube.com\/watch?v=SVCwORt67QA&amp;list=RDSVCwORt67QA&amp;start_radio=1<\/a><\/td>\n<\/tr>\n<tr class=\"row-16\">\n\t<td class=\"column-1\">Closing Hymn<\/td><td class=\"column-2\">Alleluia, Alleluia- Hymn to Joy<\/td><td class=\"column-3\">191<\/td><td class=\"column-4\"><a href=\"https:\/\/www.youtube.com\/watch?v=6Jej5GGX74w&amp;list=RD6Jej5GGX74w&amp;start_radio=1\">https:\/\/www.youtube.com\/watch?v=6Jej5GGX74w&amp;list=RD6Jej5GGX74w&amp;start_radio=1<\/a><\/td>\n<\/tr>\n<tr class=\"row-17\">\n\t<td class=\"column-1\"><\/td><td class=\"column-2\">Fun video Same tune, remake of the original Sister Act song<\/td><td class=\"column-3\"><\/td><td class=\"column-4\"><a href=\"https:\/\/www.youtube.com\/watch?v=-KP3XizrZHQ&amp;list=RD-KP3XizrZHQ&amp;start_radio=1\">https:\/\/www.youtube.com\/watch?v=-KP3XizrZHQ&amp;list=RD-KP3XizrZHQ&amp;start_radio=1<\/a><\/td>\n<\/tr>\n<\/tbody>\n<\/table>\n<!-- #tablepress-24 from cache --><\/p>\n\n\t\t<\/div>\n\t<\/div>\n<\/div><\/div><\/div><\/div><\/div><div class=\"vc_row wpb_row vc_row-fluid mkdf-section mkdf-content-aligment-left\" style=\"\"><div class=\"clearfix mkdf-full-section-inner\"><div class=\"wpb_column vc_column_container vc_col-sm-12\"><div class=\"vc_column-inner\"><div class=\"wpb_wrapper\"><\/div><\/div><\/div><\/div><\/div>\n<\/div>","protected":false},"excerpt":{"rendered":"Vox Music Ministry Vox Music is made up of\u00a0 individuals ages 13 and older, who would like to bring forth their musical talents and share them in worship. Aside from voice, musical...","protected":false},"author":6,"featured_media":0,"parent":4908,"menu_order":0,"comment_status":"closed","ping_status":"closed","template":"","meta":{"advanced_seo_description":"","jetpack_seo_html_title":"","jetpack_seo_noindex":false,"footnotes":""},"class_list":["post-6794","page","type-page","status-publish","hentry"],"jetpack_sharing_enabled":true,"_links":{"self":[{"href":"https:\/\/stjuliasilercity.org\/es\/wp-json\/wp\/v2\/pages\/6794","targetHints":{"allow":["GET"]}}],"collection":[{"href":"https:\/\/stjuliasilercity.org\/es\/wp-json\/wp\/v2\/pages"}],"about":[{"href":"https:\/\/stjuliasilercity.org\/es\/wp-json\/wp\/v2\/types\/page"}],"author":[{"embeddable":true,"href":"https:\/\/stjuliasilercity.org\/es\/wp-json\/wp\/v2\/users\/6"}],"replies":[{"embeddable":true,"href":"https:\/\/stjuliasilercity.org\/es\/wp-json\/wp\/v2\/comments?post=6794"}],"version-history":[{"count":45,"href":"https:\/\/stjuliasilercity.org\/es\/wp-json\/wp\/v2\/pages\/6794\/revisions"}],"predecessor-version":[{"id":12205,"href":"https:\/\/stjuliasilercity.org\/es\/wp-json\/wp\/v2\/pages\/6794\/revisions\/12205"}],"up":[{"embeddable":true,"href":"https:\/\/stjuliasilercity.org\/es\/wp-json\/wp\/v2\/pages\/4908"}],"wp:attachment":[{"href":"https:\/\/stjuliasilercity.org\/es\/wp-json\/wp\/v2\/media?parent=6794"}],"curies":[{"name":"wp","href":"https:\/\/api.w.org\/{rel}","templated":true}]}}