{"id":5515,"date":"2021-08-30T09:48:14","date_gmt":"2021-08-30T13:48:14","guid":{"rendered":"https:\/\/stjuliasilercity.org\/?page_id=5515"},"modified":"2025-06-03T11:54:38","modified_gmt":"2025-06-03T15:54:38","slug":"rcia-for-adults","status":"publish","type":"page","link":"https:\/\/stjuliasilercity.org\/es\/rcia-for-adults\/","title":{"rendered":"RCIA for Adults"},"content":{"rendered":"<div class=\"wpb-content-wrapper\"><div class=\"vc_row wpb_row vc_row-fluid mkdf-section mkdf-content-aligment-left\" style=\"\"><div class=\"clearfix mkdf-full-section-inner\"><div class=\"wpb_column vc_column_container vc_col-sm-12\"><div class=\"vc_column-inner\"><div class=\"wpb_wrapper\">\n\t<div class=\"wpb_text_column wpb_content_element\" >\n\t\t<div class=\"wpb_wrapper\">\n\t\t\t<p><img data-recalc-dims=\"1\" loading=\"lazy\" decoding=\"async\" class=\"size-medium wp-image-6679 aligncenter\" src=\"https:\/\/i0.wp.com\/stjuliasilercity.org\/wp-content\/uploads\/2024\/08\/Bible-Greens.png?resize=300%2C300&#038;ssl=1\" alt=\"Photo of Bible sitting on green ferns\" width=\"300\" height=\"300\" \/><\/p>\n<h2 class=\"entry-title\"><strong>Rite of Christian Initiation (RCIA) for Adults \/ Rito de Iniciaci\u00f3n Cristiana (RICA) para adultos<\/strong><\/h2>\n<p><em>The Rite of Christian Initiation is designed for adults (and children of catechetical age) who, after hearing the mystery of Christ proclaimed, consciously and freely seek the living God and enter the way of faith and conversion as the Holy Spirit opens their hearts. By God\u2019s help they will be strengthened spiritually during their preparation and at the proper time will receive the sacraments fruitfully.<\/em><\/p>\n<p>Are you interested in becoming Catholic or know someone who is? Are you curious about Catholicism? Come join us on Saturdays starting at 6:00 pm to 7:30 pm for our RCIA Catechism. Looking forward to seeing you there!<\/p>\n<p>For additional information, please contact Victoria Palacios, Director of Faith Formation, please fill out the registration form, save it, and email it at <a href=\"mailto:Faith.Formation@stjsc.org\">Faith.Formation@stjsc.org<\/a> .<\/p>\n<p>FORMS:<\/p>\n<ul>\n<li><a href=\"https:\/\/stjuliasilercity.org\/wp-content\/uploads\/2025\/06\/OCIA-Adults-Saturday-Spanish-form.pdf\">RCIA Program for Adults First Year- Spanish<\/a>, Saturdays, 5:00-6:30 PM<\/li>\n<li><a href=\"https:\/\/stjuliasilercity.org\/wp-content\/uploads\/2021\/08\/RCIA-21-22-second-year.pdf\">RCIA Program for Adults Second Year- Spanish<\/a>, Saturday, 5:00-6:30 PM<\/li>\n<li><a href=\"https:\/\/stjuliasilercity.org\/wp-content\/uploads\/2025\/06\/OCIA-Adults-Saturday-English-form.pdf\">RCIA Program for Adults First Year- English<\/a>, Saturdays, 6:00-7:30 PM<\/li>\n<li><a href=\"https:\/\/stjuliasilercity.org\/wp-content\/uploads\/2021\/08\/RCIA-21-22-second-year.pdf\">RCIA Program for Adults Second Year- English<\/a>, Saturday, 6:00-7:30 PM<\/li>\n<li><a href=\"https:\/\/stjuliasilercity.org\/wp-content\/uploads\/2025\/06\/Conformation-Sponsor-Form-English.pdf\">Sponsor Form<\/a><\/li>\n<\/ul>\n<p>&nbsp;<\/p>\n<p>El Rito de Iniciaci\u00f3n Cristiana est\u00e1 dise\u00f1ado para adultos (y ni\u00f1os en edad catequ\u00e9tica) que, despu\u00e9s de escuchar el misterio de Cristo proclamado, consciente y libremente buscan al Dios vivo y entran en el camino de la fe y la conversi\u00f3n cuando el Esp\u00edritu Santo abre sus corazones. Con la ayuda de Dios ser\u00e1n fortalecidos espiritualmente durante su preparaci\u00f3n y en el momento adecuado recibir\u00e1n los sacramentos de manera fruct\u00edfera.<\/p>\n<p>\u00bfEst\u00e1 interesado en convertirse en cat\u00f3lico o conoce a alguien que lo sea? \u00bfTiene curiosidad sobre el catolicismo? \u00danase a nosotros los s\u00e1bados a partir de las 6:00 p. m. a las 7:30 p. m. para nuestro Catecismo RCIA. \u00a1Esperamos verlo all\u00ed!<\/p>\n<p>Para obtener informaci\u00f3n adicional, comun\u00edquese con Victoria Palacios, Directora de Formaci\u00f3n en la Fe, complete el formulario de inscripci\u00f3n, gu\u00e1rdelo y env\u00edelo por correo electr\u00f3nico a Faith.Formation@stjsc.org .<\/p>\n<p>FORMULARIOS:<\/p>\n<ul>\n<li><a href=\"https:\/\/stjuliasilercity.org\/wp-content\/uploads\/2025\/06\/OCIA-Adults-Saturday-Spanish-form.pdf\">Programa RCIA para adultos de primer a\u00f1o en espa\u00f1ol, s\u00e1bados<\/a>, de 5:00 a 6:30 p. m.<\/li>\n<li><a href=\"https:\/\/stjuliasilercity.org\/wp-content\/uploads\/2021\/08\/RCIA-21-22-second-year.pdf\">Programa RCIA para adultos de segundo a\u00f1o <\/a><a href=\"https:\/\/stjuliasilercity.org\/wp-content\/uploads\/2021\/08\/RCIA-21-22-first-year.pdf\">en <\/a><a href=\"https:\/\/stjuliasilercity.org\/wp-content\/uploads\/2021\/08\/RCIA-21-22-first-year.pdf\">espa\u00f1ol<\/a><a href=\"https:\/\/stjuliasilercity.org\/wp-content\/uploads\/2021\/08\/RCIA-21-22-second-year.pdf\">, s\u00e1bados,<\/a> de 5:00 a 6:30 p. m.<\/li>\n<li><a href=\"https:\/\/stjuliasilercity.org\/wp-content\/uploads\/2025\/06\/OCIA-Adults-Saturday-English-form.pdf\">Programa RCIA para adultos de primer a\u00f1o en ingl\u00e9s, s\u00e1bados<\/a>, de 6:00 a 7:30 p. m.<\/li>\n<li><a href=\"https:\/\/stjuliasilercity.org\/wp-content\/uploads\/2021\/08\/RCIA-21-22-second-year.pdf\">Programa RCIA para adultos de segundo a\u00f1o <\/a><a href=\"https:\/\/stjuliasilercity.org\/wp-content\/uploads\/2021\/08\/RCIA-21-22-first-year.pdf\">en <\/a><a href=\"https:\/\/stjuliasilercity.org\/wp-content\/uploads\/2021\/08\/RCIA-21-22-first-year.pdf\">ingl\u00e9s<\/a><a href=\"https:\/\/stjuliasilercity.org\/wp-content\/uploads\/2021\/08\/RCIA-21-22-second-year.pdf\">, s\u00e1bados,<\/a> de 6:00 a 7:30 p. m.<\/li>\n<li><a href=\"https:\/\/stjuliasilercity.org\/wp-content\/uploads\/2025\/06\/Conformation-Sponsor-Form-Spanish.pdf\">Formulario de patrocinador<\/a><\/li>\n<\/ul>\n\n\t\t<\/div>\n\t<\/div>\n<\/div><\/div><\/div><\/div><\/div><div class=\"vc_row wpb_row vc_row-fluid mkdf-section mkdf-content-aligment-left\" style=\"\"><div class=\"clearfix mkdf-full-section-inner\"><div class=\"wpb_column vc_column_container vc_col-sm-12\"><div class=\"vc_column-inner\"><div class=\"wpb_wrapper\"><\/div><\/div><\/div><\/div><\/div>\n<\/div>","protected":false},"excerpt":{"rendered":"Rite of Christian Initiation (RCIA) for Adults \/ Rito de Iniciaci\u00f3n Cristiana (RICA) para adultos The Rite of Christian Initiation is designed for adults (and children of catechetical age) who, after hearing...","protected":false},"author":6,"featured_media":0,"parent":0,"menu_order":0,"comment_status":"closed","ping_status":"closed","template":"","meta":{"advanced_seo_description":"","jetpack_seo_html_title":"","jetpack_seo_noindex":false,"footnotes":""},"class_list":["post-5515","page","type-page","status-publish","hentry"],"jetpack_sharing_enabled":true,"_links":{"self":[{"href":"https:\/\/stjuliasilercity.org\/es\/wp-json\/wp\/v2\/pages\/5515","targetHints":{"allow":["GET"]}}],"collection":[{"href":"https:\/\/stjuliasilercity.org\/es\/wp-json\/wp\/v2\/pages"}],"about":[{"href":"https:\/\/stjuliasilercity.org\/es\/wp-json\/wp\/v2\/types\/page"}],"author":[{"embeddable":true,"href":"https:\/\/stjuliasilercity.org\/es\/wp-json\/wp\/v2\/users\/6"}],"replies":[{"embeddable":true,"href":"https:\/\/stjuliasilercity.org\/es\/wp-json\/wp\/v2\/comments?post=5515"}],"version-history":[{"count":6,"href":"https:\/\/stjuliasilercity.org\/es\/wp-json\/wp\/v2\/pages\/5515\/revisions"}],"predecessor-version":[{"id":9879,"href":"https:\/\/stjuliasilercity.org\/es\/wp-json\/wp\/v2\/pages\/5515\/revisions\/9879"}],"wp:attachment":[{"href":"https:\/\/stjuliasilercity.org\/es\/wp-json\/wp\/v2\/media?parent=5515"}],"curies":[{"name":"wp","href":"https:\/\/api.w.org\/{rel}","templated":true}]}}