{"id":5508,"date":"2021-08-29T14:20:29","date_gmt":"2021-08-29T18:20:29","guid":{"rendered":"https:\/\/stjuliasilercity.org\/?page_id=5508"},"modified":"2024-08-07T10:20:13","modified_gmt":"2024-08-07T14:20:13","slug":"first-reconciliation","status":"publish","type":"page","link":"https:\/\/stjuliasilercity.org\/es\/sacraments\/first-reconciliation\/","title":{"rendered":"First Reconciliation"},"content":{"rendered":"<div class=\"wpb-content-wrapper\"><div class=\"vc_row wpb_row vc_row-fluid mkdf-section mkdf-content-aligment-left\" style=\"\"><div class=\"clearfix mkdf-full-section-inner\"><div class=\"wpb_column vc_column_container vc_col-sm-12\"><div class=\"vc_column-inner\"><div class=\"wpb_wrapper\">\n\t<div class=\"wpb_text_column wpb_content_element\" >\n\t\t<div class=\"wpb_wrapper\">\n\t\t\t<p><img data-recalc-dims=\"1\" loading=\"lazy\" decoding=\"async\" class=\"wp-image-6657 alignleft\" src=\"https:\/\/i0.wp.com\/stjuliasilercity.org\/wp-content\/uploads\/2024\/08\/girl-reconciliation.png?resize=120%2C120&#038;ssl=1\" alt=\"\" width=\"120\" height=\"120\" \/>At Saint Julia Catholic Church, preparation to receive the Sacrament of Reconciliation for the first time occurs during the second year of First Communion preparation.<\/p>\n<p>After completion of the Sacramental preparation for Reconciliation, the youth have an opportunity to receive the Sacrament of Healing for the first time during the month of May, Tuesday through Friday from 6:30 pm until 7:30 pm.<\/p>\n<p>For additional information, please contact Victoria Rangel, Coordinator of First Communion at <a href=\"mailto:vrangel84@yahoo.com\">vrangel84@yahoo.com<\/a>.<\/p>\n<p>&nbsp;<\/p>\n<p>&nbsp;<\/p>\n<p>&nbsp;<\/p>\n<p><img data-recalc-dims=\"1\" loading=\"lazy\" decoding=\"async\" class=\"wp-image-6653 alignright\" src=\"https:\/\/i0.wp.com\/stjuliasilercity.org\/wp-content\/uploads\/2024\/08\/first-reconciliation.png?resize=141%2C141&#038;ssl=1\" alt=\"\" width=\"141\" height=\"141\" \/>En la Iglesia Cat\u00f3lica Santa Julia, la preparaci\u00f3n para recibir el Sacramento de la Reconciliaci\u00f3n\u00a0por primera vez ocurre durante el segundo a\u00f1o de preparaci\u00f3n para la Primera Comuni\u00f3n.<\/p>\n<p>Despu\u00e9s de completar la preparaci\u00f3n sacramental para la Reconciliaci\u00f3n, los j\u00f3venes tienen la oportunidad de recibir el Sacramento de la Sanaci\u00f3n por primera vez durante el mes de mayo, de martes a viernes de 6:30 p. m. a 7:30 p. m.<\/p>\n<p>Para obtener informaci\u00f3n adicional, comun\u00edquese con Victoria Rangel, Coordinadora de Primera Comuni\u00f3n en <a href=\"mailto:vrangel84@yahoo.com\">vrangel84@yahoo.com<\/a>.<\/p>\n\n\t\t<\/div>\n\t<\/div>\n<\/div><\/div><\/div><\/div><\/div><div class=\"vc_row wpb_row vc_row-fluid mkdf-section mkdf-content-aligment-left\" style=\"\"><div class=\"clearfix mkdf-full-section-inner\"><div class=\"wpb_column vc_column_container vc_col-sm-12\"><div class=\"vc_column-inner\"><div class=\"wpb_wrapper\"><\/div><\/div><\/div><\/div><\/div>\n<\/div>","protected":false},"excerpt":{"rendered":"At Saint Julia Catholic Church, preparation to receive the Sacrament of Reconciliation for the first time occurs during the second year of First Communion preparation. After completion of the Sacramental preparation for...","protected":false},"author":6,"featured_media":0,"parent":4241,"menu_order":0,"comment_status":"closed","ping_status":"closed","template":"","meta":{"advanced_seo_description":"","jetpack_seo_html_title":"","jetpack_seo_noindex":false,"footnotes":""},"class_list":["post-5508","page","type-page","status-publish","hentry"],"jetpack_sharing_enabled":true,"_links":{"self":[{"href":"https:\/\/stjuliasilercity.org\/es\/wp-json\/wp\/v2\/pages\/5508","targetHints":{"allow":["GET"]}}],"collection":[{"href":"https:\/\/stjuliasilercity.org\/es\/wp-json\/wp\/v2\/pages"}],"about":[{"href":"https:\/\/stjuliasilercity.org\/es\/wp-json\/wp\/v2\/types\/page"}],"author":[{"embeddable":true,"href":"https:\/\/stjuliasilercity.org\/es\/wp-json\/wp\/v2\/users\/6"}],"replies":[{"embeddable":true,"href":"https:\/\/stjuliasilercity.org\/es\/wp-json\/wp\/v2\/comments?post=5508"}],"version-history":[{"count":4,"href":"https:\/\/stjuliasilercity.org\/es\/wp-json\/wp\/v2\/pages\/5508\/revisions"}],"predecessor-version":[{"id":6658,"href":"https:\/\/stjuliasilercity.org\/es\/wp-json\/wp\/v2\/pages\/5508\/revisions\/6658"}],"up":[{"embeddable":true,"href":"https:\/\/stjuliasilercity.org\/es\/wp-json\/wp\/v2\/pages\/4241"}],"wp:attachment":[{"href":"https:\/\/stjuliasilercity.org\/es\/wp-json\/wp\/v2\/media?parent=5508"}],"curies":[{"name":"wp","href":"https:\/\/api.w.org\/{rel}","templated":true}]}}