{"id":5483,"date":"2021-08-15T21:22:19","date_gmt":"2021-08-16T01:22:19","guid":{"rendered":"https:\/\/stjuliasilercity.org\/?page_id=5483"},"modified":"2025-04-10T10:49:36","modified_gmt":"2025-04-10T14:49:36","slug":"about-conventual-franciscan-friars","status":"publish","type":"page","link":"https:\/\/stjuliasilercity.org\/es\/about-conventual-franciscan-friars\/","title":{"rendered":"About Conventual Franciscan Friars"},"content":{"rendered":"<div class=\"wpb-content-wrapper\"><div class=\"vc_row wpb_row vc_row-fluid mkdf-section mkdf-content-aligment-left\" style=\"\"><div class=\"clearfix mkdf-full-section-inner\"><div class=\"wpb_column vc_column_container vc_col-sm-12\"><div class=\"vc_column-inner\"><div class=\"wpb_wrapper\">\n\t<div  class=\"wpb_single_image wpb_content_element vc_align_center wpb_content_element\">\n\t\t\n\t\t<figure class=\"wpb_wrapper vc_figure\">\n\t\t\t<div class=\"vc_single_image-wrapper vc_box_rounded  vc_box_border_grey\"><img loading=\"lazy\" decoding=\"async\" width=\"600\" height=\"356\" src=\"https:\/\/i0.wp.com\/stjuliasilercity.org\/wp-content\/uploads\/2024\/08\/St-Francis-full-photo-scaled.jpg?fit=600%2C356&amp;ssl=1\" class=\"vc_single_image-img attachment-large\" alt=\"\" title=\"St Francis full photo\" srcset=\"https:\/\/i0.wp.com\/stjuliasilercity.org\/wp-content\/uploads\/2024\/08\/St-Francis-full-photo-scaled.jpg?w=2560&amp;ssl=1 2560w, https:\/\/i0.wp.com\/stjuliasilercity.org\/wp-content\/uploads\/2024\/08\/St-Francis-full-photo-scaled.jpg?resize=300%2C178&amp;ssl=1 300w, https:\/\/i0.wp.com\/stjuliasilercity.org\/wp-content\/uploads\/2024\/08\/St-Francis-full-photo-scaled.jpg?resize=600%2C356&amp;ssl=1 600w, https:\/\/i0.wp.com\/stjuliasilercity.org\/wp-content\/uploads\/2024\/08\/St-Francis-full-photo-scaled.jpg?resize=768%2C456&amp;ssl=1 768w, https:\/\/i0.wp.com\/stjuliasilercity.org\/wp-content\/uploads\/2024\/08\/St-Francis-full-photo-scaled.jpg?resize=1536%2C912&amp;ssl=1 1536w, https:\/\/i0.wp.com\/stjuliasilercity.org\/wp-content\/uploads\/2024\/08\/St-Francis-full-photo-scaled.jpg?resize=18%2C12&amp;ssl=1 18w, https:\/\/i0.wp.com\/stjuliasilercity.org\/wp-content\/uploads\/2024\/08\/St-Francis-full-photo-scaled.jpg?w=2120&amp;ssl=1 2120w\" sizes=\"auto, (max-width: 600px) 100vw, 600px\" \/><\/div>\n\t\t<\/figure>\n\t<\/div>\n\n\t<div class=\"wpb_text_column wpb_content_element\" >\n\t\t<div class=\"wpb_wrapper\">\n\t\t\t<p style=\"text-align: center;\">St Julia&#8217;s Parish is served by the Franciscan Friars of Our Lady of the Angels Province.\u00a0\u00a0To learn more about St. Francis of Assisi, or the Friars of Our Lady of the Angels Province, click here to visit their website:<\/p>\n<p style=\"text-align: center;\">La parroquia de Santa Julia est\u00e1 atendida por los Frailes Franciscanos de la Provincia de Nuestra Se\u00f1ora de los \u00c1ngeles. Para obtener m\u00e1s informaci\u00f3n sobre San Francisco de As\u00eds o los Frailes de la Provincia de Nuestra Se\u00f1ora de los \u00c1ngeles, haga clic aqu\u00ed para visitar su sitio web:<\/p>\n<p style=\"text-align: center;\"><a href=\"https:\/\/www.olaprovince.org\/\" target=\"_blank\" rel=\"noopener\"><a href=\"https:\/\/www.olaprovince.org\/\" target=\"_self\" style=\"font-weight: 400\" class=\"mkdf-btn mkdf-btn-medium mkdf-btn-solid mkdf-btn-hover-outline\"  >\n\t\n\t\t<span class=\"mkdf-btn-text\">Our Lady of the Angels Province \/ Provincia de Nuestra Se\u00f1ora de los \u00c1ngeles<\/span>\n<\/a><\/a><\/p>\n\n\t\t<\/div>\n\t<\/div>\n<div data-original-height=\"80\" class=\"vc_empty_space\" style=\" style=&quot;height: 80px&quot;\" >\n\t<span class=\"vc_empty_space_inner\"><\/span>\n<\/div>\n<\/div><\/div><\/div><\/div><\/div><div class=\"vc_row wpb_row vc_row-fluid mkdf-section mkdf-content-aligment-left\" style=\"\"><div class=\"clearfix mkdf-full-section-inner\"><div class=\"wpb_column vc_column_container vc_col-sm-6\"><div class=\"vc_column-inner\"><div class=\"wpb_wrapper\"><div data-original-height=\"32\" class=\"vc_empty_space\" style=\" style=&quot;height: 32px&quot;\" >\n\t<span class=\"vc_empty_space_inner\"><\/span>\n<\/div>\n\n<div class=\"mkdf-video-button\">\n\t<a class=\"mkdf-video-button-play\" href=\"https:\/\/www.youtube.com\/watch?v=b0o5J0-8OA0\" data-rel=\"prettyPhoto\" >\n\t\t<span class=\"mkdf-video-button-wrapper\">\n\t\t\t<span class=\"arrow_triangle-right\"><\/span>\n\t\t<\/span>\n\t<\/a>\n\t\t\t<h6 class=\"mkdf-video-button-title\">\n\t\t\tWhat is Contemplative Prayer and Why is it so Needed? with Fr. Richard Rohr \/ \u00bfQu\u00e9 es la oraci\u00f3n contemplativa y por qu\u00e9 es tan necesaria? Con el padre Richard Rohr\t\t<\/h6>\n\t<\/div>\n<div class=\"mkdf-video-button\">\n\t<a class=\"mkdf-video-button-play\" href=\"https:\/\/youtu.be\/Ww_UvKRZJro?si=xDflFgJwS_4Ia3Kw\" data-rel=\"prettyPhoto\" >\n\t\t<span class=\"mkdf-video-button-wrapper\">\n\t\t\t<span class=\"arrow_triangle-right\"><\/span>\n\t\t<\/span>\n\t<\/a>\n\t\t\t<h6 class=\"mkdf-video-button-title\">\n\t\t\tPapa explica en qu\u00e9 consiste la oraci\u00f3n contemplativa \/ Pope explains what contemplative prayer consists of\t\t<\/h6>\n\t<\/div><\/div><\/div><\/div><div class=\"wpb_column vc_column_container vc_col-sm-6\"><div class=\"vc_column-inner\"><div class=\"wpb_wrapper\"><div data-original-height=\"32\" class=\"vc_empty_space\" style=\" style=&quot;height: 32px&quot;\" >\n\t<span class=\"vc_empty_space_inner\"><\/span>\n<\/div>\n<div class=\"vc_btn3-container vc_btn3-center vc_do_btn\" ><a class=\"vc_general vc_btn3 vc_btn3-size-md vc_btn3-shape-round vc_btn3-style-modern vc_btn3-icon-left vc_btn3-color-mulled-wine\" href=\"https:\/\/www.franciscanmedia.org\/franciscan-tradition-and-resources\/st-francis-style-of-prayer\/\" title=\"\" onclick=\"target=&quot;_blank&quot;\"><i class=\"vc_btn3-icon fas fa-play\"><\/i> St. Francis\u2019 Style of Prayer \/ El estilo de oraci\u00f3n de San Francisco<\/a><\/div><\/div><\/div><\/div><\/div><\/div><div class=\"vc_row wpb_row vc_row-fluid mkdf-section mkdf-content-aligment-left\" style=\"\"><div class=\"clearfix mkdf-full-section-inner\"><div class=\"wpb_column vc_column_container vc_col-sm-12\"><div class=\"vc_column-inner\"><div class=\"wpb_wrapper\"><div data-original-height=\"32\" class=\"vc_empty_space\" style=\" style=&quot;height: 32px&quot;\" >\n\t<span class=\"vc_empty_space_inner\"><\/span>\n<\/div>\n<\/div><\/div><\/div><\/div><\/div><div class=\"vc_row wpb_row vc_row-fluid mkdf-section mkdf-content-aligment-left\" style=\"\"><div class=\"clearfix mkdf-full-section-inner\"><div class=\"wpb_column vc_column_container vc_col-sm-4\"><div class=\"vc_column-inner\"><div class=\"wpb_wrapper\"><\/div><\/div><\/div><div class=\"wpb_column vc_column_container vc_col-sm-4\"><div class=\"vc_column-inner\"><div class=\"wpb_wrapper\">\n\t<div class=\"wpb_text_column wpb_content_element\" >\n\t\t<div class=\"wpb_wrapper\">\n\t\t\t<p style=\"text-align: center;\"><strong>About Saint Francis of Assisi<\/strong><\/p>\n\n\t\t<\/div>\n\t<\/div>\n\n\t<div class=\"wpb_text_column wpb_content_element\" >\n\t\t<div class=\"wpb_wrapper\">\n\t\t\t<p><a href=\"https:\/\/www.franciscanmedia.org\/who-was-st-francis-of-assisi\/\" target=\"_blank\" rel=\"noopener\"><img data-recalc-dims=\"1\" loading=\"lazy\" decoding=\"async\" class=\"wp-image-9078 aligncenter\" src=\"https:\/\/i0.wp.com\/stjuliasilercity.org\/wp-content\/uploads\/2025\/04\/st-francis-2.png?resize=242%2C372&#038;ssl=1\" alt=\"\" width=\"242\" height=\"372\" srcset=\"https:\/\/i0.wp.com\/stjuliasilercity.org\/wp-content\/uploads\/2025\/04\/st-francis-2.png?resize=195%2C300&amp;ssl=1 195w, https:\/\/i0.wp.com\/stjuliasilercity.org\/wp-content\/uploads\/2025\/04\/st-francis-2.png?resize=391%2C600&amp;ssl=1 391w, https:\/\/i0.wp.com\/stjuliasilercity.org\/wp-content\/uploads\/2025\/04\/st-francis-2.png?resize=8%2C12&amp;ssl=1 8w, https:\/\/i0.wp.com\/stjuliasilercity.org\/wp-content\/uploads\/2025\/04\/st-francis-2.png?w=428&amp;ssl=1 428w\" sizes=\"auto, (max-width: 242px) 100vw, 242px\" \/><\/a><\/p>\n\n\t\t<\/div>\n\t<\/div>\n<\/div><\/div><\/div><div class=\"wpb_column vc_column_container vc_col-sm-4\"><div class=\"vc_column-inner\"><div class=\"wpb_wrapper\"><\/div><\/div><\/div><\/div><\/div>\n<\/div>","protected":false},"excerpt":{"rendered":"St Julia's Parish is served by the Franciscan Friars of Our Lady of the Angels Province.\u00a0\u00a0To learn more about St. Francis of Assisi, or the Friars of Our Lady of the Angels...","protected":false},"author":6,"featured_media":0,"parent":0,"menu_order":0,"comment_status":"closed","ping_status":"closed","template":"","meta":{"advanced_seo_description":"","jetpack_seo_html_title":"","jetpack_seo_noindex":false,"footnotes":""},"class_list":["post-5483","page","type-page","status-publish","hentry"],"jetpack_sharing_enabled":true,"_links":{"self":[{"href":"https:\/\/stjuliasilercity.org\/es\/wp-json\/wp\/v2\/pages\/5483","targetHints":{"allow":["GET"]}}],"collection":[{"href":"https:\/\/stjuliasilercity.org\/es\/wp-json\/wp\/v2\/pages"}],"about":[{"href":"https:\/\/stjuliasilercity.org\/es\/wp-json\/wp\/v2\/types\/page"}],"author":[{"embeddable":true,"href":"https:\/\/stjuliasilercity.org\/es\/wp-json\/wp\/v2\/users\/6"}],"replies":[{"embeddable":true,"href":"https:\/\/stjuliasilercity.org\/es\/wp-json\/wp\/v2\/comments?post=5483"}],"version-history":[{"count":13,"href":"https:\/\/stjuliasilercity.org\/es\/wp-json\/wp\/v2\/pages\/5483\/revisions"}],"predecessor-version":[{"id":9085,"href":"https:\/\/stjuliasilercity.org\/es\/wp-json\/wp\/v2\/pages\/5483\/revisions\/9085"}],"wp:attachment":[{"href":"https:\/\/stjuliasilercity.org\/es\/wp-json\/wp\/v2\/media?parent=5483"}],"curies":[{"name":"wp","href":"https:\/\/api.w.org\/{rel}","templated":true}]}}