{"id":5409,"date":"2021-08-09T11:55:23","date_gmt":"2021-08-09T11:55:23","guid":{"rendered":"https:\/\/stjuliasilercity.org\/?page_id=5409"},"modified":"2025-12-12T16:34:53","modified_gmt":"2025-12-12T21:34:53","slug":"our-lady-of-guadalupe","status":"publish","type":"page","link":"https:\/\/stjuliasilercity.org\/es\/celebrations\/our-lady-of-guadalupe\/","title":{"rendered":"OUR LADY OF GUADALUPE"},"content":{"rendered":"<div class=\"wpb-content-wrapper\"><div class=\"vc_row wpb_row vc_row-fluid mkdf-section mkdf-content-aligment-left\" style=\"\"><div class=\"clearfix mkdf-full-section-inner\"><div class=\"wpb_column vc_column_container vc_col-sm-12\"><div class=\"vc_column-inner\"><div class=\"wpb_wrapper\"><\/div><\/div><\/div><\/div><\/div><div class=\"vc_row wpb_row vc_row-fluid mkdf-section vc_custom_1626055016925 mkdf-content-aligment-left\" style=\"\"><div class=\"clearfix mkdf-full-section-inner\"><div class=\"wpb_column vc_column_container vc_col-sm-12\"><div class=\"vc_column-inner\"><div class=\"wpb_wrapper\">\n\t<div class=\"wpb_text_column wpb_content_element\" >\n\t\t<div class=\"wpb_wrapper\">\n\t\t\t<p style=\"text-align: center;\"><strong style=\"font-size: 16px;\"><img data-recalc-dims=\"1\" loading=\"lazy\" decoding=\"async\" class=\"wp-image-7851 alignnone\" src=\"https:\/\/i0.wp.com\/stjuliasilercity.org\/wp-content\/uploads\/2024\/11\/Our-Lady-of-Guadalupe-1.webp?resize=453%2C290&#038;ssl=1\" alt=\"\" width=\"453\" height=\"290\" \/><\/strong><\/p>\n<p style=\"text-align: center;\"><strong style=\"font-size: 16px;\">The Story of Our Lady of Guadalupe<\/strong><\/p>\n<p style=\"text-align: left;\">The story of Our Lady of Guadalupe goes back to the 16th century, December 9, 1531, when a poor man named Juan Diego who lived in a small village near Mexico City was on his way to a nearby barrio to attend Mass in honor of Our Lady.<\/p>\n<p style=\"text-align: left;\">He walked by a hill called Tepeyac when he heard beautiful music, and saw a radiant cloud appear before him. Standing before him was an Indian maiden dressed like an Aztec princess, and who spoke to him in his own language. She asked him to go to the bishop of Mexico, a Franciscan named Juan de Zumarraga, and request him to build a chapel in the place where the lady appeared.<\/p>\n<p style=\"text-align: left;\">When Juan Diego did as the lady asked, the bishop told Juan he would do this only if the lady would give him a sign. About this same time Juan\u2019s uncle became seriously ill, which led poor Juan to try to avoid the lady. Nevertheless the lady found Juan Diego and assured him that his uncle would recover.<\/p>\n<p style=\"text-align: left;\">The lady instructed Juan Diego to climb to the top of Tepeyac Hill where he would find flowers to pick. He was instructed to place these flowers in his tilma, and keep them hidden until he saw the bishop. Juan Diego gathered the beautiful and unique dark pink roses into his cloak, and headed back to see the bishop of Mexico.<\/p>\n<p style=\"text-align: left;\">On December 12, when Juan Diego opened his tilma in the bishop\u2019s presence, Castilian roses fell to the ground, and the bishop sank to his knees. This sign was very personal to the bishop, with roses from his own hometown of Castile, Spain, it proved that his request would be answered.<\/p>\n<p style=\"text-align: left;\">On the tilma, where the roses had been, appeared an image of Our Blessed Mother\u2019s image, exactly as she had appeared at the hill of Tepeyac, clothed in the sun with the moon at her feet.<\/p>\n<p>&nbsp;<\/p>\n<p style=\"text-align: center;\"><strong>Our Lady of Guadalupe is the Patron Saint of:<\/strong><\/p>\n<p style=\"text-align: center;\">The Americas<br \/>\nMexico<\/p>\n\n\t\t<\/div>\n\t<\/div>\n<\/div><\/div><\/div><\/div><\/div><div class=\"vc_row wpb_row vc_row-fluid mkdf-section mkdf-content-aligment-left\" style=\"\"><div class=\"clearfix mkdf-full-section-inner\"><div class=\"wpb_column vc_column_container vc_col-sm-12\"><div class=\"vc_column-inner\"><div class=\"wpb_wrapper\"><div data-original-height=\"32\" class=\"vc_empty_space\" style=\" style=&quot;height: 32px&quot;\" >\n\t<span class=\"vc_empty_space_inner\"><\/span>\n<\/div>\n<\/div><\/div><\/div><\/div><\/div><div class=\"vc_row wpb_row vc_row-fluid mkdf-section mkdf-content-aligment-left\" style=\"\"><div class=\"clearfix mkdf-full-section-inner\"><div class=\"wpb_column vc_column_container vc_col-sm-12\"><div class=\"vc_column-inner\"><div class=\"wpb_wrapper\">\n\t<div class=\"wpb_text_column wpb_content_element\" >\n\t\t<div class=\"wpb_wrapper\">\n\t\t\t<h3 style=\"text-align: center;\"><strong>Arrival of the Torch \/ Llegada de la Antorcha<\/strong><\/h3>\n<p style=\"text-align: center;\">See event calendar <a href=\"https:\/\/stjuliasilercity.org\/event\/our-lady-of-guadalupe-celebration-torch-arrives\/\">Here \/ Consulta el calendario de eventos aqu\u00ed.<\/a><\/p>\n\n\t\t<\/div>\n\t<\/div>\n<\/div><\/div><\/div><\/div><\/div><div class=\"vc_row wpb_row vc_row-fluid mkdf-section mkdf-content-aligment-left\" style=\"\"><div class=\"clearfix mkdf-full-section-inner\"><div class=\"wpb_column vc_column_container vc_col-sm-6\"><div class=\"vc_column-inner\"><div class=\"wpb_wrapper\">\n\t<div class=\"wpb_text_column wpb_content_element\" >\n\t\t<div class=\"wpb_wrapper\">\n\t\t\t<p style=\"text-align: center;\"><strong>Schedule for 2025<\/strong><br \/>\nThursday November 13, 2025 &#8211; Friday November 14, 2025<\/p>\n<p><strong>-11\/13\/2025 -3:00pm<\/strong><\/p>\n<ul>\n<li>Our Lady of Guadalupe Torch Arrives<\/li>\n<li>\u00a0Mass at 7:00pm<\/li>\n<\/ul>\n<p><strong>-11\/14\/2025- Morning<\/strong><\/p>\n<ul>\n<li>Our Lady of Guadalupe Torch Sendoff<\/li>\n<li>No Mass<\/li>\n<li>No Procession<\/li>\n<\/ul>\n\n\t\t<\/div>\n\t<\/div>\n<\/div><\/div><\/div><div class=\"wpb_column vc_column_container vc_col-sm-6\"><div class=\"vc_column-inner\"><div class=\"wpb_wrapper\">\n\t<div class=\"wpb_text_column wpb_content_element\" >\n\t\t<div class=\"wpb_wrapper\">\n\t\t\t<p style=\"text-align: center;\"><strong>Horario para 2025<\/strong><br \/>\nJueves 13 de noviembre de 2025 &#8211; Viernes 14 de noviembre de 2025<\/p>\n<p><strong>-11\/13\/2025-\u00a0 3:00pm<\/strong><\/p>\n<ul>\n<li>Llegada de la Antorcha de Nuestra Se\u00f1ora de Guadalupe<\/li>\n<li>Misa a las 7:00<\/li>\n<\/ul>\n<p><strong>-11\/14\/2025- Ma\u00f1ana<\/strong><\/p>\n<ul>\n<li>Envi\u00f3 de la Antorcha de Nuestra Se\u00f1ora de Guadalupe<\/li>\n<li>No hay Misa<\/li>\n<li>No hay Procesi\u00f3n<\/li>\n<\/ul>\n\n\t\t<\/div>\n\t<\/div>\n<\/div><\/div><\/div><\/div><\/div><div class=\"vc_row wpb_row vc_row-fluid mkdf-section mkdf-content-aligment-left\" style=\"\"><div class=\"clearfix mkdf-full-section-inner\"><div class=\"wpb_column vc_column_container vc_col-sm-12\"><div class=\"vc_column-inner\"><div class=\"wpb_wrapper\"><div data-original-height=\"100\" class=\"vc_empty_space\" style=\" style=&quot;height: 100px&quot;\" >\n\t<span class=\"vc_empty_space_inner\"><\/span>\n<\/div>\n<\/div><\/div><\/div><\/div><\/div><div class=\"vc_row wpb_row vc_row-fluid mkdf-section mkdf-content-aligment-left\" style=\"\"><div class=\"clearfix mkdf-full-section-inner\"><div class=\"wpb_column vc_column_container vc_col-sm-12\"><div class=\"vc_column-inner\"><div class=\"wpb_wrapper\">\n\t<div class=\"wpb_text_column wpb_content_element\" >\n\t\t<div class=\"wpb_wrapper\">\n\t\t\t<h3 style=\"text-align: center;\"><strong>Celebration of Our Lady of Guadalupe \/ Celebraci\u00f3n de Nuestra Se\u00f1ora de Guadalupe<\/strong><\/h3>\n\n\t\t<\/div>\n\t<\/div>\n<\/div><\/div><\/div><\/div><\/div><div class=\"vc_row wpb_row vc_row-fluid mkdf-section mkdf-content-aligment-left\" style=\"\"><div class=\"clearfix mkdf-full-section-inner\"><div class=\"wpb_column vc_column_container vc_col-sm-6\"><div class=\"vc_column-inner\"><div class=\"wpb_wrapper\">\n\t<div class=\"wpb_text_column wpb_content_element\" >\n\t\t<div class=\"wpb_wrapper\">\n\t\t\t<p style=\"text-align: center;\"><strong>Schedule for 2025<\/strong><br \/>\nThursday December 11, 2025 &#8211; Sunday December 14, 2025<\/p>\n<p><strong>-12\/11\/2025 -7:00pm<\/strong><\/p>\n<ul>\n<li>Our Lady of Guadalupe Mass<\/li>\n<li><em>All-night vigil : The church will be open all night for those who wish to spend time with Our Lady of Guadalupe.<\/em><\/li>\n<\/ul>\n<p><strong>-12\/12\/2025<\/strong><\/p>\n<ul>\n<li>Ma\u00f1anitas: <strong>4:00am: <\/strong>&#8220;Las Ma\u00f1anitas&#8221; is a traditional Spanish song and serenade sung to honor Our Lady of Guadalupe. It includes Mass and then followed by breakfast.<\/li>\n<li>Breakfast: <strong>6:00am<\/strong><\/li>\n<li>Mass and Eucharistic Adoration:<strong> 7:00pm<\/strong><br \/>\nChildren celebrate the Guadalupe feast with Pi\u00f1atas: <strong>7:00pm<\/strong><\/li>\n<li>Food sales<\/li>\n<\/ul>\n<p><strong>-12\/14\/2025- 12:00pm<\/strong><\/p>\n<ul>\n<li>Mass<\/li>\n<li>Food sales<\/li>\n<\/ul>\n\n\t\t<\/div>\n\t<\/div>\n<\/div><\/div><\/div><div class=\"wpb_column vc_column_container vc_col-sm-6\"><div class=\"vc_column-inner\"><div class=\"wpb_wrapper\">\n\t<div class=\"wpb_text_column wpb_content_element\" >\n\t\t<div class=\"wpb_wrapper\">\n\t\t\t<p style=\"text-align: center;\"><strong>Horario para 2025<\/strong><br \/>\nJueves 11 de diciembre de 2025 &#8211; Domingo 14 de diciembre de 2025<\/p>\n<p><strong>-12\/11\/2025-\u00a0 7:00pm<\/strong><\/p>\n<ul>\n<li>Misa de Nuestra Se\u00f1ora de Guadalupe<\/li>\n<li><em>Velaci\u00f3n toda la noche: La iglesia estar\u00e1 abierta toda la noche para aquellos que deseen pasar tiempo con Nuestra Se\u00f1ora de Guadalupe.<\/em><\/li>\n<\/ul>\n<p><strong>-12\/12\/2025<\/strong><\/p>\n<ul>\n<li>Ma\u00f1anitas: <strong>4:00am: <\/strong>&#8220;Las Ma\u00f1anitas&#8221; es una canci\u00f3n tradicional y una serenata que se canta en honor a Nuestra Se\u00f1ora de Guadalupe. Luego desayuno.<\/li>\n<li>Desayuno: <strong>6:00am<\/strong><\/li>\n<li>Misa y Adoraci\u00f3n Eucar\u00edstica: <strong>7:00pm<\/strong><\/li>\n<li>Ni\u00f1os festejan la fiesta Guadalupana con Pi\u00f1atas:<strong> 7:00pm<\/strong><\/li>\n<li>Venta de comida<\/li>\n<\/ul>\n<p><strong>-12\/14\/2025- 12:00pm<\/strong><\/p>\n<ul>\n<li>Misa<\/li>\n<li>Venta de comida<\/li>\n<\/ul>\n\n\t\t<\/div>\n\t<\/div>\n<\/div><\/div><\/div><\/div><\/div><div class=\"vc_row wpb_row vc_row-fluid mkdf-section mkdf-content-aligment-left\" style=\"\"><div class=\"clearfix mkdf-full-section-inner\"><div class=\"wpb_column vc_column_container vc_col-sm-12\"><div class=\"vc_column-inner\"><div class=\"wpb_wrapper\"><div data-original-height=\"100\" class=\"vc_empty_space\" style=\" style=&quot;height: 100px&quot;\" >\n\t<span class=\"vc_empty_space_inner\"><\/span>\n<\/div>\n<\/div><\/div><\/div><\/div><\/div><div class=\"vc_row wpb_row vc_row-fluid mkdf-section mkdf-content-aligment-left\" style=\"\"><div class=\"clearfix mkdf-full-section-inner\"><div class=\"wpb_column vc_column_container vc_col-sm-4\"><div class=\"vc_column-inner\"><div class=\"wpb_wrapper\">\n\t<div class=\"wpb_text_column wpb_content_element\" >\n\t\t<div class=\"wpb_wrapper\">\n\t\t\t<h4 style=\"text-align: center;\">_<br \/>\n<strong>The Arrival of the Torch<\/strong><br \/>\n<strong>La llegada de la antorcha<\/strong><\/h4>\n\n\t\t<\/div>\n\t<\/div>\n<div class=\"wpb_gallery wpb_content_element vc_clearfix wpb_content_element\" ><div class=\"wpb_wrapper\"><div class=\"wpb_gallery_slides wpb_flexslider flexslider_fade flexslider\" data-interval=\"3\" data-flex_fx=\"fade\"><ul class=\"slides\"><li><a class=\"\" href=\"https:\/\/i0.wp.com\/stjuliasilercity.org\/wp-content\/uploads\/2024\/11\/IMG_20241113_145822991-scaled-e1756909268741.jpg?fit=600%2C452&#038;ssl=1\" data-lightbox=\"lightbox[rel-5409-3009341528]\"><img decoding=\"async\" class=\"\" src=\"https:\/\/i0.wp.com\/stjuliasilercity.org\/wp-content\/uploads\/2024\/11\/IMG_20241113_145822991-scaled-e1756909268741.jpg?fit=664%2C500&amp;ssl=1\" width=\"664\" height=\"500\" alt=\"IMG_20241113_145822991\" title=\"IMG_20241113_145822991\" loading=\"lazy\" \/><\/a><\/li><li><a class=\"\" href=\"https:\/\/i0.wp.com\/stjuliasilercity.org\/wp-content\/uploads\/2024\/11\/IMG_20241113_145858813_HDR-scaled-e1756909253382.jpg?fit=452%2C600&#038;ssl=1\" data-lightbox=\"lightbox[rel-5409-3009341528]\"><img decoding=\"async\" class=\"\" src=\"https:\/\/i0.wp.com\/stjuliasilercity.org\/wp-content\/uploads\/2024\/11\/IMG_20241113_145858813_HDR-scaled-e1756909253382-500x554.jpg\" width=\"500\" height=\"554\" alt=\"photo of lady holding the Guadalupe torch\" title=\"IMG_20241113_145858813_HDR\" loading=\"lazy\" \/><\/a><\/li><li><a class=\"\" href=\"https:\/\/i0.wp.com\/stjuliasilercity.org\/wp-content\/uploads\/2024\/11\/IMG_20241113_171613431-scaled-e1756909236919.jpg?fit=600%2C452&#038;ssl=1\" data-lightbox=\"lightbox[rel-5409-3009341528]\"><img decoding=\"async\" class=\"\" src=\"https:\/\/i0.wp.com\/stjuliasilercity.org\/wp-content\/uploads\/2024\/11\/IMG_20241113_171613431-scaled-e1756909236919.jpg?fit=664%2C500&amp;ssl=1\" width=\"664\" height=\"500\" alt=\"photo of young adult aztec dancers dressed in aztec costumes with young girl\" title=\"IMG_20241113_171613431\" loading=\"lazy\" \/><\/a><\/li><li><a class=\"\" href=\"https:\/\/i0.wp.com\/stjuliasilercity.org\/wp-content\/uploads\/2024\/11\/Victoria-2-e1756909220949.jpg?fit=450%2C600&#038;ssl=1\" data-lightbox=\"lightbox[rel-5409-3009341528]\"><img decoding=\"async\" class=\"\" src=\"https:\/\/i0.wp.com\/stjuliasilercity.org\/wp-content\/uploads\/2024\/11\/Victoria-2-e1756909220949-500x554.jpg\" width=\"500\" height=\"554\" alt=\"two people posed in front of Marian statue\" title=\"Victoria 2\" loading=\"lazy\" \/><\/a><\/li><li><a class=\"\" href=\"https:\/\/i0.wp.com\/stjuliasilercity.org\/wp-content\/uploads\/2024\/11\/IMG_20241113_145732162_HDR-scaled-e1756909286299.jpg?fit=452%2C600&#038;ssl=1\" data-lightbox=\"lightbox[rel-5409-3009341528]\"><img decoding=\"async\" class=\"\" src=\"https:\/\/i0.wp.com\/stjuliasilercity.org\/wp-content\/uploads\/2024\/11\/IMG_20241113_145732162_HDR-scaled-e1756909286299-500x554.jpg\" width=\"500\" height=\"554\" alt=\"photo of man holding the Guadalupe torch\" title=\"IMG_20241113_145732162_HDR\" loading=\"lazy\" \/><\/a><\/li><li><a class=\"\" href=\"https:\/\/i0.wp.com\/stjuliasilercity.org\/wp-content\/uploads\/2024\/11\/IMG_20241113_172449807-scaled-e1756909301232.jpg?fit=600%2C452&#038;ssl=1\" data-lightbox=\"lightbox[rel-5409-3009341528]\"><img decoding=\"async\" class=\"\" src=\"https:\/\/i0.wp.com\/stjuliasilercity.org\/wp-content\/uploads\/2024\/11\/IMG_20241113_172449807-scaled-e1756909301232.jpg?fit=664%2C500&amp;ssl=1\" width=\"664\" height=\"500\" alt=\"IMG_20241113_172449807\" title=\"IMG_20241113_172449807\" loading=\"lazy\" \/><\/a><\/li><li><a class=\"\" href=\"https:\/\/i0.wp.com\/stjuliasilercity.org\/wp-content\/uploads\/2024\/11\/IMG_20241113_145921101_HDR-scaled-e1756909423328.jpg?fit=458%2C600&#038;ssl=1\" data-lightbox=\"lightbox[rel-5409-3009341528]\"><img decoding=\"async\" class=\"\" src=\"https:\/\/i0.wp.com\/stjuliasilercity.org\/wp-content\/uploads\/2024\/11\/IMG_20241113_145921101_HDR-scaled-e1756909423328-500x554.jpg\" width=\"500\" height=\"554\" alt=\"photo of lady holding the Guadalupe torch\" title=\"IMG_20241113_145921101_HDR\" loading=\"lazy\" \/><\/a><\/li><li><a class=\"\" href=\"https:\/\/i0.wp.com\/stjuliasilercity.org\/wp-content\/uploads\/2024\/11\/IMG_20241114_092117116_HDR-scaled-e1756909439414.jpg?fit=600%2C452&#038;ssl=1\" data-lightbox=\"lightbox[rel-5409-3009341528]\"><img decoding=\"async\" class=\"\" src=\"https:\/\/i0.wp.com\/stjuliasilercity.org\/wp-content\/uploads\/2024\/11\/IMG_20241114_092117116_HDR-scaled-e1756909439414-734x554.jpg\" width=\"734\" height=\"554\" alt=\"IMG_20241114_092117116_HDR\" title=\"IMG_20241114_092117116_HDR\" loading=\"lazy\" \/><\/a><\/li><li><a class=\"\" href=\"https:\/\/i0.wp.com\/stjuliasilercity.org\/wp-content\/uploads\/2024\/11\/IMG_20241113_172514106-scaled-e1756909490260.jpg?fit=600%2C453&#038;ssl=1\" data-lightbox=\"lightbox[rel-5409-3009341528]\"><img decoding=\"async\" class=\"\" src=\"https:\/\/i0.wp.com\/stjuliasilercity.org\/wp-content\/uploads\/2024\/11\/IMG_20241113_172514106-scaled-e1756909490260-734x554.jpg\" width=\"734\" height=\"554\" alt=\"IMG_20241113_172514106\" title=\"IMG_20241113_172514106\" loading=\"lazy\" \/><\/a><\/li><li><a class=\"\" href=\"https:\/\/i0.wp.com\/stjuliasilercity.org\/wp-content\/uploads\/2024\/11\/IMG_2846-e1756909585369.png?fit=463%2C600&#038;ssl=1\" data-lightbox=\"lightbox[rel-5409-3009341528]\"><img decoding=\"async\" class=\"\" src=\"https:\/\/i0.wp.com\/stjuliasilercity.org\/wp-content\/uploads\/2024\/11\/IMG_2846-e1756909585369-500x554.png\" width=\"500\" height=\"554\" alt=\"IMG_2846\" title=\"IMG_2846\" loading=\"lazy\" \/><\/a><\/li><li><a class=\"\" href=\"https:\/\/i0.wp.com\/stjuliasilercity.org\/wp-content\/uploads\/2024\/11\/IMG_2833-e1756909635483.png?fit=430%2C600&#038;ssl=1\" data-lightbox=\"lightbox[rel-5409-3009341528]\"><img decoding=\"async\" class=\"\" src=\"https:\/\/i0.wp.com\/stjuliasilercity.org\/wp-content\/uploads\/2024\/11\/IMG_2833-e1756909635483-500x554.png\" width=\"500\" height=\"554\" alt=\"IMG_2833\" title=\"IMG_2833\" loading=\"lazy\" \/><\/a><\/li><li><a class=\"\" href=\"https:\/\/i0.wp.com\/stjuliasilercity.org\/wp-content\/uploads\/2024\/11\/IMG_2866-e1756909666908.png?fit=404%2C600&#038;ssl=1\" data-lightbox=\"lightbox[rel-5409-3009341528]\"><img decoding=\"async\" class=\"\" src=\"https:\/\/i0.wp.com\/stjuliasilercity.org\/wp-content\/uploads\/2024\/11\/IMG_2866-e1756909666908-498x554.png\" width=\"498\" height=\"554\" alt=\"IMG_2866\" title=\"IMG_2866\" loading=\"lazy\" \/><\/a><\/li><li><a class=\"\" href=\"https:\/\/i0.wp.com\/stjuliasilercity.org\/wp-content\/uploads\/2024\/11\/Untitled-11-e1756909949610.jpg?fit=450%2C600&#038;ssl=1\" data-lightbox=\"lightbox[rel-5409-3009341528]\"><img decoding=\"async\" class=\"\" src=\"https:\/\/i0.wp.com\/stjuliasilercity.org\/wp-content\/uploads\/2024\/11\/Untitled-11-e1756909949610-500x554.jpg\" width=\"500\" height=\"554\" alt=\"Untitled (11)\" title=\"Untitled (11)\" loading=\"lazy\" \/><\/a><\/li><li><a class=\"\" href=\"https:\/\/i0.wp.com\/stjuliasilercity.org\/wp-content\/uploads\/2024\/11\/Untitled-10-e1756909933526.jpg?fit=450%2C600&#038;ssl=1\" data-lightbox=\"lightbox[rel-5409-3009341528]\"><img decoding=\"async\" class=\"\" src=\"https:\/\/i0.wp.com\/stjuliasilercity.org\/wp-content\/uploads\/2024\/11\/Untitled-10-e1756909933526-500x554.jpg\" width=\"500\" height=\"554\" alt=\"Untitled (10)\" title=\"Untitled (10)\" loading=\"lazy\" \/><\/a><\/li><li><a class=\"\" href=\"https:\/\/i0.wp.com\/stjuliasilercity.org\/wp-content\/uploads\/2024\/11\/Untitled-9-e1756909918947.jpg?fit=450%2C600&#038;ssl=1\" data-lightbox=\"lightbox[rel-5409-3009341528]\"><img decoding=\"async\" class=\"\" src=\"https:\/\/i0.wp.com\/stjuliasilercity.org\/wp-content\/uploads\/2024\/11\/Untitled-9-e1756909918947-500x554.jpg\" width=\"500\" height=\"554\" alt=\"photo of ladies posing for a photo\" title=\"Untitled (9)\" loading=\"lazy\" \/><\/a><\/li><li><a class=\"\" href=\"https:\/\/i0.wp.com\/stjuliasilercity.org\/wp-content\/uploads\/2024\/11\/IMG_20241114_092139752_HDR-scaled-e1756909893179.jpg?fit=462%2C600&#038;ssl=1\" data-lightbox=\"lightbox[rel-5409-3009341528]\"><img decoding=\"async\" class=\"\" src=\"https:\/\/i0.wp.com\/stjuliasilercity.org\/wp-content\/uploads\/2024\/11\/IMG_20241114_092139752_HDR-scaled-e1756909893179-637x554.jpg\" width=\"637\" height=\"554\" alt=\"IMG_20241114_092139752_HDR\" title=\"IMG_20241114_092139752_HDR\" loading=\"lazy\" \/><\/a><\/li><li><a class=\"\" href=\"https:\/\/i0.wp.com\/stjuliasilercity.org\/wp-content\/uploads\/2024\/11\/Untitled-13-e1756909856870.jpg?fit=450%2C600&#038;ssl=1\" data-lightbox=\"lightbox[rel-5409-3009341528]\"><img decoding=\"async\" class=\"\" src=\"https:\/\/i0.wp.com\/stjuliasilercity.org\/wp-content\/uploads\/2024\/11\/Untitled-13-e1756909856870-500x554.jpg\" width=\"500\" height=\"554\" alt=\"photo of our lady of guadalupe picture\" title=\"Untitled (13)\" loading=\"lazy\" \/><\/a><\/li><li><a class=\"\" href=\"https:\/\/i0.wp.com\/stjuliasilercity.org\/wp-content\/uploads\/2024\/11\/Untitled-12-e1756909842201.jpg?fit=450%2C600&#038;ssl=1\" data-lightbox=\"lightbox[rel-5409-3009341528]\"><img decoding=\"async\" class=\"\" src=\"https:\/\/i0.wp.com\/stjuliasilercity.org\/wp-content\/uploads\/2024\/11\/Untitled-12-e1756909842201-600x554.jpg\" width=\"600\" height=\"554\" alt=\"photo of juan diego picture\" title=\"Untitled (12)\" loading=\"lazy\" \/><\/a><\/li><\/ul><\/div><\/div><\/div><\/div><\/div><\/div><div class=\"wpb_column vc_column_container vc_col-sm-4\"><div class=\"vc_column-inner\"><div class=\"wpb_wrapper\">\n\t<div class=\"wpb_text_column wpb_content_element\" >\n\t\t<div class=\"wpb_wrapper\">\n\t\t\t<h4 style=\"text-align: center;\"><strong>Celebration of Our Lady&#8217;s Feast Day\u00a0 \/ Celebraci\u00f3n de la festividad de Nuestra Se\u00f1ora<\/strong><\/h4>\n\n\t\t<\/div>\n\t<\/div>\n<div class=\"wpb_gallery wpb_content_element vc_clearfix wpb_content_element\" ><div class=\"wpb_wrapper\"><div class=\"wpb_gallery_slides wpb_flexslider flexslider_fade flexslider\" data-interval=\"3\" data-flex_fx=\"fade\"><ul class=\"slides\"><li><a class=\"\" href=\"https:\/\/i0.wp.com\/stjuliasilercity.org\/wp-content\/uploads\/2025\/12\/Guadalupe-4.jpg?fit=500%2C375&#038;ssl=1\" data-lightbox=\"lightbox[rel-5409-1234337166]\"><img decoding=\"async\" class=\"\" src=\"https:\/\/i0.wp.com\/stjuliasilercity.org\/wp-content\/uploads\/2025\/12\/Guadalupe-4.jpg?fit=500%2C375&amp;ssl=1\" width=\"500\" height=\"375\" alt=\"Guadalupe 4\" title=\"Guadalupe 4\" loading=\"lazy\" \/><\/a><\/li><li><a class=\"\" href=\"https:\/\/i0.wp.com\/stjuliasilercity.org\/wp-content\/uploads\/2025\/12\/Guadalupe-33.jpg?fit=500%2C375&#038;ssl=1\" data-lightbox=\"lightbox[rel-5409-1234337166]\"><img decoding=\"async\" class=\"\" src=\"https:\/\/i0.wp.com\/stjuliasilercity.org\/wp-content\/uploads\/2025\/12\/Guadalupe-33.jpg?fit=500%2C375&amp;ssl=1\" width=\"500\" height=\"375\" alt=\"Guadalupe 33\" title=\"Guadalupe 33\" loading=\"lazy\" \/><\/a><\/li><li><a class=\"\" href=\"https:\/\/i0.wp.com\/stjuliasilercity.org\/wp-content\/uploads\/2025\/12\/Guadalupe-2.jpg?fit=500%2C375&#038;ssl=1\" data-lightbox=\"lightbox[rel-5409-1234337166]\"><img decoding=\"async\" class=\"\" src=\"https:\/\/i0.wp.com\/stjuliasilercity.org\/wp-content\/uploads\/2025\/12\/Guadalupe-2.jpg?fit=500%2C375&amp;ssl=1\" width=\"500\" height=\"375\" alt=\"Guadalupe 2\" title=\"Guadalupe 2\" loading=\"lazy\" \/><\/a><\/li><li><a class=\"\" href=\"https:\/\/i0.wp.com\/stjuliasilercity.org\/wp-content\/uploads\/2025\/12\/Guadalupe-1.jpg?fit=375%2C500&#038;ssl=1\" data-lightbox=\"lightbox[rel-5409-1234337166]\"><img decoding=\"async\" class=\"\" src=\"https:\/\/i0.wp.com\/stjuliasilercity.org\/wp-content\/uploads\/2025\/12\/Guadalupe-1.jpg?fit=375%2C500&amp;ssl=1\" width=\"375\" height=\"500\" alt=\"Guadalupe 1\" title=\"Guadalupe 1\" loading=\"lazy\" \/><\/a><\/li><li><a class=\"\" href=\"https:\/\/i0.wp.com\/stjuliasilercity.org\/wp-content\/uploads\/2024\/12\/Altar-Guadalupe-2024-1-scaled-e1756909716289.jpg?fit=600%2C452&#038;ssl=1\" data-lightbox=\"lightbox[rel-5409-1234337166]\"><img decoding=\"async\" class=\"\" src=\"https:\/\/i0.wp.com\/stjuliasilercity.org\/wp-content\/uploads\/2024\/12\/Altar-Guadalupe-2024-1-scaled-e1756909716289-734x554.jpg\" width=\"734\" height=\"554\" alt=\"Altar Guadalupe 2024 1\" title=\"Altar Guadalupe 2024 1\" loading=\"lazy\" \/><\/a><\/li><li><a class=\"\" href=\"https:\/\/i0.wp.com\/stjuliasilercity.org\/wp-content\/uploads\/2024\/12\/Altar-Guadalupe-2024-3-e1756909773761.png?fit=452%2C600&#038;ssl=1\" data-lightbox=\"lightbox[rel-5409-1234337166]\"><img decoding=\"async\" class=\"\" src=\"https:\/\/i0.wp.com\/stjuliasilercity.org\/wp-content\/uploads\/2024\/12\/Altar-Guadalupe-2024-3-e1756909773761-734x554.png\" width=\"734\" height=\"554\" alt=\"Altar Guadalupe 2024 3\" title=\"Altar Guadalupe 2024 3\" loading=\"lazy\" \/><\/a><\/li><\/ul><\/div><\/div><\/div><\/div><\/div><\/div><div class=\"wpb_column vc_column_container vc_col-sm-4\"><div class=\"vc_column-inner\"><div class=\"wpb_wrapper\">\n\t<div class=\"wpb_video_widget wpb_content_element vc_clearfix   vc_video-aspect-ratio-169 vc_video-el-width-100 vc_video-align-left\" >\n\t\t<div class=\"wpb_wrapper\">\n\t\t\t\n\t\t\t<div class=\"wpb_video_wrapper\"><span class=\"embed-youtube\" style=\"text-align:center; display: block;\"><iframe loading=\"lazy\" class=\"youtube-player\" width=\"1060\" height=\"597\" src=\"https:\/\/www.youtube.com\/embed\/duBW3KDbdo4?version=3&#038;rel=1&#038;showsearch=0&#038;showinfo=1&#038;iv_load_policy=1&#038;fs=1&#038;hl=es-MX&#038;autohide=2&#038;start=12&#038;wmode=transparent\" allowfullscreen=\"true\" style=\"border:0;\" sandbox=\"allow-scripts allow-same-origin allow-popups allow-presentation allow-popups-to-escape-sandbox\"><\/iframe><\/span><\/div>\n\t\t<\/div>\n\t<\/div>\n<\/div><\/div><\/div><\/div><\/div>\n<\/div>","protected":false},"excerpt":{"rendered":"The Story of Our Lady of Guadalupe The story of Our Lady of Guadalupe goes back to the 16th century, December 9, 1531, when a poor man named Juan Diego who lived...","protected":false},"author":6,"featured_media":7851,"parent":4423,"menu_order":0,"comment_status":"closed","ping_status":"closed","template":"","meta":{"advanced_seo_description":"","jetpack_seo_html_title":"","jetpack_seo_noindex":false,"footnotes":""},"class_list":["post-5409","page","type-page","status-publish","has-post-thumbnail","hentry"],"jetpack_sharing_enabled":true,"_links":{"self":[{"href":"https:\/\/stjuliasilercity.org\/es\/wp-json\/wp\/v2\/pages\/5409","targetHints":{"allow":["GET"]}}],"collection":[{"href":"https:\/\/stjuliasilercity.org\/es\/wp-json\/wp\/v2\/pages"}],"about":[{"href":"https:\/\/stjuliasilercity.org\/es\/wp-json\/wp\/v2\/types\/page"}],"author":[{"embeddable":true,"href":"https:\/\/stjuliasilercity.org\/es\/wp-json\/wp\/v2\/users\/6"}],"replies":[{"embeddable":true,"href":"https:\/\/stjuliasilercity.org\/es\/wp-json\/wp\/v2\/comments?post=5409"}],"version-history":[{"count":78,"href":"https:\/\/stjuliasilercity.org\/es\/wp-json\/wp\/v2\/pages\/5409\/revisions"}],"predecessor-version":[{"id":11628,"href":"https:\/\/stjuliasilercity.org\/es\/wp-json\/wp\/v2\/pages\/5409\/revisions\/11628"}],"up":[{"embeddable":true,"href":"https:\/\/stjuliasilercity.org\/es\/wp-json\/wp\/v2\/pages\/4423"}],"wp:featuredmedia":[{"embeddable":true,"href":"https:\/\/stjuliasilercity.org\/es\/wp-json\/wp\/v2\/media\/7851"}],"wp:attachment":[{"href":"https:\/\/stjuliasilercity.org\/es\/wp-json\/wp\/v2\/media?parent=5409"}],"curies":[{"name":"wp","href":"https:\/\/api.w.org\/{rel}","templated":true}]}}