{"id":4683,"date":"2021-04-08T00:51:58","date_gmt":"2021-04-08T00:51:58","guid":{"rendered":"https:\/\/stjuliasilercity.org\/?page_id=4683"},"modified":"2026-01-02T16:17:41","modified_gmt":"2026-01-02T21:17:41","slug":"mass-schedule","status":"publish","type":"page","link":"https:\/\/stjuliasilercity.org\/es\/mass-schedule\/","title":{"rendered":"Mass Schedule and Office Hours"},"content":{"rendered":"<div class=\"wpb-content-wrapper\"><div class=\"vc_row wpb_row vc_row-fluid mkdf-section mkdf-content-aligment-left\" style=\"\"><div class=\"clearfix mkdf-full-section-inner\"><div class=\"wpb_column vc_column_container vc_col-sm-12\"><div class=\"vc_column-inner\"><div class=\"wpb_wrapper\">\n\t<div class=\"wpb_text_column wpb_content_element\" >\n\t\t<div class=\"wpb_wrapper\">\n\t\t\t<h4 style=\"text-align: center;\"><strong>Missed your weekly offering?\u00a0\u00a0<\/strong><strong><a href=\"https:\/\/www.paypal.com\/donate\/?hosted_button_id=CT4CZ6ZTB7RZG\">Click here&#8230;<\/a><\/strong><br \/>\n(be sure to mark your name and envelope number in the notes section)<\/h4>\n<h4 style=\"text-align: center;\"><strong>\u00bfTe perdiste tu ofrenda semanal? <a href=\"https:\/\/www.paypal.com\/donate\/?hosted_button_id=CT4CZ6ZTB7RZG\">Haz clic aqu\u00ed&#8230;<\/a><br \/>\n(Aseg\u00farate de anotar tu nombre y n\u00famero de sobre en la secci\u00f3n de notas).<\/strong><\/h4>\n\n\t\t<\/div>\n\t<\/div>\n<\/div><\/div><\/div><\/div><\/div><div class=\"vc_row wpb_row vc_row-fluid mkdf-section vc_custom_1617843765177 mkdf-content-aligment-left mkdf-grid-section\" style=\"\"><div class=\"clearfix mkdf-section-inner\"><div class=\"mkdf-section-inner-margin clearfix\"><div class=\"wpb_column vc_column_container vc_col-sm-6\"><div class=\"vc_column-inner\"><div class=\"wpb_wrapper\">\n\t<div class=\"wpb_text_column wpb_content_element\" >\n\t\t<div class=\"wpb_wrapper\">\n\t\t\t<h3 style=\"text-align: center;\"><span style=\"color: #000000;\">OFFICE HOURS<\/span><\/h3>\n<p style=\"text-align: center;\">Tuesday through Friday:\u00a0 8:30AM-4:30PM<br \/>\nSaturday through Monday: Closed<\/p>\n\n\t\t<\/div>\n\t<\/div>\n\n\t<div class=\"wpb_text_column wpb_content_element\" >\n\t\t<div class=\"wpb_wrapper\">\n\t\t\t<h3 style=\"text-align: center;\"><span style=\"color: #000000;\">WEEKEND MASS<br \/>\nSCHEDULE<\/span><\/h3>\n<p style=\"text-align: center;\">s\u00e1bado: 5:00 PM (ingl\u00e9s)<br \/>\nSaturday: 7:00PM (Spanish)<br \/>\ndomingo: 8:00 AM (espa\u00f1ol)<br \/>\ndomingo: 10:00 AM (ingl\u00e9s)<br \/>\ndomingo: 12:00 PM (espa\u00f1ol)<\/p>\n\n\t\t<\/div>\n\t<\/div>\n\n\t<div class=\"wpb_text_column wpb_content_element\" >\n\t\t<div class=\"wpb_wrapper\">\n\t\t\t<h3 style=\"text-align: center;\"><span style=\"color: #000000;\">HORARIO DE MISA ENTRE SEMANA<\/span><\/h3>\n<p style=\"text-align: center;\">martes: 8:30 AM (ingl\u00e9s)<br \/>\nmi\u00e9rcoles: 8:30 AM (espa\u00f1ol)<br \/>\njueves: 8:30 AM (biling\u00fce)<br \/>\nFirst Fridays 8:30 AM (Bilingual)<\/p>\n\n\t\t<\/div>\n\t<\/div>\n\n\t<div class=\"wpb_text_column wpb_content_element\" >\n\t\t<div class=\"wpb_wrapper\">\n\t\t\t<h3 style=\"text-align: center;\"><span style=\"color: #000000;\">First Fridays<\/span><\/h3>\n<p style=\"text-align: center;\">First Friday Holy Hour: 8:30-10:00 AM<br \/>\nExposition and Healing Service (Spanish): 7:00 PM<\/p>\n\n\t\t<\/div>\n\t<\/div>\n\n\t<div class=\"wpb_text_column wpb_content_element\" >\n\t\t<div class=\"wpb_wrapper\">\n\t\t\t<h3 style=\"text-align: center;\"><span style=\"color: #000000;\">Confessions<\/span><\/h3>\n<p style=\"text-align: center;\">Confessions are every Saturday: 3:00 pm \u2013 4:00 pm<br \/>\nOtros horarios con cita. Para obtener m\u00e1s informaci\u00f3n, p\u00f3ngase en contacto con Fray Julio.<strong><br \/>\n<a href=\"https:\/\/stjuliasilercity.org\/es\/sacraments\/reconciliation\/\">CLICK here for more information<\/a><\/strong><\/p>\n\n\t\t<\/div>\n\t<\/div>\n\n\t<div class=\"wpb_text_column wpb_content_element\" >\n\t\t<div class=\"wpb_wrapper\">\n\t\t\t<h3 style=\"text-align: center;\"><span style=\"color: #000000;\">Special Masses, Holy Days and Services<\/span><\/h3>\n<p style=\"text-align: center;\">These days and times may vary depending on the services or occasions. Please view the <a href=\"https:\/\/stjuliasilercity.org\/es\/event\/\">CALENDAR<\/a> or <a href=\"https:\/\/stjuliasilercity.org\/es\/parish-social-events\/\">EVENTOS<\/a> page for exact details on special services.<\/p>\n\n\t\t<\/div>\n\t<\/div>\n<div data-original-height=\"20\" class=\"vc_empty_space\" style=\" style=&quot;height: 20px&quot;\" >\n\t<span class=\"vc_empty_space_inner\"><\/span>\n<\/div>\n<\/div><\/div><\/div><div class=\"wpb_column vc_column_container vc_col-sm-6\"><div class=\"vc_column-inner\"><div class=\"wpb_wrapper\">\n\t<div class=\"wpb_text_column wpb_content_element\" >\n\t\t<div class=\"wpb_wrapper\">\n\t\t\t<h3 style=\"text-align: center;\">HORARIO DE OFICINA<\/h3>\n<p style=\"text-align: center;\">Martes a viernes: 8:30 a. m. a 4:30 p. m.<br \/>\nS\u00e1bado a lunes: Cerrado<\/p>\n\n\t\t<\/div>\n\t<\/div>\n\n\t<div class=\"wpb_text_column wpb_content_element\" >\n\t\t<div class=\"wpb_wrapper\">\n\t\t\t<h3 style=\"text-align: center;\">HORARIO DE MISAS DE FIN DE SEMANA<\/h3>\n<p style=\"text-align: center;\">S\u00e1bado: 5:00 PM (Ingl\u00e9s)<br \/>\nS\u00e1bado: 7:00 PM (Espa\u00f1ol)<br \/>\nDomingo: 8:00 AM (Espa\u00f1ol)<br \/>\nDomingo: 10:00 AM (Ingl\u00e9s)<br \/>\nDomingo: 12:00 PM (Espa\u00f1ol)<\/p>\n\n\t\t<\/div>\n\t<\/div>\n\n\t<div class=\"wpb_text_column wpb_content_element\" >\n\t\t<div class=\"wpb_wrapper\">\n\t\t\t<h3 style=\"text-align: center;\">HORARIO DE MISAS ENTRE SEMANA<\/h3>\n<p style=\"text-align: center;\">Martes: 8:30 AM (Ingl\u00e9s)<br \/>\nMi\u00e9rcoles: 8:30 AM (Espa\u00f1ol)<br \/>\nJueves: 8:30 AM (Biling\u00fce)<br \/>\nPrimeros viernes 8:30 AM (Biling\u00fce)<\/p>\n\n\t\t<\/div>\n\t<\/div>\n\n\t<div class=\"wpb_text_column wpb_content_element\" >\n\t\t<div class=\"wpb_wrapper\">\n\t\t\t<h3 style=\"text-align: center;\">Primeros viernes<\/h3>\n<p style=\"text-align: center;\">Hora Santa del primer viernes: 8:30 a 10:00 a. m.<br \/>\nServicio de exposici\u00f3n y sanaci\u00f3n (espa\u00f1ol): 7:00 p. m.<\/p>\n\n\t\t<\/div>\n\t<\/div>\n\n\t<div class=\"wpb_text_column wpb_content_element\" >\n\t\t<div class=\"wpb_wrapper\">\n\t\t\t<h3 style=\"text-align: center;\">Confesiones<\/h3>\n<p style=\"text-align: center;\">Las confesiones son todos los s\u00e1bados de 3:00 a 4:00 h.<br \/>\nOtros horarios con cita previa.<br \/>\n<strong><a href=\"https:\/\/stjuliasilercity.org\/es\/sacraments\/reconciliation\/\">HAGA CLIC aqu\u00ed para m\u00e1s informaci\u00f3n.<\/a><\/strong><\/p>\n\n\t\t<\/div>\n\t<\/div>\n\n\t<div class=\"wpb_text_column wpb_content_element\" >\n\t\t<div class=\"wpb_wrapper\">\n\t\t\t<h3 style=\"text-align: center;\">Misas especiales, d\u00edas santos y servicios<\/h3>\n<p style=\"text-align: center;\">Estos d\u00edas y horarios pueden variar seg\u00fan los servicios u ocasiones. Consulte la p\u00e1gina <a href=\"https:\/\/stjuliasilercity.org\/es\/event\/\">CALENDARIO<\/a> o <a href=\"https:\/\/stjuliasilercity.org\/es\/parish-social-events\/\">EVENTOS<\/a> para obtener detalles exactos sobre los servicios especiales.<\/p>\n\n\t\t<\/div>\n\t<\/div>\n<div data-original-height=\"20\" class=\"vc_empty_space\" style=\" style=&quot;height: 20px&quot;\" >\n\t<span class=\"vc_empty_space_inner\"><\/span>\n<\/div>\n<\/div><\/div><\/div><\/div><\/div><\/div>\n<\/div>","protected":false},"excerpt":{"rendered":"Missed your weekly offering?\u00a0\u00a0Click here... (be sure to mark your name and envelope number in the notes section) \u00bfTe perdiste tu ofrenda semanal? Haz clic aqu\u00ed... (Aseg\u00farate de anotar tu nombre y...","protected":false},"author":6,"featured_media":0,"parent":0,"menu_order":0,"comment_status":"closed","ping_status":"closed","template":"full-width.php","meta":{"advanced_seo_description":"","jetpack_seo_html_title":"","jetpack_seo_noindex":false,"footnotes":""},"class_list":["post-4683","page","type-page","status-publish","hentry"],"jetpack_sharing_enabled":true,"_links":{"self":[{"href":"https:\/\/stjuliasilercity.org\/es\/wp-json\/wp\/v2\/pages\/4683","targetHints":{"allow":["GET"]}}],"collection":[{"href":"https:\/\/stjuliasilercity.org\/es\/wp-json\/wp\/v2\/pages"}],"about":[{"href":"https:\/\/stjuliasilercity.org\/es\/wp-json\/wp\/v2\/types\/page"}],"author":[{"embeddable":true,"href":"https:\/\/stjuliasilercity.org\/es\/wp-json\/wp\/v2\/users\/6"}],"replies":[{"embeddable":true,"href":"https:\/\/stjuliasilercity.org\/es\/wp-json\/wp\/v2\/comments?post=4683"}],"version-history":[{"count":40,"href":"https:\/\/stjuliasilercity.org\/es\/wp-json\/wp\/v2\/pages\/4683\/revisions"}],"predecessor-version":[{"id":11730,"href":"https:\/\/stjuliasilercity.org\/es\/wp-json\/wp\/v2\/pages\/4683\/revisions\/11730"}],"wp:attachment":[{"href":"https:\/\/stjuliasilercity.org\/es\/wp-json\/wp\/v2\/media?parent=4683"}],"curies":[{"name":"wp","href":"https:\/\/api.w.org\/{rel}","templated":true}]}}