{"id":4566,"date":"2020-05-25T02:21:12","date_gmt":"2020-05-25T02:21:12","guid":{"rendered":"https:\/\/stjuliasilercity.org\/?page_id=4566"},"modified":"2025-02-05T14:17:27","modified_gmt":"2025-02-05T19:17:27","slug":"quinceaneras","status":"publish","type":"page","link":"https:\/\/stjuliasilercity.org\/es\/celebrations\/quinceaneras\/","title":{"rendered":"Quincea\u00f1eras"},"content":{"rendered":"<div class=\"wpb-content-wrapper\"><div class=\"vc_row wpb_row vc_row-fluid mkdf-section vc_custom_1626055016925 mkdf-content-aligment-left\" style=\"\"><div class=\"clearfix mkdf-full-section-inner\"><div class=\"wpb_column vc_column_container vc_col-sm-12\"><div class=\"vc_column-inner\"><div class=\"wpb_wrapper\">\n\t<div  class=\"wpb_single_image wpb_content_element vc_align_center wpb_content_element\">\n\t\t\n\t\t<figure class=\"wpb_wrapper vc_figure\">\n\t\t\t<div class=\"vc_single_image-wrapper   vc_box_border_grey\"><img loading=\"lazy\" decoding=\"async\" width=\"300\" height=\"300\" src=\"https:\/\/i0.wp.com\/stjuliasilercity.org\/wp-content\/uploads\/2024\/08\/Quinceaneras-e1756907335997.png?fit=300%2C300&amp;ssl=1\" class=\"vc_single_image-img attachment-medium\" alt=\"various images of girls celebrating Quinceaneras\" title=\"Quinceaneras\" \/><\/div>\n\t\t<\/figure>\n\t<\/div>\n<div data-original-height=\"32\" class=\"vc_empty_space\" style=\" style=&quot;height: 32px&quot;\" >\n\t<span class=\"vc_empty_space_inner\"><\/span>\n<\/div>\n\n\t<div class=\"wpb_text_column wpb_content_element\" >\n\t\t<div class=\"wpb_wrapper\">\n\t\t\t<p style=\"text-align: center;\"><strong>A tradition in many Latin American Countries, the \u201cquincea\u00f1era\u201d celebrates the fifteenth birthday of a young lady.<\/strong><\/p>\n<h4><strong>Requirements at St. Julia Catholic Church<\/strong><\/h4>\n<p>Quincea\u00f1era Celebrations are scheduled with the parish office and take place on the second Saturday of the month at 1:00PM. Quincea\u00f1era celebrations are group celebrations.<\/p>\n<p><strong>The family of the Quincea\u00f1erans must:<\/strong><\/p>\n<ul>\n<li>Fill out a form in the office<\/li>\n<li>Make the corresponding payment of $200 prior to the celebration<\/li>\n<li>Choir will be arranged by the parish<\/li>\n<li>All quincea\u00f1eras are welcomed.<\/li>\n<\/ul>\n<p>&nbsp;<\/p>\n<p style=\"text-align: center;\"><strong>Una tradici\u00f3n en muchos pa\u00edses de Am\u00e9rica Latina, la \u201cquincea\u00f1era\u201d celebra el cumplea\u00f1os #15 de una jovencita.<\/strong><\/p>\n<h4><strong>Requisitos en la Iglesia Cat\u00f3lica Santa Julia<\/strong><\/h4>\n<p>Las celebraciones de la quincea\u00f1era se programan con la oficina parroquial y se llevan a cabo el segundo s\u00e1bado del mes a la 1:00 p.m. Las celebraciones de la quincea\u00f1era son grupales.<\/p>\n<p><strong>La familia de las Quincea\u00f1eras deber\u00e1:<\/strong><\/p>\n<ul>\n<li>Llenar un formulario en la oficina<\/li>\n<li>Hacer el pago correspondiente de $200 antes de la celebraci\u00f3n<\/li>\n<li>El coro ser\u00e1 organizado por la parroquia<\/li>\n<li>Todas las quincea\u00f1eras son bienvenidas.<\/li>\n<\/ul>\n\n\t\t<\/div>\n\t<\/div>\n<\/div><\/div><\/div><\/div><\/div>\n<\/div>","protected":false},"excerpt":{"rendered":"A tradition in many Latin American Countries, the \u201cquincea\u00f1era\u201d celebrates the fifteenth birthday of a young lady. Requirements at St. Julia Catholic Church Quincea\u00f1era Celebrations are scheduled with the parish office and...","protected":false},"author":6,"featured_media":0,"parent":4423,"menu_order":0,"comment_status":"closed","ping_status":"closed","template":"","meta":{"advanced_seo_description":"","jetpack_seo_html_title":"","jetpack_seo_noindex":false,"footnotes":""},"class_list":["post-4566","page","type-page","status-publish","hentry"],"jetpack_sharing_enabled":true,"_links":{"self":[{"href":"https:\/\/stjuliasilercity.org\/es\/wp-json\/wp\/v2\/pages\/4566","targetHints":{"allow":["GET"]}}],"collection":[{"href":"https:\/\/stjuliasilercity.org\/es\/wp-json\/wp\/v2\/pages"}],"about":[{"href":"https:\/\/stjuliasilercity.org\/es\/wp-json\/wp\/v2\/types\/page"}],"author":[{"embeddable":true,"href":"https:\/\/stjuliasilercity.org\/es\/wp-json\/wp\/v2\/users\/6"}],"replies":[{"embeddable":true,"href":"https:\/\/stjuliasilercity.org\/es\/wp-json\/wp\/v2\/comments?post=4566"}],"version-history":[{"count":25,"href":"https:\/\/stjuliasilercity.org\/es\/wp-json\/wp\/v2\/pages\/4566\/revisions"}],"predecessor-version":[{"id":8423,"href":"https:\/\/stjuliasilercity.org\/es\/wp-json\/wp\/v2\/pages\/4566\/revisions\/8423"}],"up":[{"embeddable":true,"href":"https:\/\/stjuliasilercity.org\/es\/wp-json\/wp\/v2\/pages\/4423"}],"wp:attachment":[{"href":"https:\/\/stjuliasilercity.org\/es\/wp-json\/wp\/v2\/media?parent=4566"}],"curies":[{"name":"wp","href":"https:\/\/api.w.org\/{rel}","templated":true}]}}