{"id":4565,"date":"2020-05-25T02:23:05","date_gmt":"2020-05-25T02:23:05","guid":{"rendered":"https:\/\/stjuliasilercity.org\/?page_id=4565"},"modified":"2026-02-12T11:23:10","modified_gmt":"2026-02-12T16:23:10","slug":"presentaciones","status":"publish","type":"page","link":"https:\/\/stjuliasilercity.org\/es\/celebrations\/presentaciones\/","title":{"rendered":"PRESENTACIONES"},"content":{"rendered":"<div class=\"wpb-content-wrapper\"><div class=\"vc_row wpb_row vc_row-fluid mkdf-section mkdf-content-aligment-left\" style=\"\"><div class=\"clearfix mkdf-full-section-inner\"><div class=\"wpb_column vc_column_container vc_col-sm-12\"><div class=\"vc_column-inner\"><div class=\"wpb_wrapper\">\n\t<div class=\"wpb_text_column wpb_content_element\" >\n\t\t<div class=\"wpb_wrapper\">\n\t\t\t<h2 class=\"entry-title\"><img data-recalc-dims=\"1\" loading=\"lazy\" decoding=\"async\" class=\"size-medium wp-image-6894 aligncenter\" src=\"https:\/\/i0.wp.com\/stjuliasilercity.org\/wp-content\/uploads\/2024\/08\/Presentaciones-1.png?resize=300%2C300&#038;ssl=1\" alt=\"\" width=\"300\" height=\"300\" \/><\/h2>\n<h2 class=\"entry-title\" style=\"text-align: left;\">Presentaciones<\/h2>\n<p>When parents want their children to be presented to the Lord, this indicates that they (the parents) not only recognize God as the giver of life but are also asking the Lord to bless and protect their child (ren) and are trusting that the Lord will do it. In our community we hold presentations only for children who turn 3 years old and are baptized.<\/p>\n<p>People wishing to present their child should speak to the Sacristan, Araceli Boqui\u00f1o before Mass and she will let Friar Julio know.<\/p>\n<p>&nbsp;<\/p>\n<p>Cuando los padres desean que sus hijos sean presentados al Se\u00f1or, esto indica que ellos (los padres) no s\u00f3lo reconocen a Dios como el dador de vida, sino que tambi\u00e9n est\u00e1n pidiendo al Se\u00f1or que bendiga y proteja a su(s) hijo(s) y conf\u00edan en que el Se\u00f1or lo har\u00e1. En nuestra comunidad realizamos presentaciones s\u00f3lo para ni\u00f1os que cumplen 3 a\u00f1os y est\u00e1n bautizados.<\/p>\n<p>Las personas que deseen presentar a su hijo deben hablar con la Sacrist\u00e1n, Araceli Boqui\u00f1o antes de la Misa y ella se lo har\u00e1 saber a Fray Julio.<\/p>\n\n\t\t<\/div>\n\t<\/div>\n<\/div><\/div><\/div><\/div><\/div>\n<\/div>","protected":false},"excerpt":{"rendered":"Presentaciones When parents want their children to be presented to the Lord, this indicates that they (the parents) not only recognize God as the giver of life but are also asking the...","protected":false},"author":6,"featured_media":0,"parent":4423,"menu_order":0,"comment_status":"closed","ping_status":"closed","template":"","meta":{"advanced_seo_description":"","jetpack_seo_html_title":"","jetpack_seo_noindex":false,"footnotes":""},"class_list":["post-4565","page","type-page","status-publish","hentry"],"jetpack_sharing_enabled":true,"_links":{"self":[{"href":"https:\/\/stjuliasilercity.org\/es\/wp-json\/wp\/v2\/pages\/4565","targetHints":{"allow":["GET"]}}],"collection":[{"href":"https:\/\/stjuliasilercity.org\/es\/wp-json\/wp\/v2\/pages"}],"about":[{"href":"https:\/\/stjuliasilercity.org\/es\/wp-json\/wp\/v2\/types\/page"}],"author":[{"embeddable":true,"href":"https:\/\/stjuliasilercity.org\/es\/wp-json\/wp\/v2\/users\/6"}],"replies":[{"embeddable":true,"href":"https:\/\/stjuliasilercity.org\/es\/wp-json\/wp\/v2\/comments?post=4565"}],"version-history":[{"count":13,"href":"https:\/\/stjuliasilercity.org\/es\/wp-json\/wp\/v2\/pages\/4565\/revisions"}],"predecessor-version":[{"id":12042,"href":"https:\/\/stjuliasilercity.org\/es\/wp-json\/wp\/v2\/pages\/4565\/revisions\/12042"}],"up":[{"embeddable":true,"href":"https:\/\/stjuliasilercity.org\/es\/wp-json\/wp\/v2\/pages\/4423"}],"wp:attachment":[{"href":"https:\/\/stjuliasilercity.org\/es\/wp-json\/wp\/v2\/media?parent=4565"}],"curies":[{"name":"wp","href":"https:\/\/api.w.org\/{rel}","templated":true}]}}