{"id":4549,"date":"2020-05-25T02:11:20","date_gmt":"2020-05-25T02:11:20","guid":{"rendered":"https:\/\/stjuliasilercity.org\/?page_id=4549"},"modified":"2026-01-07T13:33:18","modified_gmt":"2026-01-07T18:33:18","slug":"liturgical-ministries","status":"publish","type":"page","link":"https:\/\/stjuliasilercity.org\/es\/ministries\/liturgical-ministries\/","title":{"rendered":"LITURGICAL MINISTRIES"},"content":{"rendered":"<div class=\"wpb-content-wrapper\"><div class=\"vc_row wpb_row vc_row-fluid mkdf-section vc_custom_1622682004430 mkdf-content-aligment-left mkdf-grid-section\" style=\"\"><div class=\"clearfix mkdf-section-inner\"><div class=\"mkdf-section-inner-margin clearfix\"><div class=\"wpb_column vc_column_container vc_col-sm-4 vc_col-lg-4 vc_col-md-4\"><div class=\"vc_column-inner\"><div class=\"wpb_wrapper\">\n<div class=\"mkdf-team main-info-below-image\">\n\t<div class=\"mkdf-team-inner\">\n\t\t\t\t\t<div class=\"mkdf-team-image\">\n\t\t\t\t<img data-recalc-dims=\"1\" decoding=\"async\" src=\"https:\/\/i0.wp.com\/stjuliasilercity.org\/wp-content\/uploads\/2024\/08\/liturgy-bible-e1756848181725.png?w=1060&#038;ssl=1\" alt=\"mkdf-team-image\"\/>\n\t\t\t<\/div>\n\t\t\n\t\t\t\t\t<div class=\"mkdf-team-info\">\n\t\t\t\t\t\t\t\t\t<div class=\"mkdf-team-title-holder normal_social\">\n\t\t\t\t\t\t\t\t\t\t\t\t\t<h3 class=\"mkdf-team-name\">\n\t\t\t\t\t\t\t\tLectors \/ Lectores\t\t\t\t\t\t\t<\/h3>\n\t\t\t\t\t\t\t\t\t\t\t\t\t\t\t\t\t<\/div>\n\t\t\t\t\n\t\t\t\t\n\t\t<div class=\"mkdf-team-social-holder-between\">\n\t\t\t<div class=\"mkdf-team-social normal_social\">\n\t\t\t\t<div class=\"mkdf-team-social-inner\">\n\t\t\t\t\t<div class=\"mkdf-team-social-wrapp\">\n\n\t\t\t\t\t\t\n\t\t\t\t\t<\/div>\n\t\t\t\t<\/div>\n\t\t\t<\/div>\n\t\t<\/div>\n\n\t\t<\/div>\n\t<\/div>\n<\/div>\n\t<div class=\"wpb_text_column wpb_content_element\" >\n\t\t<div class=\"wpb_wrapper\">\n\t\t\t<p style=\"text-align: center;\">English: <a href=\"\/es\/bob.courtney59@gmail.com\/\">Bob Courtney<\/a>\u00a0 856-381-3239<br \/>\nEspa\u00f1ol: Jos\u00e9 Angel Rosas 919.444.1605<\/p>\n\n\t\t<\/div>\n\t<\/div>\n<\/div><\/div><\/div><div class=\"wpb_column vc_column_container vc_col-sm-4 vc_col-lg-4 vc_col-md-4\"><div class=\"vc_column-inner\"><div class=\"wpb_wrapper\">\n<div class=\"mkdf-team main-info-below-image\">\n\t<div class=\"mkdf-team-inner\">\n\t\t\t\t\t<div class=\"mkdf-team-image\">\n\t\t\t\t<img data-recalc-dims=\"1\" decoding=\"async\" src=\"https:\/\/i0.wp.com\/stjuliasilercity.org\/wp-content\/uploads\/2021\/06\/eucharist-1591663_1920-e1756847307504.jpg?w=1060&#038;ssl=1\" alt=\"mkdf-team-image\"\/>\n\t\t\t<\/div>\n\t\t\n\t\t\t\t\t<div class=\"mkdf-team-info\">\n\t\t\t\t\t\t\t\t\t<div class=\"mkdf-team-title-holder normal_social\">\n\t\t\t\t\t\t\t\t\t\t\t\t\t<h3 class=\"mkdf-team-name\">\n\t\t\t\t\t\t\t\tExtraordinary Ministers \/ Ministros Extraordinarios de la Sagrada Communi\u00f3n\t\t\t\t\t\t\t<\/h3>\n\t\t\t\t\t\t\t\t\t\t\t\t\t\t\t\t\t<\/div>\n\t\t\t\t\n\t\t\t\t\t\t\t\t\t<div class='mkdf-team-text'>\n\t\t\t\t\t\t<div class='mkdf-team-text-inner'>\n\t\t\t\t\t\t\t<div class='mkdf-team-description'>\n\t\t\t\t\t\t\t\t<p>English: Phyllis Carapella Espa\u00f1ol: Araceli Boqui\u00f1o 919.200.1927<\/p>\n\t\t\t\t\t\t\t<\/div>\n\t\t\t\t\t\t<\/div>\n\t\t\t\t\t<\/div>\n\t\t\t\t\n\t\t<div class=\"mkdf-team-social-holder-between\">\n\t\t\t<div class=\"mkdf-team-social normal_social\">\n\t\t\t\t<div class=\"mkdf-team-social-inner\">\n\t\t\t\t\t<div class=\"mkdf-team-social-wrapp\">\n\n\t\t\t\t\t\t\n\t\t\t\t\t<\/div>\n\t\t\t\t<\/div>\n\t\t\t<\/div>\n\t\t<\/div>\n\n\t\t<\/div>\n\t<\/div>\n<\/div><\/div><\/div><\/div><div class=\"wpb_column vc_column_container vc_col-sm-4 vc_col-lg-4 vc_col-md-4\"><div class=\"vc_column-inner\"><div class=\"wpb_wrapper\">\n<div class=\"mkdf-team main-info-below-image\">\n\t<div class=\"mkdf-team-inner\">\n\t\t\t\t\t<div class=\"mkdf-team-image\">\n\t\t\t\t<img data-recalc-dims=\"1\" decoding=\"async\" src=\"https:\/\/i0.wp.com\/stjuliasilercity.org\/wp-content\/uploads\/2024\/09\/Altar-Servers-e1756908450944.png?w=1060&#038;ssl=1\" alt=\"mkdf-team-image\"\/>\n\t\t\t<\/div>\n\t\t\n\t\t\t\t\t<div class=\"mkdf-team-info\">\n\t\t\t\t\t\t\t\t\t<div class=\"mkdf-team-title-holder normal_social\">\n\t\t\t\t\t\t\t\t\t\t\t\t\t<h3 class=\"mkdf-team-name\">\n\t\t\t\t\t\t\t\tAltar Servers \/Monaguillos\t\t\t\t\t\t\t<\/h3>\n\t\t\t\t\t\t\t\t\t\t\t\t\t\t\t\t\t<\/div>\n\t\t\t\t\n\t\t\t\t\n\t\t<div class=\"mkdf-team-social-holder-between\">\n\t\t\t<div class=\"mkdf-team-social normal_social\">\n\t\t\t\t<div class=\"mkdf-team-social-inner\">\n\t\t\t\t\t<div class=\"mkdf-team-social-wrapp\">\n\n\t\t\t\t\t\t\n\t\t\t\t\t<\/div>\n\t\t\t\t<\/div>\n\t\t\t<\/div>\n\t\t<\/div>\n\n\t\t<\/div>\n\t<\/div>\n<\/div>\n\t<div class=\"wpb_text_column wpb_content_element\" >\n\t\t<div class=\"wpb_wrapper\">\n\t\t\t<p>&nbsp;<\/p>\n<p style=\"text-align: center;\">English \/ Espa\u00f1ol: Jos\u00e9 Angel Rosas 919.444.1605<\/p>\n\n\t\t<\/div>\n\t<\/div>\n<\/div><\/div><\/div><\/div><\/div><\/div><div class=\"vc_row wpb_row vc_row-fluid mkdf-section vc_custom_1453728422241 mkdf-content-aligment-left mkdf-grid-section\" style=\"\"><div class=\"clearfix mkdf-section-inner\"><div class=\"mkdf-section-inner-margin clearfix\"><div class=\"wpb_column vc_column_container vc_col-sm-4 vc_col-lg-4 vc_col-md-4\"><div class=\"vc_column-inner\"><div class=\"wpb_wrapper\">\n<div class=\"mkdf-team main-info-below-image\">\n\t<div class=\"mkdf-team-inner\">\n\t\t\t\t\t<div class=\"mkdf-team-image\">\n\t\t\t\t<img data-recalc-dims=\"1\" decoding=\"async\" src=\"https:\/\/i0.wp.com\/stjuliasilercity.org\/wp-content\/uploads\/2024\/09\/hospitality-e1756908463329.png?w=1060&#038;ssl=1\" alt=\"mkdf-team-image\"\/>\n\t\t\t<\/div>\n\t\t\n\t\t\t\t\t<div class=\"mkdf-team-info\">\n\t\t\t\t\t\t\t\t\t<div class=\"mkdf-team-title-holder normal_social\">\n\t\t\t\t\t\t\t\t\t\t\t\t\t<h3 class=\"mkdf-team-name\">\n\t\t\t\t\t\t\t\tMinisters of Hospitality \/ Ministros de Hospitalidad (Misas en Espa\u00f1ol)\t\t\t\t\t\t\t<\/h3>\n\t\t\t\t\t\t\t\t\t\t\t\t\t\t\t\t\t<\/div>\n\t\t\t\t\n\t\t\t\t\n\t\t<div class=\"mkdf-team-social-holder-between\">\n\t\t\t<div class=\"mkdf-team-social normal_social\">\n\t\t\t\t<div class=\"mkdf-team-social-inner\">\n\t\t\t\t\t<div class=\"mkdf-team-social-wrapp\">\n\n\t\t\t\t\t\t\n\t\t\t\t\t<\/div>\n\t\t\t\t<\/div>\n\t\t\t<\/div>\n\t\t<\/div>\n\n\t\t<\/div>\n\t<\/div>\n<\/div>\n\t<div class=\"wpb_text_column wpb_content_element\" >\n\t\t<div class=\"wpb_wrapper\">\n\t\t\t<p>&nbsp;<\/p>\n<p style=\"text-align: center;\">English: English: Please call the office<br \/>\nEspa\u00f1ol: Pedro Vicente: 919.200.8607<\/p>\n\n\t\t<\/div>\n\t<\/div>\n<\/div><\/div><\/div><div class=\"wpb_column vc_column_container vc_col-sm-4 vc_col-lg-4 vc_col-md-4\"><div class=\"vc_column-inner\"><div class=\"wpb_wrapper\">\n<div class=\"mkdf-team main-info-below-image\">\n\t<div class=\"mkdf-team-inner\">\n\t\t\t\t\t<div class=\"mkdf-team-image\">\n\t\t\t\t<img data-recalc-dims=\"1\" decoding=\"async\" src=\"https:\/\/i0.wp.com\/stjuliasilercity.org\/wp-content\/uploads\/2024\/09\/flowers-e1756908479175.png?w=1060&#038;ssl=1\" alt=\"mkdf-team-image\"\/>\n\t\t\t<\/div>\n\t\t\n\t\t\t\t\t<div class=\"mkdf-team-info\">\n\t\t\t\t\t\t\t\t\t<div class=\"mkdf-team-title-holder normal_social\">\n\t\t\t\t\t\t\t\t\t\t\t\t\t<h3 class=\"mkdf-team-name\">\n\t\t\t\t\t\t\t\tWedding and Quincea\u00f1era Rehearsals \/ Ensayos de Bodas y Quincea\u00f1eras\t\t\t\t\t\t\t<\/h3>\n\t\t\t\t\t\t\t\t\t\t\t\t\t\t\t\t\t<\/div>\n\t\t\t\t\n\t\t\t\t\n\t\t<div class=\"mkdf-team-social-holder-between\">\n\t\t\t<div class=\"mkdf-team-social normal_social\">\n\t\t\t\t<div class=\"mkdf-team-social-inner\">\n\t\t\t\t\t<div class=\"mkdf-team-social-wrapp\">\n\n\t\t\t\t\t\t\n\t\t\t\t\t<\/div>\n\t\t\t\t<\/div>\n\t\t\t<\/div>\n\t\t<\/div>\n\n\t\t<\/div>\n\t<\/div>\n<\/div>\n\t<div class=\"wpb_text_column wpb_content_element\" >\n\t\t<div class=\"wpb_wrapper\">\n\t\t\t<p>&nbsp;<\/p>\n<p style=\"text-align: center;\">Please call the office \/ Por favor llame a la oficina<\/p>\n\n\t\t<\/div>\n\t<\/div>\n<\/div><\/div><\/div><div class=\"wpb_column vc_column_container vc_col-sm-4 vc_col-lg-4 vc_col-md-4\"><div class=\"vc_column-inner\"><div class=\"wpb_wrapper\">\n<div class=\"mkdf-team main-info-below-image\">\n\t<div class=\"mkdf-team-inner\">\n\t\t\t\t\t<div class=\"mkdf-team-image\">\n\t\t\t\t<img data-recalc-dims=\"1\" decoding=\"async\" src=\"https:\/\/i0.wp.com\/stjuliasilercity.org\/wp-content\/uploads\/2024\/08\/english-choir-e1756907978237.png?w=1060&#038;ssl=1\" alt=\"mkdf-team-image\"\/>\n\t\t\t<\/div>\n\t\t\n\t\t\t\t\t<div class=\"mkdf-team-info\">\n\t\t\t\t\t\t\t\t\t<div class=\"mkdf-team-title-holder normal_social\">\n\t\t\t\t\t\t\t\t\t\t\t\t\t<h3 class=\"mkdf-team-name\">\n\t\t\t\t\t\t\t\tMusic Ministries \/Ministerio de M\u00fasica\t\t\t\t\t\t\t<\/h3>\n\t\t\t\t\t\t\t\t\t\t\t\t\t\t\t\t\t<\/div>\n\t\t\t\t\n\t\t\t\t\n\t\t<div class=\"mkdf-team-social-holder-between\">\n\t\t\t<div class=\"mkdf-team-social normal_social\">\n\t\t\t\t<div class=\"mkdf-team-social-inner\">\n\t\t\t\t\t<div class=\"mkdf-team-social-wrapp\">\n\n\t\t\t\t\t\t\n\t\t\t\t\t<\/div>\n\t\t\t\t<\/div>\n\t\t\t<\/div>\n\t\t<\/div>\n\n\t\t<\/div>\n\t<\/div>\n<\/div><a href=\"https:\/\/stjuliasilercity.org\/es\/ministries\/music-ministries\/\" target=\"_self\" style=\"color: #FB0A0A;border-color: #0882AF\" class=\"mkdf-btn mkdf-btn-small mkdf-btn-white mkdf-btn-custom-hover-bg mkdf-btn-custom-border-hover mkdf-btn-custom-hover-color mkdf-btn-hover-solid\" data-hover-bg-color=\"#33BBF1\" data-hover-color=\"#FFFFFF\" data-hover-border-color=\"#048DBD\" >\n\t\n\t\t<span class=\"mkdf-btn-text\">Music Ministry Webpage \/ P\u00e1gina web del ministerio de m\u00fasica<\/span>\n<\/a><\/div><\/div><\/div><\/div><\/div><\/div><div class=\"vc_row wpb_row vc_row-fluid mkdf-section vc_custom_1453728422241 mkdf-content-aligment-left mkdf-grid-section\" style=\"\"><div class=\"clearfix mkdf-section-inner\"><div class=\"mkdf-section-inner-margin clearfix\"><div class=\"wpb_column vc_column_container vc_col-sm-4 vc_col-lg-4 vc_col-md-4\"><div class=\"vc_column-inner\"><div class=\"wpb_wrapper\"><\/div><\/div><\/div><div class=\"wpb_column vc_column_container vc_col-sm-4 vc_col-lg-4 vc_col-md-4\"><div class=\"vc_column-inner\"><div class=\"wpb_wrapper\">\n<div class=\"mkdf-team main-info-below-image\">\n\t<div class=\"mkdf-team-inner\">\n\t\t\t\t\t<div class=\"mkdf-team-image\">\n\t\t\t\t<img data-recalc-dims=\"1\" decoding=\"async\" src=\"https:\/\/i0.wp.com\/stjuliasilercity.org\/wp-content\/uploads\/2025\/08\/Vox-Ministries-e1756822949115.png?w=1060&#038;ssl=1\" alt=\"mkdf-team-image\"\/>\n\t\t\t<\/div>\n\t\t\n\t\t\t\t\t<div class=\"mkdf-team-info\">\n\t\t\t\t\t\t\t\t\t<div class=\"mkdf-team-title-holder normal_social\">\n\t\t\t\t\t\t\t\t\t\t\t\t\t<h3 class=\"mkdf-team-name\">\n\t\t\t\t\t\t\t\tVox Ministries \/ Ministerios Vox\t\t\t\t\t\t\t<\/h3>\n\t\t\t\t\t\t\t\t\t\t\t\t\t\t\t\t\t<\/div>\n\t\t\t\t\n\t\t\t\t\t\t\t\t\t<div class='mkdf-team-text'>\n\t\t\t\t\t\t<div class='mkdf-team-text-inner'>\n\t\t\t\t\t\t\t<div class='mkdf-team-description'>\n\t\t\t\t\t\t\t\t<p>Youth Led, Youth Driven- To live and serve God and others through Faith and Action. \/ Liderado por j\u00f3venes, impulsado por j\u00f3venes- Vivir y servir a Dios y a los dem\u00e1s a trav\u00e9s de la Fe y Acci\u00f3n.<\/p>\n\t\t\t\t\t\t\t<\/div>\n\t\t\t\t\t\t<\/div>\n\t\t\t\t\t<\/div>\n\t\t\t\t\n\t\t<div class=\"mkdf-team-social-holder-between\">\n\t\t\t<div class=\"mkdf-team-social normal_social\">\n\t\t\t\t<div class=\"mkdf-team-social-inner\">\n\t\t\t\t\t<div class=\"mkdf-team-social-wrapp\">\n\n\t\t\t\t\t\t\n\t\t\t\t\t<\/div>\n\t\t\t\t<\/div>\n\t\t\t<\/div>\n\t\t<\/div>\n\n\t\t<\/div>\n\t<\/div>\n<\/div><a href=\"https:\/\/stjuliasilercity.org\/es\/vox-ministries\/\" target=\"_self\" style=\"color: #FB0A0A;border-color: #0882AF\" class=\"mkdf-btn mkdf-btn-small mkdf-btn-white mkdf-btn-custom-hover-bg mkdf-btn-custom-border-hover mkdf-btn-custom-hover-color mkdf-btn-hover-solid\" data-hover-bg-color=\"#33BBF1\" data-hover-color=\"#FFFFFF\" data-hover-border-color=\"#048DBD\" >\n\t\n\t\t<span class=\"mkdf-btn-text\">Vox Ministries<\/span>\n<\/a><\/div><\/div><\/div><div class=\"wpb_column vc_column_container vc_col-sm-4 vc_col-lg-4 vc_col-md-4\"><div class=\"vc_column-inner\"><div class=\"wpb_wrapper\"><\/div><\/div><\/div><\/div><\/div><\/div>\n<\/div>","protected":false},"excerpt":{"rendered":"Lectors \/ Lectores English: Bob Courtney\u00a0 856-381-3239 Espa\u00f1ol: Jos\u00e9 Angel Rosas 919.444.1605 Extraordinary Ministers \/ Ministros Extraordinarios de la Sagrada Communi\u00f3n English: Phyllis Carapella Espa\u00f1ol: Araceli Boqui\u00f1o 919.200.1927 Altar Servers \/Monaguillos &nbsp;...","protected":false},"author":6,"featured_media":0,"parent":4260,"menu_order":0,"comment_status":"closed","ping_status":"closed","template":"full-width.php","meta":{"advanced_seo_description":"","jetpack_seo_html_title":"","jetpack_seo_noindex":false,"footnotes":""},"class_list":["post-4549","page","type-page","status-publish","hentry"],"jetpack_sharing_enabled":true,"_links":{"self":[{"href":"https:\/\/stjuliasilercity.org\/es\/wp-json\/wp\/v2\/pages\/4549","targetHints":{"allow":["GET"]}}],"collection":[{"href":"https:\/\/stjuliasilercity.org\/es\/wp-json\/wp\/v2\/pages"}],"about":[{"href":"https:\/\/stjuliasilercity.org\/es\/wp-json\/wp\/v2\/types\/page"}],"author":[{"embeddable":true,"href":"https:\/\/stjuliasilercity.org\/es\/wp-json\/wp\/v2\/users\/6"}],"replies":[{"embeddable":true,"href":"https:\/\/stjuliasilercity.org\/es\/wp-json\/wp\/v2\/comments?post=4549"}],"version-history":[{"count":54,"href":"https:\/\/stjuliasilercity.org\/es\/wp-json\/wp\/v2\/pages\/4549\/revisions"}],"predecessor-version":[{"id":11758,"href":"https:\/\/stjuliasilercity.org\/es\/wp-json\/wp\/v2\/pages\/4549\/revisions\/11758"}],"up":[{"embeddable":true,"href":"https:\/\/stjuliasilercity.org\/es\/wp-json\/wp\/v2\/pages\/4260"}],"wp:attachment":[{"href":"https:\/\/stjuliasilercity.org\/es\/wp-json\/wp\/v2\/media?parent=4549"}],"curies":[{"name":"wp","href":"https:\/\/api.w.org\/{rel}","templated":true}]}}