{"id":4276,"date":"2020-04-01T00:54:06","date_gmt":"2020-04-01T00:54:06","guid":{"rendered":"https:\/\/stjuliasilercity.org\/?page_id=4276"},"modified":"2024-08-14T12:28:53","modified_gmt":"2024-08-14T16:28:53","slug":"anointing-of-the-sick","status":"publish","type":"page","link":"https:\/\/stjuliasilercity.org\/es\/sacraments\/anointing-of-the-sick\/","title":{"rendered":"Unci\u00f3n de los enfermos"},"content":{"rendered":"<div class=\"wpb-content-wrapper\"><div class=\"vc_row wpb_row vc_row-fluid mkdf-section mkdf-content-aligment-left\" style=\"\"><div class=\"clearfix mkdf-full-section-inner\"><div class=\"wpb_column vc_column_container vc_col-sm-12\"><div class=\"vc_column-inner\"><div class=\"wpb_wrapper\">\n\t<div class=\"wpb_text_column wpb_content_element\" >\n\t\t<div class=\"wpb_wrapper\">\n\t\t\t<h2 class=\"entry-title\"><img data-recalc-dims=\"1\" loading=\"lazy\" decoding=\"async\" class=\"size-medium wp-image-6703 aligncenter\" src=\"https:\/\/i0.wp.com\/stjuliasilercity.org\/wp-content\/uploads\/2024\/08\/annointing.png?resize=300%2C300&#038;ssl=1\" alt=\"\" width=\"300\" height=\"300\" \/><\/h2>\n<h2 class=\"entry-title\">Anointing of the Sick \/ Unci\u00f3n de los enfermos<\/h2>\n<p><em>In the Church\u2019s Sacrament of Anointing of the Sick, through the ministry of the priest, it is Jesus who touches the sick to heal them from sin \u2013 and sometimes even from physical ailment. His cures were signs of the arrival of the Kingdom of God. The core message of his healing tells us of his plan to conquer sin and death by his dying and rising.<\/em><\/p>\n<p><em>The Rite of Anointing tells us there is no need to wait until a person is at the point of death to receive the Sacrament. A careful judgment about the serious nature of the illness is sufficient. When the Sacrament of Anointing of the Sick is given, the hoped-for effect is that, if it be God\u2019s will, the person be physically healed of illness. But even if there is no physical healing, the primary effect of the Sacrament is a spiritual healing by which the sick person receives the Holy Spirit\u2019s gift of peace and courage to deal with the difficulties that accompany serious illness or the frailty of old age.<\/em><\/p>\n<p>If you or a loved one are sick or going in for surgery, contact the parish office at <a href=\"mailto:office@stjsc.org\">office@stjsc.org<\/a> or 919.742.5584.<\/p>\n<p>&nbsp;<\/p>\n<p>En el sacramento de la Unci\u00f3n de los enfermos, que se practica en la Iglesia, a trav\u00e9s del ministerio del sacerdote, es Jes\u00fas quien toca a los enfermos para curarlos del pecado y, a veces, incluso de sus dolencias f\u00edsicas. Sus curaciones eran signos de la llegada del Reino de Dios. El mensaje central de su curaci\u00f3n nos habla de su plan de vencer el pecado y la muerte mediante su muerte y resurrecci\u00f3n.<\/p>\n<p>El rito de la Unci\u00f3n nos dice que no es necesario esperar a que una persona est\u00e9 al borde de la muerte para recibir el sacramento. Basta con un juicio cuidadoso sobre la gravedad de la enfermedad. Cuando se administra el sacramento de la Unci\u00f3n de los enfermos, el efecto esperado es que, si es la voluntad de Dios, la persona se cure f\u00edsicamente de su enfermedad. Pero incluso si no hay curaci\u00f3n f\u00edsica, el efecto principal del sacramento es una curaci\u00f3n espiritual por la que la persona enferma recibe el don del Esp\u00edritu Santo de paz y coraje para afrontar las dificultades que acompa\u00f1an a una enfermedad grave o a la fragilidad de la vejez.<\/p>\n<p>Si usted o un ser querido est\u00e1 enfermo o va a ser sometido a una cirug\u00eda, comun\u00edquese con la oficina parroquial al<a href=\"mailto:office@stjsc.org\"> office@stjsc.org<\/a> o al 919.742.5584.<\/p>\n\n\t\t<\/div>\n\t<\/div>\n<\/div><\/div><\/div><\/div><\/div><div class=\"vc_row wpb_row vc_row-fluid mkdf-section mkdf-content-aligment-left\" style=\"\"><div class=\"clearfix mkdf-full-section-inner\"><div class=\"wpb_column vc_column_container vc_col-sm-12\"><div class=\"vc_column-inner\"><div class=\"wpb_wrapper\"><\/div><\/div><\/div><\/div><\/div>\n<\/div>","protected":false},"excerpt":{"rendered":"Anointing of the Sick \/ Unci\u00f3n de los enfermos In the Church\u2019s Sacrament of Anointing of the Sick, through the ministry of the priest, it is Jesus who touches the sick to...","protected":false},"author":6,"featured_media":0,"parent":4241,"menu_order":0,"comment_status":"closed","ping_status":"closed","template":"","meta":{"advanced_seo_description":"","jetpack_seo_html_title":"","jetpack_seo_noindex":false,"footnotes":""},"class_list":["post-4276","page","type-page","status-publish","hentry"],"jetpack_sharing_enabled":true,"_links":{"self":[{"href":"https:\/\/stjuliasilercity.org\/es\/wp-json\/wp\/v2\/pages\/4276","targetHints":{"allow":["GET"]}}],"collection":[{"href":"https:\/\/stjuliasilercity.org\/es\/wp-json\/wp\/v2\/pages"}],"about":[{"href":"https:\/\/stjuliasilercity.org\/es\/wp-json\/wp\/v2\/types\/page"}],"author":[{"embeddable":true,"href":"https:\/\/stjuliasilercity.org\/es\/wp-json\/wp\/v2\/users\/6"}],"replies":[{"embeddable":true,"href":"https:\/\/stjuliasilercity.org\/es\/wp-json\/wp\/v2\/comments?post=4276"}],"version-history":[{"count":5,"href":"https:\/\/stjuliasilercity.org\/es\/wp-json\/wp\/v2\/pages\/4276\/revisions"}],"predecessor-version":[{"id":6884,"href":"https:\/\/stjuliasilercity.org\/es\/wp-json\/wp\/v2\/pages\/4276\/revisions\/6884"}],"up":[{"embeddable":true,"href":"https:\/\/stjuliasilercity.org\/es\/wp-json\/wp\/v2\/pages\/4241"}],"wp:attachment":[{"href":"https:\/\/stjuliasilercity.org\/es\/wp-json\/wp\/v2\/media?parent=4276"}],"curies":[{"name":"wp","href":"https:\/\/api.w.org\/{rel}","templated":true}]}}