{"id":4254,"date":"2020-03-31T03:00:03","date_gmt":"2020-03-31T03:00:03","guid":{"rendered":"https:\/\/stjuliasilercity.org\/?page_id=4254"},"modified":"2026-02-05T19:38:24","modified_gmt":"2026-02-06T00:38:24","slug":"reconciliation","status":"publish","type":"page","link":"https:\/\/stjuliasilercity.org\/es\/sacraments\/reconciliation\/","title":{"rendered":"Conciliaci\u00f3n"},"content":{"rendered":"<div class=\"wpb-content-wrapper\"><div class=\"vc_row wpb_row vc_row-fluid mkdf-section mkdf-content-aligment-left\" style=\"\"><div class=\"clearfix mkdf-full-section-inner\"><div class=\"wpb_column vc_column_container vc_col-sm-12\"><div class=\"vc_column-inner\"><div class=\"wpb_wrapper\">\n\t<div class=\"wpb_text_column wpb_content_element\" >\n\t\t<div class=\"wpb_wrapper\">\n\t\t\t<p><img data-recalc-dims=\"1\" loading=\"lazy\" decoding=\"async\" class=\"wp-image-6693 aligncenter\" src=\"https:\/\/i0.wp.com\/stjuliasilercity.org\/wp-content\/uploads\/2024\/08\/reconciliation-2.png?resize=248%2C248&#038;ssl=1\" alt=\"Hands folded in prayer sun ray reconciliation\" width=\"248\" height=\"248\" \/><\/p>\n<h3 style=\"text-align: center;\"><strong>Reconciliation \/ Reconciliaci\u00f3n<\/strong><\/h3>\n<p><em>Those who approach the Sacrament of Penance obtain pardon from God\u2019s mercy from the offense committed against him, and are, at the same time, reconciled with the Church which they have wounded by their sins and which by charity, by example, and by prayer labors for their conversion.<\/em> \u201cCatechism of the Catholic Church 1422\u201d<\/p>\n<p><em>Quienes se acercan al Sacramento de la Penitencia obtienen de la misericordia de Dios el perd\u00f3n de la ofensa cometida contra \u00c9l, y al mismo tiempo se reconcilian con la Iglesia a la que han herido con sus pecados y que por la caridad, el ejemplo y la oraci\u00f3n trabaja por su conversi\u00f3n. \u201cCatecismo de la Iglesia Cat\u00f3lica 1422\u201d<\/em><\/p>\n<ul>\n<li><strong>Confessions are every Saturday: 3:00 pm &#8211; 4:00 pm<\/strong><\/li>\n<li><strong>Las confesiones son todos los s\u00e1bados: 3:00 pm &#8211; 4:00 pm<\/strong><\/li>\n<\/ul>\n<p>Other times by appointment. For more information, please contact Friar Julio. \/\u00a0Otros horarios con cita previa. Para m\u00e1s informaci\u00f3n, por favor contacte a Fray Julio.<\/p>\n<p>&nbsp;<\/p>\n<p style=\"text-align: center;\"><a href=\"https:\/\/stjuliasilercity.org\/es\/lent-la-cuaresma\/\"><strong><span style=\"color: #0000ff;\">Click here for Lenten Confessions and Reconciliation<\/span><br \/>\n<span style=\"color: #0000ff;\">Haga clic aqu\u00ed para las Confesiones y la Reconciliaci\u00f3n de Cuaresma<\/span><\/strong><\/a><\/p>\n<p>&nbsp;<\/p>\n<p><strong>Interested in learning more about the Eucharist?<br \/>\nSee our webpages on <a href=\"https:\/\/stjuliasilercity.org\/es\/sacraments\/first-reconciliation\/\">First Reconciliation for children,<\/a><\/strong><strong>\u00a0OR\u00a0 <a href=\"https:\/\/stjuliasilercity.org\/es\/rcia-for-adults\/\">First Reconciliation for adults<\/a>.<\/strong><\/p>\n<p><strong>\u00bfEst\u00e1 interesado en aprender m\u00e1s sobre la Eucarist\u00eda?<\/strong><br \/>\n<strong>Vea nuestras p\u00e1ginas web sobre la <a href=\"https:\/\/stjuliasilercity.org\/es\/sacraments\/first-reconciliation\/\">Primera Reconciliaci\u00f3n para ni\u00f1os<\/a>, O <a href=\"https:\/\/stjuliasilercity.org\/es\/rcia-for-adults\/\">Primera Reconciliaci\u00f3n para adultos.<\/a><\/strong><\/p>\n\n\t\t<\/div>\n\t<\/div>\n<\/div><\/div><\/div><\/div><\/div><div class=\"vc_row wpb_row vc_row-fluid mkdf-section mkdf-content-aligment-left\" style=\"\"><div class=\"clearfix mkdf-full-section-inner\"><div class=\"wpb_column vc_column_container vc_col-sm-12\"><div class=\"vc_column-inner\"><div class=\"wpb_wrapper\"><\/div><\/div><\/div><\/div><\/div>\n<\/div>","protected":false},"excerpt":{"rendered":"Reconciliation \/ Reconciliaci\u00f3n Those who approach the Sacrament of Penance obtain pardon from God\u2019s mercy from the offense committed against him, and are, at the same time, reconciled with the Church which...","protected":false},"author":6,"featured_media":0,"parent":4241,"menu_order":0,"comment_status":"closed","ping_status":"closed","template":"","meta":{"advanced_seo_description":"","jetpack_seo_html_title":"","jetpack_seo_noindex":false,"footnotes":""},"class_list":["post-4254","page","type-page","status-publish","hentry"],"jetpack_sharing_enabled":true,"_links":{"self":[{"href":"https:\/\/stjuliasilercity.org\/es\/wp-json\/wp\/v2\/pages\/4254","targetHints":{"allow":["GET"]}}],"collection":[{"href":"https:\/\/stjuliasilercity.org\/es\/wp-json\/wp\/v2\/pages"}],"about":[{"href":"https:\/\/stjuliasilercity.org\/es\/wp-json\/wp\/v2\/types\/page"}],"author":[{"embeddable":true,"href":"https:\/\/stjuliasilercity.org\/es\/wp-json\/wp\/v2\/users\/6"}],"replies":[{"embeddable":true,"href":"https:\/\/stjuliasilercity.org\/es\/wp-json\/wp\/v2\/comments?post=4254"}],"version-history":[{"count":13,"href":"https:\/\/stjuliasilercity.org\/es\/wp-json\/wp\/v2\/pages\/4254\/revisions"}],"predecessor-version":[{"id":11962,"href":"https:\/\/stjuliasilercity.org\/es\/wp-json\/wp\/v2\/pages\/4254\/revisions\/11962"}],"up":[{"embeddable":true,"href":"https:\/\/stjuliasilercity.org\/es\/wp-json\/wp\/v2\/pages\/4241"}],"wp:attachment":[{"href":"https:\/\/stjuliasilercity.org\/es\/wp-json\/wp\/v2\/media?parent=4254"}],"curies":[{"name":"wp","href":"https:\/\/api.w.org\/{rel}","templated":true}]}}