{"id":4246,"date":"2020-03-31T02:34:50","date_gmt":"2020-03-31T02:34:50","guid":{"rendered":"https:\/\/stjuliasilercity.org\/?page_id=4246"},"modified":"2026-03-24T13:57:17","modified_gmt":"2026-03-24T17:57:17","slug":"baptism","status":"publish","type":"page","link":"https:\/\/stjuliasilercity.org\/es\/sacraments\/baptism\/","title":{"rendered":"Bautismo"},"content":{"rendered":"<div class=\"wpb-content-wrapper\"><div class=\"vc_row wpb_row vc_row-fluid mkdf-section mkdf-content-aligment-left\" style=\"\"><div class=\"clearfix mkdf-full-section-inner\"><div class=\"wpb_column vc_column_container vc_col-sm-12\"><div class=\"vc_column-inner\"><div class=\"wpb_wrapper\">\n\t<div  class=\"wpb_single_image wpb_content_element vc_align_center wpb_content_element\">\n\t\t\n\t\t<figure class=\"wpb_wrapper vc_figure\">\n\t\t\t<div class=\"vc_single_image-wrapper   vc_box_border_grey\"><img loading=\"lazy\" decoding=\"async\" width=\"300\" height=\"300\" src=\"https:\/\/i0.wp.com\/stjuliasilercity.org\/wp-content\/uploads\/2024\/08\/baby-baptism-1-e1756848095552.png?fit=300%2C300&amp;ssl=1\" class=\"vc_single_image-img attachment-medium\" alt=\"Baby being baptized\" title=\"baby baptism (1)\" \/><\/div>\n\t\t<\/figure>\n\t<\/div>\n<div data-original-height=\"32\" class=\"vc_empty_space\" style=\" style=&quot;height: 32px&quot;\" >\n\t<span class=\"vc_empty_space_inner\"><\/span>\n<\/div>\n<\/div><\/div><\/div><\/div><\/div><div class=\"vc_row wpb_row vc_row-fluid mkdf-section mkdf-content-aligment-left\" style=\"\"><div class=\"clearfix mkdf-full-section-inner\"><div class=\"wpb_column vc_column_container vc_col-sm-6\"><div class=\"vc_column-inner\"><div class=\"wpb_wrapper\">\n\t<div class=\"wpb_text_column wpb_content_element\" >\n\t\t<div class=\"wpb_wrapper\">\n\t\t\t<p style=\"text-align: center;\"><strong>Baptisms at Saint Julia Catholic Church are scheduled on a regular basis throughout the Liturgical year.<\/strong><\/p>\n<ul>\n<li>All parents seeking baptism for their child must be registered members of the parish<\/li>\n<li>A copy of the Godparent\/Sponsor form should be filled out by your chosen Godparent(s) and returned to the parish office at least 1 month prior to the baptismal ceremony. The form can be picked up and dropped off at the parish office Tuesday through Friday during regular business hours 8:30 AM until 4:30 PM.<\/li>\n<li>Parents and Godparents must attend a preparation course for the child they are bringing forward to be Baptized.<\/li>\n<li>Parents must come to the office and register for class up to 3 weeks BEFORE the pre-Baptismal class.<\/li>\n<li>The Baptismal Preparation Course, consisting of 1 session, provides a time of reflection, sharing, and learning about the graces of Baptism.<\/li>\n<\/ul>\n<p style=\"text-align: center;\"><strong>Cursos de Preparaci\u00f3n Bautismal<\/strong><\/p>\n<ul>\n<li style=\"text-align: left;\">Espa\u00f1ol: El segundo s\u00e1bado de cada mes en el Sal\u00f3n Parroquial.<\/li>\n<li style=\"text-align: left;\">English: Times to be determined. Contact Anna Vasquez to schedule for your Baptismal Preparation classes.<\/li>\n<li style=\"text-align: left;\">Children are <strong>NOT<\/strong> allowed in these classes.<\/li>\n<li style=\"text-align: left;\">These classes are approximately two hours long, so we <strong>require prompt arrival. <\/strong>Rescheduling the class may delay the Baptism date.<\/li>\n<\/ul>\n<p style=\"text-align: center;\"><strong>Ceremonias de Bautismo<\/strong><\/p>\n<ul>\n<li>Espa\u00f1ol: El cuarto s\u00e1bado de cada mes a la 1:00 PM<\/li>\n<li>Ingl\u00e9s: El cuarto s\u00e1bado de cada mes a las 2:00 PM.<\/li>\n<li>Comun\u00edquese con la asistente administrativa Anna Vasquez, quien con gusto lo ayudar\u00e1 con los pasos iniciales en este viaje hacia el bautismo de su hijo.<\/li>\n<\/ul>\n\n\t\t<\/div>\n\t<\/div>\n<div data-original-height=\"32\" class=\"vc_empty_space\" style=\" style=&quot;height: 32px&quot;\" >\n\t<span class=\"vc_empty_space_inner\"><\/span>\n<\/div>\n<\/div><\/div><\/div><div class=\"wpb_column vc_column_container vc_col-sm-6\"><div class=\"vc_column-inner\"><div class=\"wpb_wrapper\">\n\t<div class=\"wpb_text_column wpb_content_element\" >\n\t\t<div class=\"wpb_wrapper\">\n\t\t\t<p style=\"text-align: center;\"><strong>Los bautizos en la iglesia cat\u00f3lica de Santa Julia se celebran regularmente a lo largo del a\u00f1o lit\u00fargico.<\/strong><\/p>\n<ul>\n<li>Todos los padres que deseen bautizar a su hijo deben ser miembros registrados de la parroquia.<\/li>\n<li>El\/los padrino\/s elegido\/s deber\u00e1n completar el formulario de padrino\/madrina y entregarlo en la oficina parroquial al menos un mes antes de la ceremonia. El formulario se puede recoger y entregar en la oficina parroquial de martes a viernes, de 8:30 a. m. a 4:30 p. m.<\/li>\n<li>Los padres y padrinos deben asistir a un curso de preparaci\u00f3n para el bautizo.<\/li>\n<li>Los padres deben acudir a la oficina parroquial e inscribirse en el curso hasta tres semanas antes del inicio del mismo.<\/li>\n<li>El curso de preparaci\u00f3n para el bautismo, que consta de una sesi\u00f3n, ofrece un tiempo de reflexi\u00f3n, intercambio y aprendizaje sobre las gracias del bautismo.<\/li>\n<\/ul>\n<p style=\"text-align: center;\"><strong>Cursos de preparaci\u00f3n bautismal<\/strong><\/p>\n<ul>\n<li>Espa\u00f1ol: El segundo s\u00e1bado de cada mes en el sal\u00f3n parroquial.<\/li>\n<li>Ingl\u00e9s: Horarios por determinar. Comun\u00edquese con Anna V\u00e1squez para programar sus clases de preparaci\u00f3n bautismal.<\/li>\n<li><strong>NO<\/strong> se permiten ni\u00f1os en estas clases.<\/li>\n<li>Las clases duran aproximadamente dos horas, por lo que se <strong>requiere puntualidad<\/strong>. Cambiar la fecha de la clase podr\u00eda retrasar la fecha del Bautismo.<\/li>\n<\/ul>\n<p style=\"text-align: center;\"><strong>Ceremonias de Bautismo<\/strong><\/p>\n<ul>\n<li>Espa\u00f1ol: El cuarto s\u00e1bado de cada mes a la 1:00 p. m.<\/li>\n<li>Ingl\u00e9s: El cuarto s\u00e1bado de cada mes a las 2:00 p. m.<\/li>\n<li>Por favor, comun\u00edquese con la asistente administrativa Anna V\u00e1squez, quien con gusto le ayudar\u00e1 con los primeros pasos en el proceso de bautismo de su hijo\/a.<\/li>\n<\/ul>\n\n\t\t<\/div>\n\t<\/div>\n<div data-original-height=\"32\" class=\"vc_empty_space\" style=\" style=&quot;height: 32px&quot;\" >\n\t<span class=\"vc_empty_space_inner\"><\/span>\n<\/div>\n<\/div><\/div><\/div><\/div><\/div>\n<\/div>","protected":false},"excerpt":{"rendered":"Baptisms at Saint Julia Catholic Church are scheduled on a regular basis throughout the Liturgical year. All parents seeking baptism for their child must be registered members of the parish A copy...","protected":false},"author":6,"featured_media":0,"parent":4241,"menu_order":0,"comment_status":"closed","ping_status":"closed","template":"","meta":{"advanced_seo_description":"","jetpack_seo_html_title":"","jetpack_seo_noindex":false,"footnotes":""},"class_list":["post-4246","page","type-page","status-publish","hentry"],"jetpack_sharing_enabled":true,"_links":{"self":[{"href":"https:\/\/stjuliasilercity.org\/es\/wp-json\/wp\/v2\/pages\/4246","targetHints":{"allow":["GET"]}}],"collection":[{"href":"https:\/\/stjuliasilercity.org\/es\/wp-json\/wp\/v2\/pages"}],"about":[{"href":"https:\/\/stjuliasilercity.org\/es\/wp-json\/wp\/v2\/types\/page"}],"author":[{"embeddable":true,"href":"https:\/\/stjuliasilercity.org\/es\/wp-json\/wp\/v2\/users\/6"}],"replies":[{"embeddable":true,"href":"https:\/\/stjuliasilercity.org\/es\/wp-json\/wp\/v2\/comments?post=4246"}],"version-history":[{"count":20,"href":"https:\/\/stjuliasilercity.org\/es\/wp-json\/wp\/v2\/pages\/4246\/revisions"}],"predecessor-version":[{"id":12299,"href":"https:\/\/stjuliasilercity.org\/es\/wp-json\/wp\/v2\/pages\/4246\/revisions\/12299"}],"up":[{"embeddable":true,"href":"https:\/\/stjuliasilercity.org\/es\/wp-json\/wp\/v2\/pages\/4241"}],"wp:attachment":[{"href":"https:\/\/stjuliasilercity.org\/es\/wp-json\/wp\/v2\/media?parent=4246"}],"curies":[{"name":"wp","href":"https:\/\/api.w.org\/{rel}","templated":true}]}}