{"id":6798,"date":"2024-08-09T16:21:55","date_gmt":"2024-08-09T20:21:55","guid":{"rendered":"https:\/\/stjuliasilercity.org\/?page_id=6798"},"modified":"2025-07-23T10:57:41","modified_gmt":"2025-07-23T14:57:41","slug":"spanish-music-ministry-1","status":"publish","type":"page","link":"https:\/\/stjuliasilercity.org\/en\/ministries\/music-ministries\/spanish-music-ministry-1\/","title":{"rendered":"Spanish Music Ministry 1"},"content":{"rendered":"<div class=\"wpb-content-wrapper\"><div class=\"vc_row wpb_row vc_row-fluid mkdf-section mkdf-content-aligment-left\" style=\"\"><div class=\"clearfix mkdf-full-section-inner\"><div class=\"wpb_column vc_column_container vc_col-sm-6\"><div class=\"vc_column-inner\"><div class=\"wpb_wrapper\"><div class=\"mkdf-animations-holder \" >\n\t<div style=\"animation-duration: 700ms;-webkit-animation-duration: 700ms;-moz-animation-duration: 700ms\">\n\t\t\n\t<div class=\"wpb_text_column wpb_content_element\" >\n\t\t<div class=\"wpb_wrapper\">\n\t\t\t<p><img data-recalc-dims=\"1\" loading=\"lazy\" decoding=\"async\" class=\"size-medium wp-image-6728 aligncenter\" src=\"https:\/\/i0.wp.com\/stjuliasilercity.org\/wp-content\/uploads\/2024\/08\/guitar.png?resize=300%2C300&#038;ssl=1\" alt=\"\" width=\"300\" height=\"300\" \/><\/p>\n<p>Information for the Spanish 8:00AM Adult Choir<\/p>\n<p>Rehearsals: Wednesdays 7:00PM<br \/>\n-Sings every Sunday at the 8:00AM Spanish Mass.<br \/>\n-Sings at special Sacramental Masses, the Parish Festival and other events upon request.<\/p>\n<p>For information on the Spanish 8:00AM Choir, Contact Kevin Perez<\/p>\n\n\t\t<\/div>\n\t<\/div>\n\t<\/div>\n\n<\/div><\/div><\/div><\/div><div class=\"wpb_column vc_column_container vc_col-sm-6\"><div class=\"vc_column-inner\"><div class=\"wpb_wrapper\"><div class=\"mkdf-animations-holder \" >\n\t<div style=\"animation-duration: 700ms;-webkit-animation-duration: 700ms;-moz-animation-duration: 700ms\">\n\t\t\n\t<div class=\"wpb_text_column wpb_content_element\" >\n\t\t<div class=\"wpb_wrapper\">\n\t\t\t<p><img data-recalc-dims=\"1\" loading=\"lazy\" decoding=\"async\" class=\"size-medium wp-image-6728 aligncenter\" src=\"https:\/\/i0.wp.com\/stjuliasilercity.org\/wp-content\/uploads\/2024\/08\/guitar.png?resize=300%2C300&#038;ssl=1\" alt=\"\" width=\"300\" height=\"300\" \/><\/p>\n<p>Information for the Spanish 12:00PM Adult Choir<\/p>\n<p>Rehearsals: Fridays 7:00PM<br \/>\n-Sings every Sunday at the 12:00PM Spanish Mass.<br \/>\n-Sings at special Sacramental Masses, the Parish Festival and other events upon request.<\/p>\n<p>For information on the Spanish 12:00PM Choir, Contact Joaquin Gonzalez<\/p>\n\n\t\t<\/div>\n\t<\/div>\n\t<\/div>\n\n<\/div><\/div><\/div><\/div><\/div><\/div><div class=\"vc_row wpb_row vc_row-fluid mkdf-section mkdf-content-aligment-left\" style=\"\"><div class=\"clearfix mkdf-full-section-inner\"><div class=\"wpb_column vc_column_container vc_col-sm-12\"><div class=\"vc_column-inner\"><div class=\"wpb_wrapper\"><div data-original-height=\"32\" class=\"vc_empty_space\" style=\" style=&quot;height: 32px&quot;\" >\n\t<span class=\"vc_empty_space_inner\"><\/span>\n<\/div>\n\n\t<div class=\"wpb_text_column wpb_content_element\" >\n\t\t<div class=\"wpb_wrapper\">\n\t\t\t<h4 style=\"text-align: center;\"><strong><a href=\"https:\/\/stjuliasilercity.org\/en\/ministries\/music-ministries\/#music-interest-form\">\n<h4 class=\"mkdf-custom-font-holder\" style=\"font-style: normal;text-decoration: none;text-align: center;color: Blue\">\n\tInterested in learning more? Contact us! Click here to go back to our main music page, to fill out the interest form.<\/h4><\/a><\/strong><\/h4>\n<h4 style=\"text-align: center;\"><strong><a href=\"https:\/\/stjuliasilercity.org\/en\/ministries\/music-ministries\/#music-interest-form\">\n<h4 class=\"mkdf-custom-font-holder\" style=\"font-style: normal;text-decoration: none;text-align: center;color: Blue\">\n\t\u00bfTe interesa saber m\u00e1s? \u00a1Cont\u00e1ctanos! Haz clic aqu\u00ed para volver a nuestra p\u00e1gina principal de m\u00fasica y completar el formulario de inter\u00e9s.<\/h4><\/a><\/strong><\/h4>\n\n\t\t<\/div>\n\t<\/div>\n<div data-original-height=\"32\" class=\"vc_empty_space\" style=\" style=&quot;height: 32px&quot;\" >\n\t<span class=\"vc_empty_space_inner\"><\/span>\n<\/div>\n<div data-original-height=\"32\" class=\"vc_empty_space\" style=\" style=&quot;height: 32px&quot;\" >\n\t<span class=\"vc_empty_space_inner\"><\/span>\n<\/div>\n<\/div><\/div><\/div><\/div><\/div>\n<\/div>","protected":false},"excerpt":{"rendered":"Information for the Spanish 8:00AM Adult Choir Rehearsals: Wednesdays 7:00PM -Sings every Sunday at the 8:00AM Spanish Mass. -Sings at special Sacramental Masses, the Parish Festival and other events upon request. For...","protected":false},"author":6,"featured_media":0,"parent":4908,"menu_order":0,"comment_status":"closed","ping_status":"closed","template":"","meta":{"advanced_seo_description":"","jetpack_seo_html_title":"","jetpack_seo_noindex":false,"footnotes":""},"class_list":["post-6798","page","type-page","status-publish","hentry"],"jetpack_sharing_enabled":true,"_links":{"self":[{"href":"https:\/\/stjuliasilercity.org\/en\/wp-json\/wp\/v2\/pages\/6798","targetHints":{"allow":["GET"]}}],"collection":[{"href":"https:\/\/stjuliasilercity.org\/en\/wp-json\/wp\/v2\/pages"}],"about":[{"href":"https:\/\/stjuliasilercity.org\/en\/wp-json\/wp\/v2\/types\/page"}],"author":[{"embeddable":true,"href":"https:\/\/stjuliasilercity.org\/en\/wp-json\/wp\/v2\/users\/6"}],"replies":[{"embeddable":true,"href":"https:\/\/stjuliasilercity.org\/en\/wp-json\/wp\/v2\/comments?post=6798"}],"version-history":[{"count":7,"href":"https:\/\/stjuliasilercity.org\/en\/wp-json\/wp\/v2\/pages\/6798\/revisions"}],"predecessor-version":[{"id":10341,"href":"https:\/\/stjuliasilercity.org\/en\/wp-json\/wp\/v2\/pages\/6798\/revisions\/10341"}],"up":[{"embeddable":true,"href":"https:\/\/stjuliasilercity.org\/en\/wp-json\/wp\/v2\/pages\/4908"}],"wp:attachment":[{"href":"https:\/\/stjuliasilercity.org\/en\/wp-json\/wp\/v2\/media?parent=6798"}],"curies":[{"name":"wp","href":"https:\/\/api.w.org\/{rel}","templated":true}]}}