{"id":6791,"date":"2024-08-09T16:09:54","date_gmt":"2024-08-09T20:09:54","guid":{"rendered":"https:\/\/stjuliasilercity.org\/?page_id=6791"},"modified":"2026-03-05T12:57:37","modified_gmt":"2026-03-05T17:57:37","slug":"childrens-choir-2","status":"publish","type":"page","link":"https:\/\/stjuliasilercity.org\/en\/ministries\/music-ministries\/childrens-choir-2\/","title":{"rendered":"Children&#8217;s Choir"},"content":{"rendered":"<div class=\"wpb-content-wrapper\"><div class=\"vc_row wpb_row vc_row-fluid mkdf-section mkdf-content-aligment-left\" style=\"\"><div class=\"clearfix mkdf-full-section-inner\"><div class=\"wpb_column vc_column_container vc_col-sm-12\"><div class=\"vc_column-inner\"><div class=\"wpb_wrapper\"><div class=\"mkdf-animations-holder \" >\n\t<div style=\"animation-duration: 700ms;-webkit-animation-duration: 700ms;-moz-animation-duration: 700ms\">\n\t\t<div class=\"mkdf-section-title-holder\">\n\t<h2 class=\"mkdf-section-title\" >\n\tSt Julia&#039;s Children&#039;s Choir \/ Coro de Ni\u00f1os<\/h2>\n<\/div>\n\t<div class=\"wpb_text_column wpb_content_element\" >\n\t\t<div class=\"wpb_wrapper\">\n\t\t\t<p><img data-recalc-dims=\"1\" loading=\"lazy\" decoding=\"async\" class=\"alignnone size-medium wp-image-9816\" src=\"https:\/\/i0.wp.com\/stjuliasilercity.org\/wp-content\/uploads\/2025\/05\/IMG_20250217_190139446.jpg?resize=300%2C218&#038;ssl=1\" alt=\"\" width=\"300\" height=\"218\" \/> \u00a0<img data-recalc-dims=\"1\" loading=\"lazy\" decoding=\"async\" class=\"alignnone size-medium wp-image-9817\" src=\"https:\/\/i0.wp.com\/stjuliasilercity.org\/wp-content\/uploads\/2025\/05\/IMG_20250217_184917916.jpg?resize=300%2C217&#038;ssl=1\" alt=\"\" width=\"300\" height=\"217\" \/>\u00a0\u00a0<img data-recalc-dims=\"1\" loading=\"lazy\" decoding=\"async\" class=\"alignnone size-medium wp-image-9818\" src=\"https:\/\/i0.wp.com\/stjuliasilercity.org\/wp-content\/uploads\/2025\/05\/IMG_2097.png?resize=225%2C300&#038;ssl=1\" alt=\"\" width=\"225\" height=\"300\" \/>\u00a0 <img data-recalc-dims=\"1\" loading=\"lazy\" decoding=\"async\" class=\"alignnone size-medium wp-image-9819\" src=\"https:\/\/i0.wp.com\/stjuliasilercity.org\/wp-content\/uploads\/2025\/05\/IMG_2108.png?resize=225%2C300&#038;ssl=1\" alt=\"\" width=\"225\" height=\"300\" \/><\/p>\n<p style=\"text-align: center;\"><span style=\"font-size: 16px;\">The St Julia&#8217;s Children&#8217;s Choir began in the Fall of 2022, with children of different cultural backgrounds coming together to sing praise. The children regularly sing in both English and Spanish, and are learning to sing in many other languages. The ages range from about 5 years to 12 years old. In addition to basic musical elements, we incorporate teaching prayers and liturgical practices of the Mass and as well as different musical styles.<\/span><\/p>\n<p style=\"text-align: center;\"><strong>Rehearsals: Mondays 6:30PM August-May<\/strong><br \/>\n<strong>-Serve on the last Sunday of each month (August-May), alternating between 10:00AM English Mass and 12:00PM Spanish Mass.<\/strong><br \/>\n<strong>-Sings at special Sacramental Masses, the parish festival, community events and other events upon request.<\/strong><\/p>\n<p style=\"text-align: center;\">For information on the Children&#8217;s Choir, Contact <a href=\"music.web.coordinator@stjsc.org\">Tamara Hill<\/a>.<\/p>\n<h4 style=\"text-align: center;\"><strong><a href=\"https:\/\/stjuliasilercity.org\/en\/ministries\/music-ministries\/#music-interest-form\">\n<h4 class=\"mkdf-custom-font-holder\" style=\"font-style: normal;text-decoration: none;text-align: center;color: Blue\">\n\tInterested in learning more? Contact us! Click here to go back to our main music page, to fill out the interest form.<\/h4><\/a><\/strong><\/h4>\n<h4 style=\"text-align: center;\"><strong><a href=\"https:\/\/stjuliasilercity.org\/en\/ministries\/music-ministries\/#music-interest-form\">\n<h4 class=\"mkdf-custom-font-holder\" style=\"font-style: normal;text-decoration: none;text-align: center;color: Blue\">\n\t\u00bfTe interesa saber m\u00e1s? \u00a1Cont\u00e1ctanos! Haz clic aqu\u00ed para volver a nuestra p\u00e1gina principal de m\u00fasica y completar el formulario de inter\u00e9s.<\/h4><\/a><\/strong><\/h4>\n<p style=\"text-align: center;\">El Coro Infantil de Santa Julia comenz\u00f3 en oto\u00f1o de 2022, con ni\u00f1os de diferentes culturas reunidos para cantar alabanzas. Los ni\u00f1os cantan regularmente tanto en ingl\u00e9s como en espa\u00f1ol, y est\u00e1n aprendiendo a cantar en muchos otros idiomas. Las edades oscilan entre los 5 y los 12 a\u00f1os. Adem\u00e1s de los elementos musicales b\u00e1sicos, incorporamos oraciones did\u00e1cticas y pr\u00e1cticas lit\u00fargicas de la misa, as\u00ed como diferentes estilos musicales.<\/p>\n<p style=\"text-align: center;\"><strong>Ensayos: Lunes a las 6:30pm (agosto-mayo)<\/strong><br \/>\n<strong>&#8211; Servimos el \u00faltimo domingo de cada mes (agosto-mayo), alternando entre la misa en ingl\u00e9s de las 10:00am y la misa en espa\u00f1ol de las 12:00pm.<\/strong><br \/>\n<strong>-Canta en misas sacramentales especiales, el festival parroquial, eventos comunitarios y otros eventos a pedido.<\/strong><\/p>\n<p style=\"text-align: center;\">Para obtener informaci\u00f3n sobre el Coro de Ni\u00f1os, comun\u00edquese con <a href=\"music.web.coordinator@stjsc.org\">Tamara Hill<\/a>.<\/p>\n<h4 style=\"text-align: center;\"><\/h4>\n\n\t\t<\/div>\n\t<\/div>\n\t<\/div>\n\n<\/div><\/div><\/div><\/div><\/div><\/div><div class=\"vc_row wpb_row vc_row-fluid mkdf-section mkdf-content-aligment-left\" style=\"\"><div class=\"clearfix mkdf-full-section-inner\"><div class=\"wpb_column vc_column_container vc_col-sm-2\"><div class=\"vc_column-inner\"><div class=\"wpb_wrapper\"><\/div><\/div><\/div><div class=\"wpb_column vc_column_container vc_col-sm-8\"><div class=\"vc_column-inner\"><div class=\"wpb_wrapper\"><div data-original-height=\"32\" class=\"vc_empty_space\" style=\" style=&quot;height: 32px&quot;\" >\n\t<span class=\"vc_empty_space_inner\"><\/span>\n<\/div>\n\n\t<div class=\"wpb_text_column wpb_content_element\" >\n\t\t<div class=\"wpb_wrapper\">\n\t\t\t<p style=\"text-align: center;\">\n<table id=\"tablepress-25\" class=\"tablepress tablepress-id-25\">\n<thead>\n<tr class=\"row-1\">\n\t<th class=\"column-1\"><b>March 29, 2026<\/b><\/th><th class=\"column-2\"><b>Palm Sunday<\/b><\/th><td class=\"column-3\"><\/td><th class=\"column-4\"><b>Children<\/b><\/th>\n<\/tr>\n<\/thead>\n<tbody class=\"row-striping row-hover\">\n<tr class=\"row-2\">\n\t<td class=\"column-1\">Entrance\/Gathering Song<\/td><td class=\"column-2\">Hosanna (Spanish)<\/td><td class=\"column-3\">fyc 327<\/td><td class=\"column-4\"><a href=\"https:\/\/www.youtube.com\/watch?v=svLpDSSgKV0\">https:\/\/www.youtube.com\/watch?v=svLpDSSgKV0<\/a><\/td>\n<\/tr>\n<tr class=\"row-3\">\n\t<td class=\"column-1\"><\/td><td class=\"column-2\">NO GLORIA<\/td><td class=\"column-3\"><\/td><td class=\"column-4\"><\/td>\n<\/tr>\n<tr class=\"row-4\">\n\t<td class=\"column-1\">Responsorial Psalm Setting<\/td><td class=\"column-2\">Dios M\u00edo, Dios M\u00edo\/My God, My God<br \/>\r\nBob Hurd<\/td><td class=\"column-3\">fyc 157<\/td><td class=\"column-4\"><a href=\"https:\/\/www.youtube.com\/watch?v=r-b63lBnzbo\">https:\/\/www.youtube.com\/watch?v=r-b63lBnzbo<\/a><\/td>\n<\/tr>\n<tr class=\"row-5\">\n\t<td class=\"column-1\">Gospel Acclamation<\/td><td class=\"column-2\">Alabanza a ti o cristo... Cristo, por Nosotros, Se Hizo Obediente hasta la Muerte...<\/td><td class=\"column-3\"><\/td><td class=\"column-4\"><a href=\"https:\/\/www.youtube.com\/watch?v=I4I9poCuDy8&amp;list=PL1_lMtcpfrcmCE8zfysdfQ8C091Ic84qb&amp;index=65\">https:\/\/www.youtube.com\/watch?v=I4I9poCuDy8&amp;list=PL1_lMtcpfrcmCE8zfysdfQ8C091Ic84qb&amp;index=65<\/a><\/td>\n<\/tr>\n<tr class=\"row-6\">\n\t<td class=\"column-1\">Presentation of the Gifts<\/td><td class=\"column-2\">Donde Hay Amor y Caridad\/Where Charity and Love Abound<\/td><td class=\"column-3\">fyc 330<\/td><td class=\"column-4\"><a href=\"https:\/\/www.youtube.com\/watch?v=-y9Py_OAjZM\">https:\/\/www.youtube.com\/watch?v=-y9Py_OAjZM<\/a><\/td>\n<\/tr>\n<tr class=\"row-7\">\n\t<td class=\"column-1\">Communion Processional<\/td><td class=\"column-2\">Pan de Vida  Bob Hurd<\/td><td class=\"column-3\">fyc 594<\/td><td class=\"column-4\"><a href=\"https:\/\/www.youtube.com\/watch?v=G5d895xEXPA\">https:\/\/www.youtube.com\/watch?v=G5d895xEXPA<\/a><\/td>\n<\/tr>\n<tr class=\"row-8\">\n\t<td class=\"column-1\">Meditation Hymn<\/td><td class=\"column-2\">Cerca de Ti, Se\u00f1or- Espinosa<\/td><td class=\"column-3\"><\/td><td class=\"column-4\"><a href=\"https:\/\/www.ocp.org\/en-us\/songs\/3259\">https:\/\/www.ocp.org\/en-us\/songs\/3259<\/a><\/td>\n<\/tr>\n<tr class=\"row-9\">\n\t<td class=\"column-1\">Closing Hymn<\/td><td class=\"column-2\">Somos el Cuerpo de Cristo<\/td><td class=\"column-3\">Fyc<\/td><td class=\"column-4\"><a href=\"https:\/\/www.youtube.com\/watch?v=RYZIR9UimAU&amp;list=RDRYZIR9UimAU&amp;start_radio=1\">https:\/\/www.youtube.com\/watch?v=RYZIR9UimAU&amp;list=RDRYZIR9UimAU&amp;start_radio=1<\/a><\/td>\n<\/tr>\n<\/tbody>\n<\/table>\n<!-- #tablepress-25 from cache --><\/p>\n\n\t\t<\/div>\n\t<\/div>\n\n\t<div class=\"wpb_text_column wpb_content_element\" >\n\t\t<div class=\"wpb_wrapper\">\n\t\t\t<p style=\"text-align: center;\">\n<table id=\"tablepress-23\" class=\"tablepress tablepress-id-23\">\n<thead>\n<tr class=\"row-1\">\n\t<th class=\"column-1\">April 26, 2026<\/th><th class=\"column-2\">Fourth Sunday of Easter<\/th><td class=\"column-3\"><\/td><th class=\"column-4\">Children<\/th>\n<\/tr>\n<\/thead>\n<tbody class=\"row-striping row-hover\">\n<tr class=\"row-2\">\n\t<td class=\"column-1\">Entrance\/Gathering Song<\/td><td class=\"column-2\">Alle Alle Alleluia<\/td><td class=\"column-3\">Not in books<\/td><td class=\"column-4\">https:\/\/www.youtube.com\/watch?v=l8C82kRyKQ8<\/td>\n<\/tr>\n<tr class=\"row-3\">\n\t<td class=\"column-1\">Responsorial Psalm Setting<\/td><td class=\"column-2\">The Lord Is My Shepherd; There Is Nothing I Shall Want- Hart<\/td><td class=\"column-3\">SP26-180<\/td><td class=\"column-4\">https:\/\/www.youtube.com\/watch?v=ZNBuF-PuttE<\/td>\n<\/tr>\n<tr class=\"row-4\">\n\t<td class=\"column-1\">Alleluia- Gospel Acclamation<\/td><td class=\"column-2\">I Am the Good Shepherd, Says the Lord; I Know My Sheep, and Mine Know Me<\/td><td class=\"column-3\"><\/td><td class=\"column-4\"><\/td>\n<\/tr>\n<tr class=\"row-5\">\n\t<td class=\"column-1\">Presentation of the Gifts<\/td><td class=\"column-2\">10,000 Reasons (Bless the Lord)- Redman<\/td><td class=\"column-3\">575<\/td><td class=\"column-4\">https:\/\/www.youtube.com\/watch?v=pYvrBs-iSOk<\/td>\n<\/tr>\n<tr class=\"row-6\">\n\t<td class=\"column-1\">Communion Processional<\/td><td class=\"column-2\">Table of Plenty- Schutte<\/td><td class=\"column-3\">312<\/td><td class=\"column-4\">https:\/\/www.youtube.com\/watch?v=WV7I8lRFpdM<\/td>\n<\/tr>\n<tr class=\"row-7\">\n\t<td class=\"column-1\">Meditation Hymn<\/td><td class=\"column-2\">God Is Here \/Dios Esta Aqui- Athenas<\/td><td class=\"column-3\">Sheet<\/td><td class=\"column-4\">https:\/\/www.youtube.com\/watch?v=kqQHlMXt8eQ&amp;t=299s<\/td>\n<\/tr>\n<tr class=\"row-8\">\n\t<td class=\"column-1\">Closing Hymn<\/td><td class=\"column-2\">Go Out, Go Out - Stephen<\/td><td class=\"column-3\">387<\/td><td class=\"column-4\">https:\/\/www.youtube.com\/watch?v=tswAaxGnXuw<\/td>\n<\/tr>\n<\/tbody>\n<\/table>\n<!-- #tablepress-23 from cache --><\/p>\n\n\t\t<\/div>\n\t<\/div>\n<div data-original-height=\"32\" class=\"vc_empty_space\" style=\" style=&quot;height: 32px&quot;\" >\n\t<span class=\"vc_empty_space_inner\"><\/span>\n<\/div>\n<\/div><\/div><\/div><div class=\"wpb_column vc_column_container vc_col-sm-2\"><div class=\"vc_column-inner\"><div class=\"wpb_wrapper\"><\/div><\/div><\/div><\/div><\/div><div class=\"vc_row wpb_row vc_row-fluid mkdf-section mkdf-content-aligment-left\" style=\"\"><div class=\"clearfix mkdf-full-section-inner\"><div class=\"wpb_column vc_column_container vc_col-sm-2\"><div class=\"vc_column-inner\"><div class=\"wpb_wrapper\"><\/div><\/div><\/div><div class=\"wpb_column vc_column_container vc_col-sm-8\"><div class=\"vc_column-inner\"><div class=\"wpb_wrapper\"><div data-original-height=\"32\" class=\"vc_empty_space\" style=\" style=&quot;height: 32px&quot;\" >\n\t<span class=\"vc_empty_space_inner\"><\/span>\n<\/div>\n<div data-original-height=\"32\" class=\"vc_empty_space\" style=\" style=&quot;height: 32px&quot;\" >\n\t<span class=\"vc_empty_space_inner\"><\/span>\n<\/div>\n<\/div><\/div><\/div><div class=\"wpb_column vc_column_container vc_col-sm-2\"><div class=\"vc_column-inner\"><div class=\"wpb_wrapper\"><\/div><\/div><\/div><\/div><\/div>\n<\/div>","protected":false},"excerpt":{"rendered":"St Julia&#039;s Children&#039;s Choir \/ Coro de Ni\u00f1os \u00a0\u00a0\u00a0\u00a0 The St Julia's Children's Choir began in the Fall of 2022, with children of different cultural backgrounds coming together to sing praise. The...","protected":false},"author":6,"featured_media":0,"parent":4908,"menu_order":0,"comment_status":"closed","ping_status":"closed","template":"","meta":{"advanced_seo_description":"","jetpack_seo_html_title":"","jetpack_seo_noindex":false,"footnotes":""},"class_list":["post-6791","page","type-page","status-publish","hentry"],"jetpack_sharing_enabled":true,"_links":{"self":[{"href":"https:\/\/stjuliasilercity.org\/en\/wp-json\/wp\/v2\/pages\/6791","targetHints":{"allow":["GET"]}}],"collection":[{"href":"https:\/\/stjuliasilercity.org\/en\/wp-json\/wp\/v2\/pages"}],"about":[{"href":"https:\/\/stjuliasilercity.org\/en\/wp-json\/wp\/v2\/types\/page"}],"author":[{"embeddable":true,"href":"https:\/\/stjuliasilercity.org\/en\/wp-json\/wp\/v2\/users\/6"}],"replies":[{"embeddable":true,"href":"https:\/\/stjuliasilercity.org\/en\/wp-json\/wp\/v2\/comments?post=6791"}],"version-history":[{"count":59,"href":"https:\/\/stjuliasilercity.org\/en\/wp-json\/wp\/v2\/pages\/6791\/revisions"}],"predecessor-version":[{"id":12204,"href":"https:\/\/stjuliasilercity.org\/en\/wp-json\/wp\/v2\/pages\/6791\/revisions\/12204"}],"up":[{"embeddable":true,"href":"https:\/\/stjuliasilercity.org\/en\/wp-json\/wp\/v2\/pages\/4908"}],"wp:attachment":[{"href":"https:\/\/stjuliasilercity.org\/en\/wp-json\/wp\/v2\/media?parent=6791"}],"curies":[{"name":"wp","href":"https:\/\/api.w.org\/{rel}","templated":true}]}}