{"id":5061,"date":"2021-06-25T16:35:05","date_gmt":"2021-06-25T16:35:05","guid":{"rendered":"https:\/\/stjuliasilercity.org\/?page_id=5061"},"modified":"2025-06-03T12:12:02","modified_gmt":"2025-06-03T16:12:02","slug":"purpose-confirmation","status":"publish","type":"page","link":"https:\/\/stjuliasilercity.org\/en\/purpose-confirmation\/","title":{"rendered":"PURPOSE (CONFIRMATION)"},"content":{"rendered":"<div class=\"wpb-content-wrapper\"><div class=\"vc_row wpb_row vc_row-fluid mkdf-section mkdf-content-aligment-left mkdf-grid-section\" style=\"\"><div class=\"clearfix mkdf-section-inner\"><div class=\"mkdf-section-inner-margin clearfix\"><div class=\"wpb_column vc_column_container vc_col-sm-12\"><div class=\"vc_column-inner vc_custom_1626099080076\"><div class=\"wpb_wrapper\">\n\t<div class=\"wpb_text_column wpb_content_element\" >\n\t\t<div class=\"wpb_wrapper\">\n\t\t\t<p><img data-recalc-dims=\"1\" loading=\"lazy\" decoding=\"async\" class=\"size-medium wp-image-6683\" src=\"https:\/\/i0.wp.com\/stjuliasilercity.org\/wp-content\/uploads\/2024\/08\/purpose.png?resize=300%2C300&#038;ssl=1\" alt=\"Logo for Lifeteen Purpose\" width=\"300\" height=\"300\" \/> \u00a0<img data-recalc-dims=\"1\" loading=\"lazy\" decoding=\"async\" class=\"size-medium wp-image-6670 alignleft\" src=\"https:\/\/i0.wp.com\/stjuliasilercity.org\/wp-content\/uploads\/2024\/08\/confirmation.png?resize=300%2C300&#038;ssl=1\" alt=\"photo of dove in flight blue sky and sunrays\" width=\"300\" height=\"300\" \/><\/p>\n<p><span style=\"font-size: 16px;\">Using LifeTeen&#8217;s <a href=\"https:\/\/purposeconfirmation.com\/\" target=\"_blank\" rel=\"noopener\">Purpose<\/a> Confirmation program, we find ways to <\/span><span style=\"font-size: 16px;\">deepen your baptismal life, which calls us all to be missionary witnesses of Jesus Christ in our families, neighborhoods, society and the world. <\/span><\/p>\n<p><span style=\"font-size: 16px;\">Per Bishop Luis Zarama of the Diocese of Raleigh students must be in the 10<\/span><sup>th<\/sup><span style=\"font-size: 16px;\"> grade to register.<\/span><\/p>\n<p><strong>PURPOSE<\/strong> (our Confirmation Program) will be held on Mondays, 6:00-7:30PM. To join this year&#8217;s Confirmation preparation program, please contact Maria Guadalupe Aguilar, Coordinator of PURPOSE by LifeTeen at <a href=\"mailto:Sotoaguilar.maria@gmail.com\">Sotoaguilar.maria@gmail.com,<\/a> or call the office at 919.742.5584.<\/p>\n<p>Please fill out the attached forms and return them to the office.<\/p>\n<h3>FORMS:<\/h3>\n<ul>\n<li><a href=\"https:\/\/stjuliasilercity.org\/wp-content\/uploads\/2025\/06\/Conformation-Purpose-Mondays-English-form.pdf\">Confirmation Program PURPOSE Registration Form<\/a><\/li>\n<li><a href=\"https:\/\/stjuliasilercity.org\/wp-content\/uploads\/2025\/06\/Saint-Name-Form.pdf\">Saint Form<\/a><\/li>\n<li><a href=\"https:\/\/stjuliasilercity.org\/wp-content\/uploads\/2025\/06\/Conformation-Sponsor-Form-English.pdf\">Sponsor Form<\/a><\/li>\n<\/ul>\n<p>&nbsp;<\/p>\n<p>A trav\u00e9s del programa de Confirmaci\u00f3n de <a href=\"https:\/\/purposeconfirmation.com\/\">Prop\u00f3sito<\/a> de LifeTeen, encontramos maneras de profundizar su vida bautismal, que nos llama a todos a ser testigos misioneros de Jesucristo en nuestras familias, vecindarios, sociedad y el mundo.<\/p>\n<p><strong>PROPURPOSE<\/strong> (nuestro Programa de Confirmaci\u00f3n) se llevar\u00e1 a cabo los lunes de 6:00 a 7:30 p.m. Para unirse al programa de preparaci\u00f3n para la Confirmaci\u00f3n de este a\u00f1o, comun\u00edquese con Mar\u00eda Guadalupe Aguilar, Coordinadora de PROPURPOSE de Life Teen en Sotoaguilar.maria@gmail.com, o llame a la oficina al 919.742.5584.<\/p>\n<p>Complete los formularios adjuntos y devu\u00e9lvalos a la oficina.<\/p>\n<h3>FORMULARIOS:<\/h3>\n<ul>\n<li><a href=\"https:\/\/stjuliasilercity.org\/wp-content\/uploads\/2025\/06\/Conformation-Purpose-Mondays-Spanish-form.pdf\">Formulario de inscripci\u00f3n de PROPURPOSE para el Programa de Confirmaci\u00f3n\u00a0<\/a><\/li>\n<li><a href=\"https:\/\/stjuliasilercity.org\/wp-content\/uploads\/2025\/06\/Saint-Name-Form.pdf\">Formulario de santo\u00a0\u00a0 <\/a><\/li>\n<li><a href=\"https:\/\/stjuliasilercity.org\/wp-content\/uploads\/2021\/08\/Confirmation-Sponsor-Eligibility-Form.pdf\">Formulario de padrino<\/a><\/li>\n<\/ul>\n\n\t\t<\/div>\n\t<\/div>\n<\/div><\/div><\/div><\/div><\/div><\/div><div class=\"vc_row wpb_row vc_row-fluid mkdf-section mkdf-content-aligment-left\" style=\"\"><div class=\"clearfix mkdf-full-section-inner\"><div class=\"wpb_column vc_column_container vc_col-sm-12\"><div class=\"vc_column-inner\"><div class=\"wpb_wrapper\">\n\t<div class=\"wpb_text_column wpb_content_element\" >\n\t\t<div class=\"wpb_wrapper\">\n\t\t\t<h4 style=\"text-align: center;\">For Important Dates, contact <a href=\"http:\/\/Victoria Palacios &lt;Faith.Formation@stjsc.org&gt;\">Victoria Palacios<\/a> or <a href=\"https:\/\/stjuliasilercity.org\/youth-ministry-events\/\">Click HERE<\/a><\/h4>\n\n\t\t<\/div>\n\t<\/div>\n<div data-original-height=\"200\" class=\"vc_empty_space\" style=\" style=&quot;height: 200px&quot;\" >\n\t<span class=\"vc_empty_space_inner\"><\/span>\n<\/div>\n<\/div><\/div><\/div><\/div><\/div>\n<\/div>","protected":false},"excerpt":{"rendered":"\u00a0 Using LifeTeen's Purpose Confirmation program, we find ways to deepen your baptismal life, which calls us all to be missionary witnesses of Jesus Christ in our families, neighborhoods, society and the...","protected":false},"author":6,"featured_media":0,"parent":0,"menu_order":0,"comment_status":"closed","ping_status":"closed","template":"full-width.php","meta":{"advanced_seo_description":"","jetpack_seo_html_title":"","jetpack_seo_noindex":false,"footnotes":""},"class_list":["post-5061","page","type-page","status-publish","hentry"],"jetpack_sharing_enabled":true,"_links":{"self":[{"href":"https:\/\/stjuliasilercity.org\/en\/wp-json\/wp\/v2\/pages\/5061","targetHints":{"allow":["GET"]}}],"collection":[{"href":"https:\/\/stjuliasilercity.org\/en\/wp-json\/wp\/v2\/pages"}],"about":[{"href":"https:\/\/stjuliasilercity.org\/en\/wp-json\/wp\/v2\/types\/page"}],"author":[{"embeddable":true,"href":"https:\/\/stjuliasilercity.org\/en\/wp-json\/wp\/v2\/users\/6"}],"replies":[{"embeddable":true,"href":"https:\/\/stjuliasilercity.org\/en\/wp-json\/wp\/v2\/comments?post=5061"}],"version-history":[{"count":20,"href":"https:\/\/stjuliasilercity.org\/en\/wp-json\/wp\/v2\/pages\/5061\/revisions"}],"predecessor-version":[{"id":9881,"href":"https:\/\/stjuliasilercity.org\/en\/wp-json\/wp\/v2\/pages\/5061\/revisions\/9881"}],"wp:attachment":[{"href":"https:\/\/stjuliasilercity.org\/en\/wp-json\/wp\/v2\/media?parent=5061"}],"curies":[{"name":"wp","href":"https:\/\/api.w.org\/{rel}","templated":true}]}}