{"id":8945,"date":"2025-04-01T12:35:22","date_gmt":"2025-04-01T16:35:22","guid":{"rendered":"https:\/\/stjuliasilercity.org\/?page_id=8945"},"modified":"2025-07-25T16:28:46","modified_gmt":"2025-07-25T20:28:46","slug":"construction","status":"publish","type":"page","link":"http:\/\/stjuliasilercity.org\/es\/construction\/","title":{"rendered":"Construction"},"content":{"rendered":"<div class=\"wpb-content-wrapper\"><div class=\"vc_row wpb_row vc_row-fluid mkdf-section mkdf-content-aligment-left\" style=\"\"><div class=\"clearfix mkdf-full-section-inner\"><div class=\"wpb_column vc_column_container vc_col-sm-12\"><div class=\"vc_column-inner\"><div class=\"wpb_wrapper\"><div data-original-height=\"32\" class=\"vc_empty_space\" style=\" style=&quot;height: 32px&quot;\" >\n\t<span class=\"vc_empty_space_inner\"><\/span>\n<\/div>\n\n\t<div class=\"wpb_text_column wpb_content_element\" >\n\t\t<div class=\"wpb_wrapper\">\n\t\t\t<h1 style=\"text-align: center;\">Construction Updates \/ Actualizaciones de construcci\u00f3n<\/h1>\n<p class=\"text-align-left m-text-align-center size-16\" style=\"text-align: center;\"><strong>Quarterly updates on the progress of our growth \/\u00a0<\/strong><strong>Actualizaciones trimestrales sobre el progreso de nuestro crecimiento<\/strong><\/p>\n\n\t\t<\/div>\n\t<\/div>\n<div data-original-height=\"32\" class=\"vc_empty_space\" style=\" style=&quot;height: 32px&quot;\" >\n\t<span class=\"vc_empty_space_inner\"><\/span>\n<\/div>\n<\/div><\/div><\/div><\/div><\/div><div class=\"vc_row wpb_row vc_row-fluid mkdf-section mkdf-content-aligment-left\" style=\"\"><div class=\"clearfix mkdf-full-section-inner\"><div class=\"wpb_column vc_column_container vc_col-sm-6\"><div class=\"vc_column-inner\"><div class=\"wpb_wrapper\"><div data-original-height=\"1\" class=\"vc_empty_space\" style=\" style=&quot;height: 1px&quot;\" >\n\t<span class=\"vc_empty_space_inner\"><\/span>\n<\/div>\n\n\t<div class=\"wpb_text_column wpb_content_element\" >\n\t\t<div class=\"wpb_wrapper\">\n\t\t\t<p><a href=\"https:\/\/i0.wp.com\/stjuliasilercity.org\/wp-content\/uploads\/2025\/06\/Fase-1-Eng.png?ssl=1\"><img data-recalc-dims=\"1\" loading=\"lazy\" decoding=\"async\" class=\"wp-image-10017 aligncenter\" src=\"https:\/\/i0.wp.com\/stjuliasilercity.org\/wp-content\/uploads\/2025\/06\/Fase-1-Eng-300x197.png?resize=1005%2C660&#038;ssl=1\" alt=\"\" width=\"1005\" height=\"660\" srcset=\"https:\/\/i0.wp.com\/stjuliasilercity.org\/wp-content\/uploads\/2025\/06\/Fase-1-Eng.png?resize=300%2C197&amp;ssl=1 300w, https:\/\/i0.wp.com\/stjuliasilercity.org\/wp-content\/uploads\/2025\/06\/Fase-1-Eng.png?resize=600%2C394&amp;ssl=1 600w, https:\/\/i0.wp.com\/stjuliasilercity.org\/wp-content\/uploads\/2025\/06\/Fase-1-Eng.png?resize=768%2C505&amp;ssl=1 768w, https:\/\/i0.wp.com\/stjuliasilercity.org\/wp-content\/uploads\/2025\/06\/Fase-1-Eng.png?resize=18%2C12&amp;ssl=1 18w, https:\/\/i0.wp.com\/stjuliasilercity.org\/wp-content\/uploads\/2025\/06\/Fase-1-Eng.png?w=1117&amp;ssl=1 1117w\" sizes=\"auto, (max-width: 1005px) 100vw, 1005px\" \/><br \/>\n<\/a><\/p>\n\n\t\t<\/div>\n\t<\/div>\n<div data-original-height=\"1\" class=\"vc_empty_space\" style=\" style=&quot;height: 1px&quot;\" >\n\t<span class=\"vc_empty_space_inner\"><\/span>\n<\/div>\n<\/div><\/div><\/div><div class=\"wpb_column vc_column_container vc_col-sm-6\"><div class=\"vc_column-inner\"><div class=\"wpb_wrapper\"><div data-original-height=\"1\" class=\"vc_empty_space\" style=\" style=&quot;height: 1px&quot;\" >\n\t<span class=\"vc_empty_space_inner\"><\/span>\n<\/div>\n\n\t<div class=\"wpb_text_column wpb_content_element\" >\n\t\t<div class=\"wpb_wrapper\">\n\t\t\t<p><a href=\"https:\/\/i0.wp.com\/stjuliasilercity.org\/wp-content\/uploads\/2025\/06\/Fase-1-spanish.png?ssl=1\"><img data-recalc-dims=\"1\" loading=\"lazy\" decoding=\"async\" class=\"wp-image-10018 aligncenter\" src=\"https:\/\/i0.wp.com\/stjuliasilercity.org\/wp-content\/uploads\/2025\/06\/Fase-1-spanish.png?resize=1017%2C668&#038;ssl=1\" alt=\"\" width=\"1017\" height=\"668\" srcset=\"https:\/\/i0.wp.com\/stjuliasilercity.org\/wp-content\/uploads\/2025\/06\/Fase-1-spanish.png?resize=300%2C197&amp;ssl=1 300w, https:\/\/i0.wp.com\/stjuliasilercity.org\/wp-content\/uploads\/2025\/06\/Fase-1-spanish.png?resize=600%2C394&amp;ssl=1 600w, https:\/\/i0.wp.com\/stjuliasilercity.org\/wp-content\/uploads\/2025\/06\/Fase-1-spanish.png?resize=768%2C504&amp;ssl=1 768w, https:\/\/i0.wp.com\/stjuliasilercity.org\/wp-content\/uploads\/2025\/06\/Fase-1-spanish.png?resize=18%2C12&amp;ssl=1 18w, https:\/\/i0.wp.com\/stjuliasilercity.org\/wp-content\/uploads\/2025\/06\/Fase-1-spanish.png?w=1049&amp;ssl=1 1049w\" sizes=\"auto, (max-width: 1017px) 100vw, 1017px\" \/><\/a><\/p>\n<h2 style=\"text-align: center;\"><\/h2>\n\n\t\t<\/div>\n\t<\/div>\n<\/div><\/div><\/div><\/div><\/div><div class=\"vc_row wpb_row vc_row-fluid mkdf-section mkdf-content-aligment-left\" style=\"\"><div class=\"clearfix mkdf-full-section-inner\"><div class=\"wpb_column vc_column_container vc_col-sm-6\"><div class=\"vc_column-inner\"><div class=\"wpb_wrapper\"><div data-original-height=\"1\" class=\"vc_empty_space\" style=\" style=&quot;height: 1px&quot;\" >\n\t<span class=\"vc_empty_space_inner\"><\/span>\n<\/div>\n\n\t<div class=\"wpb_text_column wpb_content_element\" >\n\t\t<div class=\"wpb_wrapper\">\n\t\t\t<h2 style=\"text-align: center;\"><b>Steps<\/b><\/h2>\n<table>\n<tbody>\n<tr>\n<td width=\"1453\">\n<p style=\"text-align: left;\">1.\u00a0<b>\u00a0 Complete a details survey of the St Julia property.-<\/b><strong>\n<p class=\"mkdf-custom-font-holder\" style=\"font-style: normal;text-decoration: none;text-align: left;color: Red\">\n\tCOMPLETED<\/p><\/strong><\/p>\n<p style=\"text-align: left;\">2.\u00a0<b>\u00a0 St Julia to development a finance plan for spending $300,000 to complete all of Phase 1.<\/b><\/p>\n<p style=\"text-align: left;\">3.\u00a0<b>\u00a0 Review and approval of St Julia finance plan by Diocese and Conventual Franciscan Friars.<\/b><\/p>\n<p style=\"text-align: left;\">4.\u00a0<b>\u00a0 Draft contract with Adams Group architects for review and approval by St Julia and\u00a0Diocese.<\/b><\/p>\n<p style=\"text-align: left;\">5.\u00a0<b>\u00a0 Adams Group develops design drawings for each element of Phase 1 and updates <\/b><\/p>\n<p style=\"text-align: left;\"><b>\u00a0\u00a0\u00a0\u00a0 the\u00a0Master\u00a0 Plan.<\/b><\/p>\n<p style=\"text-align: left;\">6.\u00a0<b>\u00a0 Review and approval of design drawings and updated Master Plan by St Julia and Diocese.<\/b><\/p>\n<p style=\"text-align: left;\">7.\u00a0<b>\u00a0 Adams Group develops construction drawings for each element of Phase 1.<\/b><\/p>\n<p style=\"text-align: left;\">8.\u00a0<b>\u00a0 Review and approval of construction drawings by St Julia and Diocese.<\/b><\/p>\n<p style=\"text-align: left;\">9.\u00a0<b>\u00a0 Review and approval of construction drawings by Siler City and Chatham Co.<\/b><\/p>\n<p style=\"text-align: left;\">10.\u00a0<b>\u00a0 St Julia to secure 3+ contractor bids for building each element of Phase 1.<\/b><\/p>\n<p style=\"text-align: left;\">11.\u00a0<b>\u00a0 St Julia executes contracts for building each element of Phase 1.<\/b><\/p>\n<p style=\"text-align: left;\">12.\u00a0<b>\u00a0 Construction begins!<\/b><\/p>\n<\/td>\n<\/tr>\n<\/tbody>\n<\/table>\n\n\t\t<\/div>\n\t<\/div>\n<div data-original-height=\"1\" class=\"vc_empty_space\" style=\" style=&quot;height: 1px&quot;\" >\n\t<span class=\"vc_empty_space_inner\"><\/span>\n<\/div>\n<\/div><\/div><\/div><div class=\"wpb_column vc_column_container vc_col-sm-6\"><div class=\"vc_column-inner\"><div class=\"wpb_wrapper\"><div data-original-height=\"1\" class=\"vc_empty_space\" style=\" style=&quot;height: 1px&quot;\" >\n\t<span class=\"vc_empty_space_inner\"><\/span>\n<\/div>\n\n\t<div class=\"wpb_text_column wpb_content_element\" >\n\t\t<div class=\"wpb_wrapper\">\n\t\t\t<h2 style=\"text-align: center;\"><b>Pasos<\/b><\/h2>\n<table>\n<tbody>\n<tr>\n<td width=\"1715\">\n<p style=\"text-align: left;\">1.\u00a0<b>\u00a0 Completar un estudio detallado de la propiedad de Santa Julia. &#8211;\n<p class=\"mkdf-custom-font-holder\" style=\"font-style: normal;text-decoration: none;text-align: left;color: Red\">\n\tCOMPLETADO<\/p><\/b><\/p>\n<p style=\"text-align: left;\">2.\u00a0<b>Santa Julia desarrollar\u00e1 un plan financiero para gastar $300,000 para completar toda la Fase 1.<\/b><\/p>\n<p style=\"text-align: left;\">3.\u00a0<b>Revisi\u00f3n y aprobaci\u00f3n del plan financiero de Santa Julia por la Di\u00f3cesis y los Frailes Franciscanos Conventuales.<\/b><\/p>\n<p style=\"text-align: left;\">4.\u00a0<b>Borrador del contrato con los arquitectos de Adams Group para revisi\u00f3n y aprobaci\u00f3n por Santa Julia y <\/b><\/p>\n<p style=\"text-align: left;\"><b>\u00a0\u00a0\u00a0 la Di\u00f3cesis.<\/b><\/p>\n<p style=\"text-align: left;\">5.\u00a0<b>Adams Group desarrolla planos de dise\u00f1o para cada elemento de la Fase 1 y actualiza el Plan Maestro.<\/b><\/p>\n<p style=\"text-align: left;\">6.\u00a0<b>Revisi\u00f3n y aprobaci\u00f3n de los planos de dise\u00f1o y del Plan Maestro actualizado por Santa Julia y la Di\u00f3cesis.<\/b><\/p>\n<p style=\"text-align: left;\">7.\u00a0<b>Adams Group desarrolla planos de construcci\u00f3n para cada elemento de la Fase 1.<\/b><\/p>\n<p style=\"text-align: left;\">8.\u00a0<b>Revisi\u00f3n y aprobaci\u00f3n de los planos de construcci\u00f3n por Santa Julia y la Di\u00f3cesis.<\/b><\/p>\n<p style=\"text-align: left;\">9.\u00a0<b>Revisi\u00f3n y aprobaci\u00f3n de los planos de construcci\u00f3n por Siler City y el Condado de Chatham.<\/b><\/p>\n<p style=\"text-align: left;\">10.\u00a0<b>Santa Julia asegurar\u00e1 m\u00e1s de 3 ofertas de contratistas para construir cada elemento de la Fase 1.<\/b><\/p>\n<p style=\"text-align: left;\">11.\u00a0<b>Santa Julia firma los contratos para la construcci\u00f3n de cada elemento de la Fase 1.<\/b><\/p>\n<p style=\"text-align: left;\">12.\u00a0<b>\u00a1Comienza la construcci\u00f3n!<\/b><\/p>\n<\/td>\n<\/tr>\n<\/tbody>\n<\/table>\n\n\t\t<\/div>\n\t<\/div>\n<\/div><\/div><\/div><\/div><\/div>\n<\/div>","protected":false},"excerpt":{"rendered":"Construction Updates \/ Actualizaciones de construcci\u00f3n Quarterly updates on the progress of our growth \/\u00a0Actualizaciones trimestrales sobre el progreso de nuestro crecimiento Steps 1.\u00a0\u00a0 Complete a details survey of the St Julia...","protected":false},"author":6,"featured_media":0,"parent":0,"menu_order":0,"comment_status":"closed","ping_status":"closed","template":"","meta":{"advanced_seo_description":"","jetpack_seo_html_title":"","jetpack_seo_noindex":false,"footnotes":""},"class_list":["post-8945","page","type-page","status-publish","hentry"],"jetpack_sharing_enabled":true,"_links":{"self":[{"href":"http:\/\/stjuliasilercity.org\/es\/wp-json\/wp\/v2\/pages\/8945","targetHints":{"allow":["GET"]}}],"collection":[{"href":"http:\/\/stjuliasilercity.org\/es\/wp-json\/wp\/v2\/pages"}],"about":[{"href":"http:\/\/stjuliasilercity.org\/es\/wp-json\/wp\/v2\/types\/page"}],"author":[{"embeddable":true,"href":"http:\/\/stjuliasilercity.org\/es\/wp-json\/wp\/v2\/users\/6"}],"replies":[{"embeddable":true,"href":"http:\/\/stjuliasilercity.org\/es\/wp-json\/wp\/v2\/comments?post=8945"}],"version-history":[{"count":6,"href":"http:\/\/stjuliasilercity.org\/es\/wp-json\/wp\/v2\/pages\/8945\/revisions"}],"predecessor-version":[{"id":10450,"href":"http:\/\/stjuliasilercity.org\/es\/wp-json\/wp\/v2\/pages\/8945\/revisions\/10450"}],"wp:attachment":[{"href":"http:\/\/stjuliasilercity.org\/es\/wp-json\/wp\/v2\/media?parent=8945"}],"curies":[{"name":"wp","href":"https:\/\/api.w.org\/{rel}","templated":true}]}}