{"id":5891,"date":"2021-12-10T12:42:37","date_gmt":"2021-12-10T17:42:37","guid":{"rendered":"https:\/\/stjuliasilercity.org\/?page_id=5891"},"modified":"2025-09-19T13:53:59","modified_gmt":"2025-09-19T17:53:59","slug":"youth-children-page","status":"publish","type":"page","link":"http:\/\/stjuliasilercity.org\/es\/youth-children-page\/","title":{"rendered":"Digital Cafe- Young Adults, Youth and Children"},"content":{"rendered":"<div class=\"wpb-content-wrapper\"><div class=\"vc_row wpb_row vc_row-fluid mkdf-section vc_custom_1626055016925 mkdf-content-aligment-left\" style=\"\"><div class=\"clearfix mkdf-full-section-inner\"><div class=\"wpb_column vc_column_container vc_col-sm-12\"><div class=\"vc_column-inner\"><div class=\"wpb_wrapper\">\n\t\t\t<!-- START Digital Caf\u00e9 REVOLUTION SLIDER 6.7.34 --><p class=\"rs-p-wp-fix\"><\/p>\n\t\t\t<rs-module-wrap id=\"rev_slider_23_1_wrapper\" data-source=\"gallery\" style=\"visibility:hidden;background:transparent;padding:0;margin:0px auto;margin-top:0;margin-bottom:0;\">\n\t\t\t\t<rs-module id=\"rev_slider_23_1\" style=\"\" data-version=\"6.7.34\">\n\t\t\t\t\t<rs-slides style=\"overflow: hidden; position: absolute;\">\n\t\t\t\t\t\t<rs-slide style=\"position: absolute;\" data-key=\"rs-77\" data-title=\"Slide\" data-anim=\"adpr:false;\" data-in=\"o:0;\" data-out=\"a:false;\">\n\t\t\t\t\t\t\t<img data-recalc-dims=\"1\" decoding=\"async\" src=\"https:\/\/i0.wp.com\/stjuliasilercity.org\/wp-content\/plugins\/revslider\/sr6\/assets\/assets\/dummy.png?resize=1060%2C408\" alt=\"\" title=\"youth pray\" width=\"1060\" height=\"408\" class=\"rev-slidebg tp-rs-img rs-lazyload\" data-lazyload=\"\/\/stjuliasilercity.org\/wp-content\/uploads\/2024\/10\/youth-pray.png\" data-bg=\"p:center top;f:contain;\" data-no-retina>\n<!--\n\t\t\t\t\t\t\t--><rs-layer\n\t\t\t\t\t\t\t\tid=\"slider-23-slide-77-layer-1\" \n\t\t\t\t\t\t\t\tdata-type=\"text\"\n\t\t\t\t\t\t\t\tdata-color=\"#fff\"\n\t\t\t\t\t\t\t\tdata-rsp_ch=\"on\"\n\t\t\t\t\t\t\t\tdata-xy=\"x:2px;y:341px;\"\n\t\t\t\t\t\t\t\tdata-text=\"w:normal;s:50;l:56;ls:2;\"\n\t\t\t\t\t\t\t\tdata-dim=\"w:1103.479px;minh:0;\"\n\t\t\t\t\t\t\t\tdata-frame_999=\"o:0;st:w;\"\n\t\t\t\t\t\t\t\tstyle=\"z-index:6;font-family:'Indie Flower';\"\n\t\t\t\t\t\t\t>A digital space for Youth and Children<br \/>\n \n\t\t\t\t\t\t\t<\/rs-layer><!--\n\n\t\t\t\t\t\t\t--><rs-layer\n\t\t\t\t\t\t\t\tid=\"slider-23-slide-77-layer-2\" \n\t\t\t\t\t\t\t\tdata-type=\"text\"\n\t\t\t\t\t\t\t\tdata-color=\"#fff\"\n\t\t\t\t\t\t\t\tdata-rsp_ch=\"on\"\n\t\t\t\t\t\t\t\tdata-xy=\"x:59px;y:153px;\"\n\t\t\t\t\t\t\t\tdata-text=\"w:normal;s:172;l:137;fw:700;\"\n\t\t\t\t\t\t\t\tdata-dim=\"w:1128;minh:0;\"\n\t\t\t\t\t\t\t\tdata-frame_999=\"o:0;st:w;\"\n\t\t\t\t\t\t\t\tstyle=\"z-index:7;font-family:'Roboto';text-transform:uppercase;\"\n\t\t\t\t\t\t\t>Digital Caf\u00e9 \n\t\t\t\t\t\t\t<\/rs-layer><!--\n\n\t\t\t\t\t\t\t--><rs-layer\n\t\t\t\t\t\t\t\tid=\"slider-23-slide-77-layer-3\" \n\t\t\t\t\t\t\t\tdata-type=\"text\"\n\t\t\t\t\t\t\t\tdata-color=\"#fff\"\n\t\t\t\t\t\t\t\tdata-rsp_ch=\"on\"\n\t\t\t\t\t\t\t\tdata-xy=\"x:133px;y:409px;\"\n\t\t\t\t\t\t\t\tdata-text=\"w:normal;s:50;l:56;ls:2;a:right;\"\n\t\t\t\t\t\t\t\tdata-dim=\"w:1103.479px;minh:0;\"\n\t\t\t\t\t\t\t\tdata-frame_999=\"o:0;st:w;\"\n\t\t\t\t\t\t\t\tstyle=\"z-index:6;font-family:'Indie Flower';\"\n\t\t\t\t\t\t\t>Un espacio digital para j\u00f3venes y ni\u00f1os \n\t\t\t\t\t\t\t<\/rs-layer><!--\n-->\t\t\t\t\t<\/rs-slide>\n\t\t\t\t\t<\/rs-slides>\n\t\t\t\t<\/rs-module>\n\t\t\t\t<script data-jetpack-boost=\"ignore\">\n\t\t\t\t\tsetREVStartSize({c: 'rev_slider_23_1',rl:[1920,1440,778,480],el:[700],gw:[1240],gh:[700],type:'standard',justify:'',layout:'fullwidth',mh:\"0\"});if (window.RS_MODULES!==undefined && window.RS_MODULES.modules!==undefined && window.RS_MODULES.modules[\"revslider231\"]!==undefined) {window.RS_MODULES.modules[\"revslider231\"].once = false;window.revapi23 = undefined;if (window.RS_MODULES.checkMinimal!==undefined) window.RS_MODULES.checkMinimal()}\n\t\t\t\t<\/script>\n\t\t\t<\/rs-module-wrap>\n\t\t\t<!-- END REVOLUTION SLIDER -->\n<\/div><\/div><\/div><\/div><\/div><div class=\"vc_row wpb_row vc_row-fluid mkdf-section mkdf-content-aligment-left\" style=\"\"><div class=\"clearfix mkdf-full-section-inner\"><div class=\"wpb_column vc_column_container vc_col-sm-6\"><div class=\"vc_column-inner\"><div class=\"wpb_wrapper\">\n\t<div class=\"wpb_text_column wpb_content_element\" >\n\t\t<div class=\"wpb_wrapper\">\n\t\t\t<h1 style=\"text-align: center;\">\n<h2 class=\"mkdf-custom-font-holder\" style=\"font-style: normal;text-decoration: none;text-align: center;color: White\">\n\tYouth and Young Adults<\/h2><\/h1>\n\n\t\t<\/div>\n\t<\/div>\n<div data-original-height=\"32\" class=\"vc_empty_space\" style=\" style=&quot;height: 32px&quot;\" >\n\t<span class=\"vc_empty_space_inner\"><\/span>\n<\/div>\n\n\t<div  class=\"wpb_single_image wpb_content_element vc_align_center wpb_content_element\">\n\t\t\n\t\t<figure class=\"wpb_wrapper vc_figure\">\n\t\t\t<a href=\"https:\/\/stjuliasilercity.org\/youth-page\/\" target=\"_self\" class=\"vc_single_image-wrapper   vc_box_border_grey\"><img loading=\"lazy\" decoding=\"async\" width=\"300\" height=\"300\" src=\"https:\/\/i0.wp.com\/stjuliasilercity.org\/wp-content\/uploads\/2024\/10\/teens-e1756848212453.png?fit=300%2C300&amp;ssl=1\" class=\"vc_single_image-img attachment-medium\" alt=\"Picture of three teen tourist with green shirts and hats on making peace sign\" title=\"teens\" \/><\/a>\n\t\t<\/figure>\n\t<\/div>\n\n\t<div class=\"wpb_text_column wpb_content_element\" >\n\t\t<div class=\"wpb_wrapper\">\n\t\t\t<p style=\"text-align: center;\">Fun Catholic &#8220;Stuff&#8221; every week for Youth and Young Adults<br \/>\nCosas cat\u00f3licas divertidas cada semana para j\u00f3venes y adultos j\u00f3venes<\/p>\n\n\t\t<\/div>\n\t<\/div>\n<\/div><\/div><\/div><div class=\"wpb_column vc_column_container vc_col-sm-6\"><div class=\"vc_column-inner\"><div class=\"wpb_wrapper\">\n\t<div class=\"wpb_text_column wpb_content_element\" >\n\t\t<div class=\"wpb_wrapper\">\n\t\t\t<h1 style=\"text-align: center;\">\n<h2 class=\"mkdf-custom-font-holder\" style=\"font-style: normal;text-decoration: none;text-align: center;color: White\">\n\tStories and Lessons<\/h2><\/h1>\n\n\t\t<\/div>\n\t<\/div>\n<div data-original-height=\"32\" class=\"vc_empty_space\" style=\" style=&quot;height: 32px&quot;\" >\n\t<span class=\"vc_empty_space_inner\"><\/span>\n<\/div>\n\n\t<div  class=\"wpb_single_image wpb_content_element vc_align_center wpb_content_element\">\n\t\t\n\t\t<figure class=\"wpb_wrapper vc_figure\">\n\t\t\t<a href=\"https:\/\/stjuliasilercity.org\/kids-page\/\" target=\"_self\" class=\"vc_single_image-wrapper   vc_box_border_grey\"><img loading=\"lazy\" decoding=\"async\" width=\"300\" height=\"300\" src=\"https:\/\/i0.wp.com\/stjuliasilercity.org\/wp-content\/uploads\/2024\/10\/kids-e1756848197949.png?fit=300%2C300&amp;ssl=1\" class=\"vc_single_image-img attachment-medium\" alt=\"photo of kids hands with decorated positive words\" title=\"kids\" \/><\/a>\n\t\t<\/figure>\n\t<\/div>\n\n\t<div class=\"wpb_text_column wpb_content_element\" >\n\t\t<div class=\"wpb_wrapper\">\n\t\t\t<p style=\"text-align: center;\">Weekly stories, lessons and prayers for Children<br \/>\nHistorias, lecciones y oraciones semanales para ni\u00f1os.<\/p>\n\n\t\t<\/div>\n\t<\/div>\n<\/div><\/div><\/div><\/div><\/div><div class=\"vc_row wpb_row vc_row-fluid mkdf-section mkdf-content-aligment-left\" style=\"\"><div class=\"clearfix mkdf-full-section-inner\"><div class=\"wpb_column vc_column_container vc_col-sm-12\"><div class=\"vc_column-inner\"><div class=\"wpb_wrapper\"><div data-original-height=\"32\" class=\"vc_empty_space\" style=\" style=&quot;height: 32px&quot;\" >\n\t<span class=\"vc_empty_space_inner\"><\/span>\n<\/div>\n<\/div><\/div><\/div><\/div><\/div><div class=\"vc_row wpb_row vc_row-fluid mkdf-section mkdf-content-aligment-left\" style=\"\"><div class=\"clearfix mkdf-full-section-inner\"><div class=\"wpb_column vc_column_container vc_col-sm-6\"><div class=\"vc_column-inner\"><div class=\"wpb_wrapper\">\n\t<div class=\"wpb_text_column wpb_content_element\" >\n\t\t<div class=\"wpb_wrapper\">\n\t\t\t<h1 style=\"text-align: center;\">\n<h2 class=\"mkdf-custom-font-holder\" style=\"font-style: normal;text-decoration: none;text-align: center;color: White\">\n\tFrom the Youth<\/h2><\/h1>\n\n\t\t<\/div>\n\t<\/div>\n<div data-original-height=\"32\" class=\"vc_empty_space\" style=\" style=&quot;height: 32px&quot;\" >\n\t<span class=\"vc_empty_space_inner\"><\/span>\n<\/div>\n\n\t<div  class=\"wpb_single_image wpb_content_element vc_align_center wpb_content_element\">\n\t\t\n\t\t<figure class=\"wpb_wrapper vc_figure\">\n\t\t\t<a href=\"https:\/\/stjuliasilercity.org\/en\/youth-blog-page\/\" target=\"_self\" class=\"vc_single_image-wrapper   vc_box_border_grey\"><img loading=\"lazy\" decoding=\"async\" width=\"300\" height=\"300\" src=\"https:\/\/i0.wp.com\/stjuliasilercity.org\/wp-content\/uploads\/2024\/09\/youth-blog-2-e1756908587929.png?fit=300%2C300&amp;ssl=1\" class=\"vc_single_image-img attachment-medium\" alt=\"\" title=\"youth blog 2\" \/><\/a>\n\t\t<\/figure>\n\t<\/div>\n\n\t<div class=\"wpb_text_column wpb_content_element\" >\n\t\t<div class=\"wpb_wrapper\">\n\t\t\t<p style=\"text-align: center;\">Blog stories and thoughts from the young people of St. Julia&#8217;s Church<br \/>\nHistorias y reflexiones del blog de los j\u00f3venes de la Iglesia de Santa Julia.<\/p>\n\n\t\t<\/div>\n\t<\/div>\n<\/div><\/div><\/div><div class=\"wpb_column vc_column_container vc_col-sm-6\"><div class=\"vc_column-inner\"><div class=\"wpb_wrapper\">\n\t<div class=\"wpb_text_column wpb_content_element\" >\n\t\t<div class=\"wpb_wrapper\">\n\t\t\t<h1 style=\"text-align: center;\">\n<h2 class=\"mkdf-custom-font-holder\" style=\"font-style: normal;text-decoration: none;text-align: center;color: White\">\n\tVox Ministries-Youth Led, Youth Driven<\/h2><\/h1>\n\n\t\t<\/div>\n\t<\/div>\n<div data-original-height=\"32\" class=\"vc_empty_space\" style=\" style=&quot;height: 32px&quot;\" >\n\t<span class=\"vc_empty_space_inner\"><\/span>\n<\/div>\n\n\t<div  class=\"wpb_single_image wpb_content_element vc_align_center wpb_content_element\">\n\t\t\n\t\t<figure class=\"wpb_wrapper vc_figure\">\n\t\t\t<a href=\"https:\/\/stjuliasilercity.org\/en\/vox-ministries\" target=\"_self\" class=\"vc_single_image-wrapper   vc_box_border_grey\"><img loading=\"lazy\" decoding=\"async\" width=\"300\" height=\"300\" src=\"https:\/\/i0.wp.com\/stjuliasilercity.org\/wp-content\/uploads\/2025\/08\/Vox-Ministries-e1756822949115.png?fit=300%2C300&amp;ssl=1\" class=\"vc_single_image-img attachment-medium\" alt=\"\" title=\"Vox Ministries\" \/><\/a>\n\t\t<\/figure>\n\t<\/div>\n\n\t<div class=\"wpb_text_column wpb_content_element\" >\n\t\t<div class=\"wpb_wrapper\">\n\t\t\t<p style=\"text-align: center;\"><span class=\"OYPEnA font-feature-liga-off font-feature-clig-off font-feature-calt-off text-decoration-none text-strikethrough-none\">Youth centered Ministries for Youth and Young Adults- To live and serve God and others through Faith and Action.<\/span><br \/>\nMinisterios centrados en la juventud para j\u00f3venes y adultos j\u00f3venes: Vivir y servir a Dios y a los dem\u00e1s a trav\u00e9s de la fe y la acci\u00f3n.<\/p>\n\n\t\t<\/div>\n\t<\/div>\n<\/div><\/div><\/div><\/div><\/div>\n<\/div>","protected":false},"excerpt":{"rendered":"A digital space for Youth and Children Digital Caf\u00e9 Un espacio digital para j\u00f3venes y ni\u00f1os Youth and Young Adults Fun Catholic \"Stuff\" every week for Youth and Young Adults Cosas cat\u00f3licas...","protected":false},"author":6,"featured_media":0,"parent":0,"menu_order":0,"comment_status":"closed","ping_status":"closed","template":"","meta":{"advanced_seo_description":"","jetpack_seo_html_title":"","jetpack_seo_noindex":false,"footnotes":""},"class_list":["post-5891","page","type-page","status-publish","hentry"],"jetpack_sharing_enabled":true,"_links":{"self":[{"href":"http:\/\/stjuliasilercity.org\/es\/wp-json\/wp\/v2\/pages\/5891","targetHints":{"allow":["GET"]}}],"collection":[{"href":"http:\/\/stjuliasilercity.org\/es\/wp-json\/wp\/v2\/pages"}],"about":[{"href":"http:\/\/stjuliasilercity.org\/es\/wp-json\/wp\/v2\/types\/page"}],"author":[{"embeddable":true,"href":"http:\/\/stjuliasilercity.org\/es\/wp-json\/wp\/v2\/users\/6"}],"replies":[{"embeddable":true,"href":"http:\/\/stjuliasilercity.org\/es\/wp-json\/wp\/v2\/comments?post=5891"}],"version-history":[{"count":17,"href":"http:\/\/stjuliasilercity.org\/es\/wp-json\/wp\/v2\/pages\/5891\/revisions"}],"predecessor-version":[{"id":11054,"href":"http:\/\/stjuliasilercity.org\/es\/wp-json\/wp\/v2\/pages\/5891\/revisions\/11054"}],"wp:attachment":[{"href":"http:\/\/stjuliasilercity.org\/es\/wp-json\/wp\/v2\/media?parent=5891"}],"curies":[{"name":"wp","href":"https:\/\/api.w.org\/{rel}","templated":true}]}}