{"id":4750,"date":"2021-05-18T00:45:06","date_gmt":"2021-05-18T00:45:06","guid":{"rendered":"https:\/\/stjuliasilercity.org\/?page_id=4750"},"modified":"2024-08-16T14:58:15","modified_gmt":"2024-08-16T18:58:15","slug":"welcome-from-the-pastor","status":"publish","type":"page","link":"http:\/\/stjuliasilercity.org\/es\/welcome-from-the-pastor\/","title":{"rendered":"A MESSAGE OF WELCOME FROM FR. JULIO"},"content":{"rendered":"<div class=\"wpb-content-wrapper\"><div class=\"vc_row wpb_row vc_row-fluid mkdf-section mkdf-content-aligment-left\" style=\"\"><div class=\"clearfix mkdf-full-section-inner\"><div class=\"wpb_column vc_column_container vc_col-sm-4\"><div class=\"vc_column-inner\"><div class=\"wpb_wrapper\"><\/div><\/div><\/div><div class=\"wpb_column vc_column_container vc_col-sm-4\"><div class=\"vc_column-inner\"><div class=\"wpb_wrapper\">\n\t<div class=\"wpb_text_column wpb_content_element\" >\n\t\t<div class=\"wpb_wrapper\">\n\t\t\t<h1><strong><img data-recalc-dims=\"1\" loading=\"lazy\" decoding=\"async\" class=\"size-medium wp-image-4594 aligncenter\" src=\"https:\/\/i0.wp.com\/stjuliasilercity.org\/wp-content\/uploads\/2020\/07\/Julio-square.jpg?resize=300%2C300&#038;ssl=1\" alt=\"\" width=\"300\" height=\"300\" \/><\/strong><\/h1>\n\n\t\t<\/div>\n\t<\/div>\n<\/div><\/div><\/div><div class=\"wpb_column vc_column_container vc_col-sm-4\"><div class=\"vc_column-inner\"><div class=\"wpb_wrapper\"><\/div><\/div><\/div><\/div><\/div><div class=\"vc_row wpb_row vc_row-fluid mkdf-section vc_custom_1625498291061 mkdf-content-aligment-left mkdf-grid-section\" style=\"\"><div class=\"clearfix mkdf-section-inner\"><div class=\"mkdf-section-inner-margin clearfix\"><div class=\"wpb_column vc_column_container vc_col-sm-6\"><div class=\"vc_column-inner\"><div class=\"wpb_wrapper\">\n\t<div class=\"wpb_text_column wpb_content_element\" >\n\t\t<div class=\"wpb_wrapper\">\n\t\t\t<h2>\u00a1Bienvenidos!<\/h2>\n<p>Life contains many blessings and the parish family of St. Julia is one of them. Welcome to the blessing that we enjoy. Here, we are at home. It is the home of our faith family where we find rest, joy and strength. You are welcome here and we welcome you just as you are so, that together, we may create a new \u201cus\u201d and deepen our commitment to God and to one another.<\/p>\n<p>It is our desire and hope that you may experience peace and a genuine sense of family here at St. Julia. We are a family of believers in the message of Jesus Christ and we strive to share with one another the compassion and the hope of Jesus\u2019 message for the world.<\/p>\n<p>We are rich in cultures,<br \/>\nRich in diversity,<br \/>\nRich in talents,<br \/>\nRich in our commitment to God,<br \/>\nRich in our joy and in the way we care for one another.<br \/>\nWe are rich in our generosity,<br \/>\nRich in our openness and appreciation of everyone.<br \/>\nWe are rich in our desire to mature in our faith.<br \/>\nWe are rich with children and youth,<br \/>\nRich in the collective wisdom of our adults<br \/>\nand the vitality of our young.<br \/>\nWe, together, dare to create dreams and see visions.<br \/>\nWe are who we are by the grace of God,<br \/>\nand for all our blessings, we are grateful.<\/p>\n<p>All the above riches are lived within our poverty, humility, and all our wonderful imperfections. Our desire to be more compassionate, more humane, and to be \u201cother Christs\u201d for our world is lived in deep gratitude. We honor our humanity and our Christian faith.<\/p>\n<p>Everyone is most welcome. Our doors and our hearts are open and we welcome everyone with deep love.<\/p>\n<p>Peace and All Good.<\/p>\n<p>\u00a1Bienvenidos!<\/p>\n<p>Friar Julio and the Family of St. Julia<\/p>\n\n\t\t<\/div>\n\t<\/div>\n<\/div><\/div><\/div><div class=\"wpb_column vc_column_container vc_col-sm-6\"><div class=\"vc_column-inner\"><div class=\"wpb_wrapper\">\n\t<div class=\"wpb_text_column wpb_content_element\" >\n\t\t<div class=\"wpb_wrapper\">\n\t\t\t<h2>\u00a1Bienvenidos!<\/h2>\n<p>La vida contiene muchas bendiciones y la familia parroquial de Santa Julia es una de ellas. Bienvenidos a la bendici\u00f3n que disfrutamos. Aqu\u00ed estamos en casa. Es el hogar de nuestra familia de fe donde encontramos descanso, alegr\u00eda y fortaleza. Ustedes son bienvenidos aqu\u00ed y los acogemos tal como son para que juntos podamos crear un nuevo \u201cnosotros\u201d y profundizar nuestro compromiso con Dios y con los dem\u00e1s.<\/p>\n<p>Es nuestro deseo y esperanza que puedan experimentar paz y un genuino sentido de familia aqu\u00ed en Santa Julia. Somos una familia de creyentes en el mensaje de Jesucristo y nos esforzamos por compartir unos con otros la compasi\u00f3n y la esperanza del mensaje de Jes\u00fas para el mundo.<\/p>\n<p>Somos ricos en culturas,<br \/>\nRicos en diversidad,<br \/>\nRicos en talentos,<br \/>\nRicos en nuestro compromiso con Dios,<br \/>\nRicos en nuestra alegr\u00eda y en la forma en que nos cuidamos unos a otros.<br \/>\nSomos ricos en nuestra generosidad,<br \/>\nRicos en nuestra apertura y aprecio por todos.<br \/>\nSomos ricos en nuestro deseo de madurar en nuestra fe.<br \/>\nSomos ricos en ni\u00f1os y j\u00f3venes,<br \/>\nricos en la sabidur\u00eda colectiva de nuestros adultos<br \/>\ny en la vitalidad de nuestros j\u00f3venes.<br \/>\nNosotros, juntos, nos atrevemos a crear sue\u00f1os y ver visiones.<br \/>\nSomos quienes somos por la gracia de Dios,<br \/>\ny por todas nuestras bendiciones, estamos agradecidos.<\/p>\n<p>Todas las riquezas mencionadas se viven dentro de nuestra pobreza, humildad y todas nuestras maravillosas imperfecciones. Nuestro deseo de ser m\u00e1s compasivos, m\u00e1s humanos y ser \u201cotros Cristos\u201d para nuestro mundo se vive con profunda gratitud. Honramos nuestra humanidad y nuestra fe cristiana.<\/p>\n<p>Todos son bienvenidos. Nuestras puertas y nuestros corazones est\u00e1n abiertos y les damos la bienvenida a todos con profundo amor.<\/p>\n<p>Paz y Bien.<\/p>\n<p>\u00a1Bienvenidos!<\/p>\n<p>Fray Julio y la Familia de Santa Julia<\/p>\n\n\t\t<\/div>\n\t<\/div>\n<\/div><\/div><\/div><\/div><\/div><\/div>\n<\/div>","protected":false},"excerpt":{"rendered":"Welcome! Life contains many blessings and the parish family of St. Julia is one of them. Welcome to the blessing that we enjoy. Here, we are at home. It is the home...","protected":false},"author":6,"featured_media":0,"parent":0,"menu_order":0,"comment_status":"closed","ping_status":"closed","template":"full-width.php","meta":{"advanced_seo_description":"","jetpack_seo_html_title":"","jetpack_seo_noindex":false,"footnotes":""},"class_list":["post-4750","page","type-page","status-publish","hentry"],"jetpack_sharing_enabled":true,"_links":{"self":[{"href":"http:\/\/stjuliasilercity.org\/es\/wp-json\/wp\/v2\/pages\/4750","targetHints":{"allow":["GET"]}}],"collection":[{"href":"http:\/\/stjuliasilercity.org\/es\/wp-json\/wp\/v2\/pages"}],"about":[{"href":"http:\/\/stjuliasilercity.org\/es\/wp-json\/wp\/v2\/types\/page"}],"author":[{"embeddable":true,"href":"http:\/\/stjuliasilercity.org\/es\/wp-json\/wp\/v2\/users\/6"}],"replies":[{"embeddable":true,"href":"http:\/\/stjuliasilercity.org\/es\/wp-json\/wp\/v2\/comments?post=4750"}],"version-history":[{"count":18,"href":"http:\/\/stjuliasilercity.org\/es\/wp-json\/wp\/v2\/pages\/4750\/revisions"}],"predecessor-version":[{"id":7001,"href":"http:\/\/stjuliasilercity.org\/es\/wp-json\/wp\/v2\/pages\/4750\/revisions\/7001"}],"wp:attachment":[{"href":"http:\/\/stjuliasilercity.org\/es\/wp-json\/wp\/v2\/media?parent=4750"}],"curies":[{"name":"wp","href":"https:\/\/api.w.org\/{rel}","templated":true}]}}