{"id":4574,"date":"2020-05-25T02:28:19","date_gmt":"2020-05-25T02:28:19","guid":{"rendered":"https:\/\/stjuliasilercity.org\/?page_id=4574"},"modified":"2026-03-28T19:21:48","modified_gmt":"2026-03-28T23:21:48","slug":"from-the-heart","status":"publish","type":"page","link":"http:\/\/stjuliasilercity.org\/es\/from-the-desk-of-fr-julio\/from-the-heart\/","title":{"rendered":"From the Heart \/ Desde el Coraz\u00f3n"},"content":{"rendered":"<div class=\"wpb-content-wrapper\"><div class=\"vc_row wpb_row vc_row-fluid mkdf-section vc_custom_1454333517380 mkdf-content-aligment-left\" style=\"\"><div class=\"clearfix mkdf-full-section-inner\"><div class=\"wpb_column vc_column_container vc_col-sm-12\"><div class=\"vc_column-inner\"><div class=\"wpb_wrapper\"><div data-mkdf-parallax-speed=\"1\" class=\"vc_row wpb_row vc_inner vc_row-fluid mkdf-section vc_custom_1729879856568 mkdf-content-aligment-left\" style=\"\"><div class=\"mkdf-full-section-inner\"><div class=\"wpb_column vc_column_container vc_col-sm-12\"><div class=\"vc_column-inner\"><div class=\"wpb_wrapper\"><div data-original-height=\"32\" class=\"vc_empty_space\" style=\" style=&quot;height: 32px&quot;\" >\n\t<span class=\"vc_empty_space_inner\"><\/span>\n<\/div>\n<div data-original-height=\"32\" class=\"vc_empty_space\" style=\" style=&quot;height: 32px&quot;\" >\n\t<span class=\"vc_empty_space_inner\"><\/span>\n<\/div>\n<div data-original-height=\"32\" class=\"vc_empty_space\" style=\" style=&quot;height: 32px&quot;\" >\n\t<span class=\"vc_empty_space_inner\"><\/span>\n<\/div>\n<div data-original-height=\"32\" class=\"vc_empty_space\" style=\" style=&quot;height: 32px&quot;\" >\n\t<span class=\"vc_empty_space_inner\"><\/span>\n<\/div>\n\n\t<div class=\"wpb_text_column wpb_content_element\" >\n\t\t<div class=\"wpb_wrapper\">\n\t\t\t<h1 style=\"text-align: center;\"><strong>FROM THE HEART ? DESDE EL CORAZ\u00d3N<\/strong><\/h1>\n\n\t\t<\/div>\n\t<\/div>\n\n\t<div class=\"wpb_text_column wpb_content_element\" >\n\t\t<div class=\"wpb_wrapper\">\n\t\t\t<h3 style=\"text-align: center;\"><strong>Bienvenido al P. Las cartas semanales de Julio para ti \"desde el coraz\u00f3n\".<\/strong><\/h3>\n<h5 style=\"text-align: center;\"><strong>Watch videos of &#8220;From the Heart&#8221; on our <span style=\"color: #0000ff;\"><a style=\"color: #0000ff;\" href=\"https:\/\/www.youtube.com\/@SaintJuliaCatholicChurch\">YouTube Channel\u00a0<\/a><br \/>\n<\/span><\/strong>Mira los videos de \u201cFrom the Heart\u201d en nuestro <span style=\"color: #0000ff;\"><a style=\"color: #0000ff;\" href=\"https:\/\/www.youtube.com\/@SaintJuliaCatholicChurch\">canal de YouTube.<\/a><\/span><\/h5>\n<p style=\"text-align: center;\">Tambi\u00e9n puede seguir al P. Julio en YouTube. Mira su canal <a href=\"https:\/\/www.youtube.com\/channel\/UCr2IQ_tZlWBv9fw0GYi0lMQ\/videos\">aqu\u00ed.<\/a><\/p>\n\n\t\t<\/div>\n\t<\/div>\n<div data-original-height=\"32\" class=\"vc_empty_space\" style=\" style=&quot;height: 32px&quot;\" >\n\t<span class=\"vc_empty_space_inner\"><\/span>\n<\/div>\n<div data-original-height=\"32\" class=\"vc_empty_space\" style=\" style=&quot;height: 32px&quot;\" >\n\t<span class=\"vc_empty_space_inner\"><\/span>\n<\/div>\n<div data-original-height=\"32\" class=\"vc_empty_space\" style=\" style=&quot;height: 32px&quot;\" >\n\t<span class=\"vc_empty_space_inner\"><\/span>\n<\/div>\n<\/div><\/div><\/div><\/div><\/div><div class=\"mkdf-blog-slider-holder\">\n\t\t\t\t\t\t<div class=\"mkdf-blog-slider-item\">\n\t\t\t\t<div class=\"mkdf-bs-item-image-holder\">\n\t\t\t\t\t\t\t\t\t\t<div class=\"mkdf-bs-item-content\">\n\t\t\t\t\t\t<div class=\"mkdf-bs-item-date\">\n\t\t\t\t\t\t\t<span>septiembre 5, 2025<\/span>\n\t\t\t\t\t\t<\/div>\n\t\t\t\t\t\t<div class=\"mkdf-bs-item-text\">\n\t\t\t\t\t\t\t<h2 class=\"mkdf-bs-item-title\"><a href=\"http:\/\/stjuliasilercity.org\/es\/young-people-are-awesome-christians\/\">Young People Are Awesome Christians<\/a><\/h2>\n\t\t\t\t\t\t\t\t\t\t\t\t\t\t\t<p class=\"mkdf-bs-item-excerpt\">Young People Are Awesome Christians On Sunday, September 7th, Pope Leo will declare that two young men, Carlo Acutis and Pier Giorgio Frassati are sai<\/p>\n\t\t\t\t\t\t\t\t\t\t\t\t\t<\/div>\n\t\t\t\t\t\t<div class=\"mkdf-bs-item-bottom-section\">\n\t\t\t\t\t\t\t<div class=\"mkdf-bs-item-author\">\n\t\t\t\t\t\t\t\t<a href=\"http:\/\/stjuliasilercity.org\/es\/author\/tamara-hill\/\">\n\t\t\t\t\t\t\t\t\t<span class=\"mkdf-post-item-author-avatar-holder\">\n\t\t\t\t\t\t\t\t\t\t<img alt='' src='https:\/\/secure.gravatar.com\/avatar\/e77b2091f78da8ed4c97c101884014a36cd35e98455e33f2ae9dd292b5941b59?s=30&#038;d=mm&#038;r=g' class='avatar avatar-30 photo' height='30' width='30' \/>\t\t\t\t\t\t\t\t\t<\/span>\n\t\t\t\t\t\t\t\t\t<span class=\"mkdf-post-item-author-name\">\n\t\t\t\t\t\t\t\t\t\tTamara Hill\t\t\t\t\t\t\t\t\t<\/span>\n\t\t\t\t\t\t\t\t<\/a>\n\t\t\t\t\t\t\t<\/div>\n\t\t\t\t\t\t\t<div class=\"mkdf-bs-item-categories\">\n\t\t\t\t\t\t\t\t<span aria-hidden=\"true\" class=\"mkdf-icon-font-elegant icon_tags\" ><\/span>\t\t\t\t\t\t\t\t<a href=\"http:\/\/stjuliasilercity.org\/es\/category\/from-the-heart\/\" rel=\"category tag\">Desde el coraz\u00f3n<\/a>\t\t\t\t\t\t\t<\/div>\n\t\t\t\t\t\t<\/div>\n\t\t\t\t\t<\/div>\n\t\t\t\t<\/div>\n\t\t\t<\/div>\n\t\t\t\t\t<div class=\"mkdf-blog-slider-item\">\n\t\t\t\t<div class=\"mkdf-bs-item-image-holder\">\n\t\t\t\t\t\t\t\t\t\t<div class=\"mkdf-bs-item-content\">\n\t\t\t\t\t\t<div class=\"mkdf-bs-item-date\">\n\t\t\t\t\t\t\t<span>octubre 17, 2021<\/span>\n\t\t\t\t\t\t<\/div>\n\t\t\t\t\t\t<div class=\"mkdf-bs-item-text\">\n\t\t\t\t\t\t\t<h2 class=\"mkdf-bs-item-title\"><a href=\"http:\/\/stjuliasilercity.org\/es\/with-courtesy-and-respect-we-build-the-heart-of-god\/\">Con la Cortes\u00eda y el Respeto Construimos el Coraz\u00f3n de Dios<\/a><\/h2>\n\t\t\t\t\t\t\t\t\t\t\t\t\t\t\t<p class=\"mkdf-bs-item-excerpt\">Our parish community represents the heart of God in this world. All of us, no matter how many times we come here, draw near in the hope of feeling the<\/p>\n\t\t\t\t\t\t\t\t\t\t\t\t\t<\/div>\n\t\t\t\t\t\t<div class=\"mkdf-bs-item-bottom-section\">\n\t\t\t\t\t\t\t<div class=\"mkdf-bs-item-author\">\n\t\t\t\t\t\t\t\t<a href=\"http:\/\/stjuliasilercity.org\/es\/author\/tamara-hill\/\">\n\t\t\t\t\t\t\t\t\t<span class=\"mkdf-post-item-author-avatar-holder\">\n\t\t\t\t\t\t\t\t\t\t<img alt='' src='https:\/\/secure.gravatar.com\/avatar\/e77b2091f78da8ed4c97c101884014a36cd35e98455e33f2ae9dd292b5941b59?s=30&#038;d=mm&#038;r=g' class='avatar avatar-30 photo' height='30' width='30' \/>\t\t\t\t\t\t\t\t\t<\/span>\n\t\t\t\t\t\t\t\t\t<span class=\"mkdf-post-item-author-name\">\n\t\t\t\t\t\t\t\t\t\tTamara Hill\t\t\t\t\t\t\t\t\t<\/span>\n\t\t\t\t\t\t\t\t<\/a>\n\t\t\t\t\t\t\t<\/div>\n\t\t\t\t\t\t\t<div class=\"mkdf-bs-item-categories\">\n\t\t\t\t\t\t\t\t<span aria-hidden=\"true\" class=\"mkdf-icon-font-elegant icon_tags\" ><\/span>\t\t\t\t\t\t\t\t<a href=\"http:\/\/stjuliasilercity.org\/es\/category\/from-the-heart\/\" rel=\"category tag\">Desde el coraz\u00f3n<\/a>\t\t\t\t\t\t\t<\/div>\n\t\t\t\t\t\t<\/div>\n\t\t\t\t\t<\/div>\n\t\t\t\t<\/div>\n\t\t\t<\/div>\n\t\t\t\t\t<div class=\"mkdf-blog-slider-item\">\n\t\t\t\t<div class=\"mkdf-bs-item-image-holder\">\n\t\t\t\t\t\t\t\t\t\t<div class=\"mkdf-bs-item-content\">\n\t\t\t\t\t\t<div class=\"mkdf-bs-item-date\">\n\t\t\t\t\t\t\t<span>diciembre 5, 2025<\/span>\n\t\t\t\t\t\t<\/div>\n\t\t\t\t\t\t<div class=\"mkdf-bs-item-text\">\n\t\t\t\t\t\t\t<h2 class=\"mkdf-bs-item-title\"><a href=\"http:\/\/stjuliasilercity.org\/es\/willingly-voluntariamente\/\">Willingly&#8230; \/ Voluntariamente<\/a><\/h2>\n\t\t\t\t\t\t\t\t\t\t\t\t\t\t\t<p class=\"mkdf-bs-item-excerpt\">Willingly, We Will Awaken to God. Willingly, We Will Respond Lovingly to God\u2019s Invitations. In Acts 17:28 we hear: \u201cFor in Him we live, and move, <\/p>\n\t\t\t\t\t\t\t\t\t\t\t\t\t<\/div>\n\t\t\t\t\t\t<div class=\"mkdf-bs-item-bottom-section\">\n\t\t\t\t\t\t\t<div class=\"mkdf-bs-item-author\">\n\t\t\t\t\t\t\t\t<a href=\"http:\/\/stjuliasilercity.org\/es\/author\/tamara-hill\/\">\n\t\t\t\t\t\t\t\t\t<span class=\"mkdf-post-item-author-avatar-holder\">\n\t\t\t\t\t\t\t\t\t\t<img alt='' src='https:\/\/secure.gravatar.com\/avatar\/e77b2091f78da8ed4c97c101884014a36cd35e98455e33f2ae9dd292b5941b59?s=30&#038;d=mm&#038;r=g' class='avatar avatar-30 photo' height='30' width='30' \/>\t\t\t\t\t\t\t\t\t<\/span>\n\t\t\t\t\t\t\t\t\t<span class=\"mkdf-post-item-author-name\">\n\t\t\t\t\t\t\t\t\t\tTamara Hill\t\t\t\t\t\t\t\t\t<\/span>\n\t\t\t\t\t\t\t\t<\/a>\n\t\t\t\t\t\t\t<\/div>\n\t\t\t\t\t\t\t<div class=\"mkdf-bs-item-categories\">\n\t\t\t\t\t\t\t\t<span aria-hidden=\"true\" class=\"mkdf-icon-font-elegant icon_tags\" ><\/span>\t\t\t\t\t\t\t\t<a href=\"http:\/\/stjuliasilercity.org\/es\/category\/from-the-heart\/\" rel=\"category tag\">Desde el coraz\u00f3n<\/a>\t\t\t\t\t\t\t<\/div>\n\t\t\t\t\t\t<\/div>\n\t\t\t\t\t<\/div>\n\t\t\t\t<\/div>\n\t\t\t<\/div>\n\t\t\t\t\t<div class=\"mkdf-blog-slider-item\">\n\t\t\t\t<div class=\"mkdf-bs-item-image-holder\">\n\t\t\t\t\t\t\t\t\t\t<div class=\"mkdf-bs-item-content\">\n\t\t\t\t\t\t<div class=\"mkdf-bs-item-date\">\n\t\t\t\t\t\t\t<span>octubre 23, 2022<\/span>\n\t\t\t\t\t\t<\/div>\n\t\t\t\t\t\t<div class=\"mkdf-bs-item-text\">\n\t\t\t\t\t\t\t<h2 class=\"mkdf-bs-item-title\"><a href=\"http:\/\/stjuliasilercity.org\/es\/when-will-we-learn\/\">\u00bfCu\u00e1ndo aprenderemos?\u201d<\/a><\/h2>\n\t\t\t\t\t\t\t\t\t\t\t\t\t\t\t<p class=\"mkdf-bs-item-excerpt\">Once in a while we need to talk about what sometimes consumes us with concern. With elections of all kinds upon us, we, once again, become aware of ho<\/p>\n\t\t\t\t\t\t\t\t\t\t\t\t\t<\/div>\n\t\t\t\t\t\t<div class=\"mkdf-bs-item-bottom-section\">\n\t\t\t\t\t\t\t<div class=\"mkdf-bs-item-author\">\n\t\t\t\t\t\t\t\t<a href=\"http:\/\/stjuliasilercity.org\/es\/author\/tamara-hill\/\">\n\t\t\t\t\t\t\t\t\t<span class=\"mkdf-post-item-author-avatar-holder\">\n\t\t\t\t\t\t\t\t\t\t<img alt='' src='https:\/\/secure.gravatar.com\/avatar\/e77b2091f78da8ed4c97c101884014a36cd35e98455e33f2ae9dd292b5941b59?s=30&#038;d=mm&#038;r=g' class='avatar avatar-30 photo' height='30' width='30' \/>\t\t\t\t\t\t\t\t\t<\/span>\n\t\t\t\t\t\t\t\t\t<span class=\"mkdf-post-item-author-name\">\n\t\t\t\t\t\t\t\t\t\tTamara Hill\t\t\t\t\t\t\t\t\t<\/span>\n\t\t\t\t\t\t\t\t<\/a>\n\t\t\t\t\t\t\t<\/div>\n\t\t\t\t\t\t\t<div class=\"mkdf-bs-item-categories\">\n\t\t\t\t\t\t\t\t<span aria-hidden=\"true\" class=\"mkdf-icon-font-elegant icon_tags\" ><\/span>\t\t\t\t\t\t\t\t<a href=\"http:\/\/stjuliasilercity.org\/es\/category\/from-the-heart\/\" rel=\"category tag\">Desde el coraz\u00f3n<\/a>\t\t\t\t\t\t\t<\/div>\n\t\t\t\t\t\t<\/div>\n\t\t\t\t\t<\/div>\n\t\t\t\t<\/div>\n\t\t\t<\/div>\n\t\t\t\t\t<div class=\"mkdf-blog-slider-item\">\n\t\t\t\t<div class=\"mkdf-bs-item-image-holder\">\n\t\t\t\t\t\t\t\t\t\t<div class=\"mkdf-bs-item-content\">\n\t\t\t\t\t\t<div class=\"mkdf-bs-item-date\">\n\t\t\t\t\t\t\t<span>agosto 22, 2025<\/span>\n\t\t\t\t\t\t<\/div>\n\t\t\t\t\t\t<div class=\"mkdf-bs-item-text\">\n\t\t\t\t\t\t\t<h2 class=\"mkdf-bs-item-title\"><a href=\"http:\/\/stjuliasilercity.org\/es\/when-the-well-runs-dry-cuando-el-pozo-se-seca\/\">When the Well Runs Dry \/ Cuando el Pozo se Seca<\/a><\/h2>\n\t\t\t\t\t\t\t\t\t\t\t\t\t\t\t<p class=\"mkdf-bs-item-excerpt\">When the Well Runs Dry That is the title of a book that was published many years ago. It speaks about those times when we feel spiritually dry without<\/p>\n\t\t\t\t\t\t\t\t\t\t\t\t\t<\/div>\n\t\t\t\t\t\t<div class=\"mkdf-bs-item-bottom-section\">\n\t\t\t\t\t\t\t<div class=\"mkdf-bs-item-author\">\n\t\t\t\t\t\t\t\t<a href=\"http:\/\/stjuliasilercity.org\/es\/author\/tamara-hill\/\">\n\t\t\t\t\t\t\t\t\t<span class=\"mkdf-post-item-author-avatar-holder\">\n\t\t\t\t\t\t\t\t\t\t<img alt='' src='https:\/\/secure.gravatar.com\/avatar\/e77b2091f78da8ed4c97c101884014a36cd35e98455e33f2ae9dd292b5941b59?s=30&#038;d=mm&#038;r=g' class='avatar avatar-30 photo' height='30' width='30' \/>\t\t\t\t\t\t\t\t\t<\/span>\n\t\t\t\t\t\t\t\t\t<span class=\"mkdf-post-item-author-name\">\n\t\t\t\t\t\t\t\t\t\tTamara Hill\t\t\t\t\t\t\t\t\t<\/span>\n\t\t\t\t\t\t\t\t<\/a>\n\t\t\t\t\t\t\t<\/div>\n\t\t\t\t\t\t\t<div class=\"mkdf-bs-item-categories\">\n\t\t\t\t\t\t\t\t<span aria-hidden=\"true\" class=\"mkdf-icon-font-elegant icon_tags\" ><\/span>\t\t\t\t\t\t\t\t<a href=\"http:\/\/stjuliasilercity.org\/es\/category\/from-the-heart\/\" rel=\"category tag\">Desde el coraz\u00f3n<\/a>\t\t\t\t\t\t\t<\/div>\n\t\t\t\t\t\t<\/div>\n\t\t\t\t\t<\/div>\n\t\t\t\t<\/div>\n\t\t\t<\/div>\n\t\t\t\t\t<div class=\"mkdf-blog-slider-item\">\n\t\t\t\t<div class=\"mkdf-bs-item-image-holder\">\n\t\t\t\t\t\t\t\t\t\t<div class=\"mkdf-bs-item-content\">\n\t\t\t\t\t\t<div class=\"mkdf-bs-item-date\">\n\t\t\t\t\t\t\t<span>septiembre 29, 2022<\/span>\n\t\t\t\t\t\t<\/div>\n\t\t\t\t\t\t<div class=\"mkdf-bs-item-text\">\n\t\t\t\t\t\t\t<h2 class=\"mkdf-bs-item-title\"><a href=\"http:\/\/stjuliasilercity.org\/es\/whatever-you-do-to-the-least-of-your-sisters-and-brothers-you-do-to-me\/\">Todo lo que hagan al m\u00e1s peque\u00f1o de sus hermanos y hermanas, me lo hacen a m\u00ed<\/a><\/h2>\n\t\t\t\t\t\t\t\t\t\t\t\t\t\t\t<p class=\"mkdf-bs-item-excerpt\">My dear sisters and brothers in faith and hope, How important it is for us as Christians to never forget the needy among us. You, the people of St. Ju<\/p>\n\t\t\t\t\t\t\t\t\t\t\t\t\t<\/div>\n\t\t\t\t\t\t<div class=\"mkdf-bs-item-bottom-section\">\n\t\t\t\t\t\t\t<div class=\"mkdf-bs-item-author\">\n\t\t\t\t\t\t\t\t<a href=\"http:\/\/stjuliasilercity.org\/es\/author\/tamara-hill\/\">\n\t\t\t\t\t\t\t\t\t<span class=\"mkdf-post-item-author-avatar-holder\">\n\t\t\t\t\t\t\t\t\t\t<img alt='' src='https:\/\/secure.gravatar.com\/avatar\/e77b2091f78da8ed4c97c101884014a36cd35e98455e33f2ae9dd292b5941b59?s=30&#038;d=mm&#038;r=g' class='avatar avatar-30 photo' height='30' width='30' \/>\t\t\t\t\t\t\t\t\t<\/span>\n\t\t\t\t\t\t\t\t\t<span class=\"mkdf-post-item-author-name\">\n\t\t\t\t\t\t\t\t\t\tTamara Hill\t\t\t\t\t\t\t\t\t<\/span>\n\t\t\t\t\t\t\t\t<\/a>\n\t\t\t\t\t\t\t<\/div>\n\t\t\t\t\t\t\t<div class=\"mkdf-bs-item-categories\">\n\t\t\t\t\t\t\t\t<span aria-hidden=\"true\" class=\"mkdf-icon-font-elegant icon_tags\" ><\/span>\t\t\t\t\t\t\t\t<a href=\"http:\/\/stjuliasilercity.org\/es\/category\/from-the-heart\/\" rel=\"category tag\">Desde el coraz\u00f3n<\/a>\t\t\t\t\t\t\t<\/div>\n\t\t\t\t\t\t<\/div>\n\t\t\t\t\t<\/div>\n\t\t\t\t<\/div>\n\t\t\t<\/div>\n\t\t\t\t\t<div class=\"mkdf-blog-slider-item\">\n\t\t\t\t<div class=\"mkdf-bs-item-image-holder\">\n\t\t\t\t\t\t\t\t\t\t<div class=\"mkdf-bs-item-content\">\n\t\t\t\t\t\t<div class=\"mkdf-bs-item-date\">\n\t\t\t\t\t\t\t<span>diciembre 17, 2025<\/span>\n\t\t\t\t\t\t<\/div>\n\t\t\t\t\t\t<div class=\"mkdf-bs-item-text\">\n\t\t\t\t\t\t\t<h2 class=\"mkdf-bs-item-title\"><a href=\"http:\/\/stjuliasilercity.org\/es\/we-shall-not-ignore\/\">We Shall Not Ignore \/ No ignoraremos<\/a><\/h2>\n\t\t\t\t\t\t\t\t\t\t\t\t\t\t\t<p class=\"mkdf-bs-item-excerpt\">We Shall Not Ignore the Holy Families. We Will Not Forget You. This picture captures the many families throughout the world who find themselves homele<\/p>\n\t\t\t\t\t\t\t\t\t\t\t\t\t<\/div>\n\t\t\t\t\t\t<div class=\"mkdf-bs-item-bottom-section\">\n\t\t\t\t\t\t\t<div class=\"mkdf-bs-item-author\">\n\t\t\t\t\t\t\t\t<a href=\"http:\/\/stjuliasilercity.org\/es\/author\/tamara-hill\/\">\n\t\t\t\t\t\t\t\t\t<span class=\"mkdf-post-item-author-avatar-holder\">\n\t\t\t\t\t\t\t\t\t\t<img alt='' src='https:\/\/secure.gravatar.com\/avatar\/e77b2091f78da8ed4c97c101884014a36cd35e98455e33f2ae9dd292b5941b59?s=30&#038;d=mm&#038;r=g' class='avatar avatar-30 photo' height='30' width='30' \/>\t\t\t\t\t\t\t\t\t<\/span>\n\t\t\t\t\t\t\t\t\t<span class=\"mkdf-post-item-author-name\">\n\t\t\t\t\t\t\t\t\t\tTamara Hill\t\t\t\t\t\t\t\t\t<\/span>\n\t\t\t\t\t\t\t\t<\/a>\n\t\t\t\t\t\t\t<\/div>\n\t\t\t\t\t\t\t<div class=\"mkdf-bs-item-categories\">\n\t\t\t\t\t\t\t\t<span aria-hidden=\"true\" class=\"mkdf-icon-font-elegant icon_tags\" ><\/span>\t\t\t\t\t\t\t\t<a href=\"http:\/\/stjuliasilercity.org\/es\/category\/from-the-heart\/\" rel=\"category tag\">Desde el coraz\u00f3n<\/a>\t\t\t\t\t\t\t<\/div>\n\t\t\t\t\t\t<\/div>\n\t\t\t\t\t<\/div>\n\t\t\t\t<\/div>\n\t\t\t<\/div>\n\t\t\t\t\t<div class=\"mkdf-blog-slider-item\">\n\t\t\t\t<div class=\"mkdf-bs-item-image-holder\">\n\t\t\t\t\t\t\t\t\t\t<div class=\"mkdf-bs-item-content\">\n\t\t\t\t\t\t<div class=\"mkdf-bs-item-date\">\n\t\t\t\t\t\t\t<span>febrero 28, 2025<\/span>\n\t\t\t\t\t\t<\/div>\n\t\t\t\t\t\t<div class=\"mkdf-bs-item-text\">\n\t\t\t\t\t\t\t<h2 class=\"mkdf-bs-item-title\"><a href=\"http:\/\/stjuliasilercity.org\/es\/we-see-divine\/\">We See Ourselves in the Divine \/ Nos Vemos en lo Divino<\/a><\/h2>\n\t\t\t\t\t\t\t\t\t\t\t\t\t\t\t<p class=\"mkdf-bs-item-excerpt\">We See Ourselves In the Divine and the Divinity Reveals Us to Ourselves. In the world of the Sacred we can always find ourselves. In the world of the <\/p>\n\t\t\t\t\t\t\t\t\t\t\t\t\t<\/div>\n\t\t\t\t\t\t<div class=\"mkdf-bs-item-bottom-section\">\n\t\t\t\t\t\t\t<div class=\"mkdf-bs-item-author\">\n\t\t\t\t\t\t\t\t<a href=\"http:\/\/stjuliasilercity.org\/es\/author\/tamara-hill\/\">\n\t\t\t\t\t\t\t\t\t<span class=\"mkdf-post-item-author-avatar-holder\">\n\t\t\t\t\t\t\t\t\t\t<img alt='' src='https:\/\/secure.gravatar.com\/avatar\/e77b2091f78da8ed4c97c101884014a36cd35e98455e33f2ae9dd292b5941b59?s=30&#038;d=mm&#038;r=g' class='avatar avatar-30 photo' height='30' width='30' \/>\t\t\t\t\t\t\t\t\t<\/span>\n\t\t\t\t\t\t\t\t\t<span class=\"mkdf-post-item-author-name\">\n\t\t\t\t\t\t\t\t\t\tTamara Hill\t\t\t\t\t\t\t\t\t<\/span>\n\t\t\t\t\t\t\t\t<\/a>\n\t\t\t\t\t\t\t<\/div>\n\t\t\t\t\t\t\t<div class=\"mkdf-bs-item-categories\">\n\t\t\t\t\t\t\t\t<span aria-hidden=\"true\" class=\"mkdf-icon-font-elegant icon_tags\" ><\/span>\t\t\t\t\t\t\t\t<a href=\"http:\/\/stjuliasilercity.org\/es\/category\/from-the-heart\/\" rel=\"category tag\">Desde el coraz\u00f3n<\/a>\t\t\t\t\t\t\t<\/div>\n\t\t\t\t\t\t<\/div>\n\t\t\t\t\t<\/div>\n\t\t\t\t<\/div>\n\t\t\t<\/div>\n\t\t\t\t\t<div class=\"mkdf-blog-slider-item\">\n\t\t\t\t<div class=\"mkdf-bs-item-image-holder\">\n\t\t\t\t\t\t\t\t\t\t<div class=\"mkdf-bs-item-content\">\n\t\t\t\t\t\t<div class=\"mkdf-bs-item-date\">\n\t\t\t\t\t\t\t<span>junio 26, 2022<\/span>\n\t\t\t\t\t\t<\/div>\n\t\t\t\t\t\t<div class=\"mkdf-bs-item-text\">\n\t\t\t\t\t\t\t<h2 class=\"mkdf-bs-item-title\"><a href=\"http:\/\/stjuliasilercity.org\/es\/we-must-register-as-parishioners-of-st-julia\/\">Debemos registrarnos como feligreses de St. Julia<\/a><\/h2>\n\t\t\t\t\t\t\t\t\t\t\t\t\t\t\t<p class=\"mkdf-bs-item-excerpt\">Please, let me explain to you why we must all be registered parishioners in our parish community. Although this concept of registering in a parish doe<\/p>\n\t\t\t\t\t\t\t\t\t\t\t\t\t<\/div>\n\t\t\t\t\t\t<div class=\"mkdf-bs-item-bottom-section\">\n\t\t\t\t\t\t\t<div class=\"mkdf-bs-item-author\">\n\t\t\t\t\t\t\t\t<a href=\"http:\/\/stjuliasilercity.org\/es\/author\/tamara-hill\/\">\n\t\t\t\t\t\t\t\t\t<span class=\"mkdf-post-item-author-avatar-holder\">\n\t\t\t\t\t\t\t\t\t\t<img alt='' src='https:\/\/secure.gravatar.com\/avatar\/e77b2091f78da8ed4c97c101884014a36cd35e98455e33f2ae9dd292b5941b59?s=30&#038;d=mm&#038;r=g' class='avatar avatar-30 photo' height='30' width='30' \/>\t\t\t\t\t\t\t\t\t<\/span>\n\t\t\t\t\t\t\t\t\t<span class=\"mkdf-post-item-author-name\">\n\t\t\t\t\t\t\t\t\t\tTamara Hill\t\t\t\t\t\t\t\t\t<\/span>\n\t\t\t\t\t\t\t\t<\/a>\n\t\t\t\t\t\t\t<\/div>\n\t\t\t\t\t\t\t<div class=\"mkdf-bs-item-categories\">\n\t\t\t\t\t\t\t\t<span aria-hidden=\"true\" class=\"mkdf-icon-font-elegant icon_tags\" ><\/span>\t\t\t\t\t\t\t\t<a href=\"http:\/\/stjuliasilercity.org\/es\/category\/from-the-heart\/\" rel=\"category tag\">Desde el coraz\u00f3n<\/a>\t\t\t\t\t\t\t<\/div>\n\t\t\t\t\t\t<\/div>\n\t\t\t\t\t<\/div>\n\t\t\t\t<\/div>\n\t\t\t<\/div>\n\t\t\t\t\t<div class=\"mkdf-blog-slider-item\">\n\t\t\t\t<div class=\"mkdf-bs-item-image-holder\">\n\t\t\t\t\t\t\t\t\t\t<div class=\"mkdf-bs-item-content\">\n\t\t\t\t\t\t<div class=\"mkdf-bs-item-date\">\n\t\t\t\t\t\t\t<span>agosto 6, 2022<\/span>\n\t\t\t\t\t\t<\/div>\n\t\t\t\t\t\t<div class=\"mkdf-bs-item-text\">\n\t\t\t\t\t\t\t<h2 class=\"mkdf-bs-item-title\"><a href=\"http:\/\/stjuliasilercity.org\/es\/we-must-register-as-parishioners-of-st-julia-2\/\">Debemos registrarnos como feligreses de St. Julia<\/a><\/h2>\n\t\t\t\t\t\t\t\t\t\t\t\t\t\t\t<p class=\"mkdf-bs-item-excerpt\">Please, let me explain to you why we must all be registered parishioners in our parish community. Although this concept of registering in a parish doe<\/p>\n\t\t\t\t\t\t\t\t\t\t\t\t\t<\/div>\n\t\t\t\t\t\t<div class=\"mkdf-bs-item-bottom-section\">\n\t\t\t\t\t\t\t<div class=\"mkdf-bs-item-author\">\n\t\t\t\t\t\t\t\t<a href=\"http:\/\/stjuliasilercity.org\/es\/author\/tamara-hill\/\">\n\t\t\t\t\t\t\t\t\t<span class=\"mkdf-post-item-author-avatar-holder\">\n\t\t\t\t\t\t\t\t\t\t<img alt='' src='https:\/\/secure.gravatar.com\/avatar\/e77b2091f78da8ed4c97c101884014a36cd35e98455e33f2ae9dd292b5941b59?s=30&#038;d=mm&#038;r=g' class='avatar avatar-30 photo' height='30' width='30' \/>\t\t\t\t\t\t\t\t\t<\/span>\n\t\t\t\t\t\t\t\t\t<span class=\"mkdf-post-item-author-name\">\n\t\t\t\t\t\t\t\t\t\tTamara Hill\t\t\t\t\t\t\t\t\t<\/span>\n\t\t\t\t\t\t\t\t<\/a>\n\t\t\t\t\t\t\t<\/div>\n\t\t\t\t\t\t\t<div class=\"mkdf-bs-item-categories\">\n\t\t\t\t\t\t\t\t<span aria-hidden=\"true\" class=\"mkdf-icon-font-elegant icon_tags\" ><\/span>\t\t\t\t\t\t\t\t<a href=\"http:\/\/stjuliasilercity.org\/es\/category\/from-the-heart\/\" rel=\"category tag\">Desde el coraz\u00f3n<\/a>\t\t\t\t\t\t\t<\/div>\n\t\t\t\t\t\t<\/div>\n\t\t\t\t\t<\/div>\n\t\t\t\t<\/div>\n\t\t\t<\/div>\n\t\t\t\t\t<\/div><\/div><\/div><\/div><\/div><\/div>\n<\/div>","protected":false},"excerpt":{"rendered":"Please, let me explain to you why we must all be registered parishioners in our parish community. Although this concept of registering in a parish does not exist in other countries, it...","protected":false},"author":6,"featured_media":0,"parent":368,"menu_order":0,"comment_status":"closed","ping_status":"closed","template":"blog-standard.php","meta":{"advanced_seo_description":"","jetpack_seo_html_title":"","jetpack_seo_noindex":false,"footnotes":""},"class_list":["post-4574","page","type-page","status-publish","hentry"],"jetpack_sharing_enabled":true,"_links":{"self":[{"href":"http:\/\/stjuliasilercity.org\/es\/wp-json\/wp\/v2\/pages\/4574","targetHints":{"allow":["GET"]}}],"collection":[{"href":"http:\/\/stjuliasilercity.org\/es\/wp-json\/wp\/v2\/pages"}],"about":[{"href":"http:\/\/stjuliasilercity.org\/es\/wp-json\/wp\/v2\/types\/page"}],"author":[{"embeddable":true,"href":"http:\/\/stjuliasilercity.org\/es\/wp-json\/wp\/v2\/users\/6"}],"replies":[{"embeddable":true,"href":"http:\/\/stjuliasilercity.org\/es\/wp-json\/wp\/v2\/comments?post=4574"}],"version-history":[{"count":15,"href":"http:\/\/stjuliasilercity.org\/es\/wp-json\/wp\/v2\/pages\/4574\/revisions"}],"predecessor-version":[{"id":12337,"href":"http:\/\/stjuliasilercity.org\/es\/wp-json\/wp\/v2\/pages\/4574\/revisions\/12337"}],"up":[{"embeddable":true,"href":"http:\/\/stjuliasilercity.org\/es\/wp-json\/wp\/v2\/pages\/368"}],"wp:attachment":[{"href":"http:\/\/stjuliasilercity.org\/es\/wp-json\/wp\/v2\/media?parent=4574"}],"curies":[{"name":"wp","href":"https:\/\/api.w.org\/{rel}","templated":true}]}}